{"id":35,"date":"2016-07-11T15:40:11","date_gmt":"2016-07-11T18:40:11","guid":{"rendered":"https:\/\/wp.ufpel.edu.br\/conservatoriodemusica\/?page_id=35"},"modified":"2018-03-13T13:23:27","modified_gmt":"2018-03-13T16:23:27","slug":"salao-milton-de-lemos","status":"publish","type":"page","link":"https:\/\/wp.ufpel.edu.br\/conservatoriodemusica\/atividades\/salao-milton-de-lemos\/","title":{"rendered":"Sal\u00e3o Milton de Lemos"},"content":{"rendered":"<p><img loading=\"lazy\" decoding=\"async\" class=\"size-full wp-image-98 alignleft\" src=\"https:\/\/wp.ufpel.edu.br\/conservatoriodemusica\/files\/2016\/07\/SAL\u00c3O1.jpg\" alt=\"SAL\u00c3O1\" width=\"256\" height=\"160\" srcset=\"https:\/\/wp.ufpel.edu.br\/conservatoriodemusica\/files\/2016\/07\/SAL\u00c3O1.jpg 256w, https:\/\/wp.ufpel.edu.br\/conservatoriodemusica\/files\/2016\/07\/SAL\u00c3O1-212x133.jpg 212w\" sizes=\"auto, (max-width: 256px) 100vw, 256px\" \/><\/p>\n<p>O Conservat\u00f3rio de M\u00fasica tomou para si a tarefa de promo\u00e7\u00e3o e organiza\u00e7\u00e3o dos concertos que se realizam na cidade, tanto dos alunos da escola como de artistas convidados, ao longo de sua hist\u00f3ria, foram v\u00e1rias as diretorias que conduziram as atividades desenvolvidas no Conservat\u00f3rio. Dentre elas, foi not\u00e1vel o trabalho realizado pelo ex-diretor Milton de Lemos. No per\u00edodo de 1923 a 1954, o grande mestre reuniu seus esfor\u00e7os atrav\u00e9s da Sociedade de Cultura Art\u00edstica (\u00f3rg\u00e3o do qual foi fundador) trazendo a Pelotas artistas consagrados no Brasil e no mundo. Grandes nomes como Arthur Rubinstein, Magdalena Tagliaferro, Guiomar Novaes, Andr\u00e9s Seg\u00f3via, Francisco Mignone, Claudio Arrau, Jacques Thiabaud, Conchita Badia, entre outros, aqui se apresentaram e contribu\u00edram para firmar e levar a imagem cultural de Pelotas para fora do Estado, ainda podemos citar Nelson Freire, Hermeto Pascoal, Olinda Alessandrini, Fl\u00e1vio Leite.<\/p>\n<p>Poder\u00edamos sintetizar a import\u00e2ncia da atividade do Conservat\u00f3rio na promo\u00e7\u00e3o de concertos da seguinte forma: primeiramente, por aproximar a comunidade a novos artistas e repert\u00f3rios; logo, por despertar a curiosidade e o entusiasmo dos jovens para a m\u00fasica e por \u00faltimo contribuir para a forma\u00e7\u00e3o de plat\u00e9ias e para um p\u00fablico apreciador da arte musical.<\/p>\n<p>&nbsp;<\/p>\n","protected":false},"excerpt":{"rendered":"<p>O Conservat\u00f3rio de M\u00fasica tomou para si a tarefa de promo\u00e7\u00e3o e organiza\u00e7\u00e3o dos concertos que se realizam na cidade, tanto dos alunos da escola como de artistas convidados, ao longo de sua hist\u00f3ria, foram v\u00e1rias as diretorias que conduziram &hellip; <a href=\"https:\/\/wp.ufpel.edu.br\/conservatoriodemusica\/atividades\/salao-milton-de-lemos\/\">Continue lendo <span class=\"meta-nav\">&rarr;<\/span><\/a><\/p>\n","protected":false},"author":452,"featured_media":0,"parent":16,"menu_order":0,"comment_status":"closed","ping_status":"closed","template":"","meta":{"footnotes":""},"class_list":["post-35","page","type-page","status-publish","hentry"],"_links":{"self":[{"href":"https:\/\/wp.ufpel.edu.br\/conservatoriodemusica\/wp-json\/wp\/v2\/pages\/35","targetHints":{"allow":["GET"]}}],"collection":[{"href":"https:\/\/wp.ufpel.edu.br\/conservatoriodemusica\/wp-json\/wp\/v2\/pages"}],"about":[{"href":"https:\/\/wp.ufpel.edu.br\/conservatoriodemusica\/wp-json\/wp\/v2\/types\/page"}],"author":[{"embeddable":true,"href":"https:\/\/wp.ufpel.edu.br\/conservatoriodemusica\/wp-json\/wp\/v2\/users\/452"}],"replies":[{"embeddable":true,"href":"https:\/\/wp.ufpel.edu.br\/conservatoriodemusica\/wp-json\/wp\/v2\/comments?post=35"}],"version-history":[{"count":5,"href":"https:\/\/wp.ufpel.edu.br\/conservatoriodemusica\/wp-json\/wp\/v2\/pages\/35\/revisions"}],"predecessor-version":[{"id":345,"href":"https:\/\/wp.ufpel.edu.br\/conservatoriodemusica\/wp-json\/wp\/v2\/pages\/35\/revisions\/345"}],"up":[{"embeddable":true,"href":"https:\/\/wp.ufpel.edu.br\/conservatoriodemusica\/wp-json\/wp\/v2\/pages\/16"}],"wp:attachment":[{"href":"https:\/\/wp.ufpel.edu.br\/conservatoriodemusica\/wp-json\/wp\/v2\/media?parent=35"}],"curies":[{"name":"wp","href":"https:\/\/api.w.org\/{rel}","templated":true}]}}