{"id":25,"date":"2016-07-11T15:24:55","date_gmt":"2016-07-11T18:24:55","guid":{"rendered":"https:\/\/wp.ufpel.edu.br\/conservatoriodemusica\/?page_id=25"},"modified":"2018-03-13T13:30:29","modified_gmt":"2018-03-13T16:30:29","slug":"centro-de-documentacao-historica","status":"publish","type":"page","link":"https:\/\/wp.ufpel.edu.br\/conservatoriodemusica\/atividades\/centro-de-documentacao-historica\/","title":{"rendered":"Centro de Documenta\u00e7\u00e3o Hist\u00f3rica"},"content":{"rendered":"<p><img loading=\"lazy\" decoding=\"async\" class=\"alignnone size-medium wp-image-346 alignleft\" src=\"https:\/\/wp.ufpel.edu.br\/conservatoriodemusica\/files\/2018\/03\/Galeria-fotos-424x318.jpg\" alt=\"\" width=\"424\" height=\"318\" srcset=\"https:\/\/wp.ufpel.edu.br\/conservatoriodemusica\/files\/2018\/03\/Galeria-fotos-424x318.jpg 424w, https:\/\/wp.ufpel.edu.br\/conservatoriodemusica\/files\/2018\/03\/Galeria-fotos-212x159.jpg 212w, https:\/\/wp.ufpel.edu.br\/conservatoriodemusica\/files\/2018\/03\/Galeria-fotos-768x576.jpg 768w, https:\/\/wp.ufpel.edu.br\/conservatoriodemusica\/files\/2018\/03\/Galeria-fotos.jpg 960w\" sizes=\"auto, (max-width: 424px) 100vw, 424px\" \/>O Centro de Documenta\u00e7\u00e3o Musical do Conservat\u00f3rio de M\u00fasica, idealizado pela professora Dra. Isabel Porto Nogueira, abarca todo o Acervo Hist\u00f3rico pertencente ao Conservat\u00f3rio de Musica. Tem por objetivos reunir e organizar o acervo de imagens e documentos em um \u00fanico espa\u00e7o, disponibilizando-o aos pesquisadores, alunos e professores; fomentar atividades de pesquisa e reintegrar, atrav\u00e9s de sensibiliza\u00e7\u00e3o na comunidade, materiais referentes a hist\u00f3ria e a pr\u00e1tica da m\u00fasica na cidade de Pelotas. O Conservat\u00f3rio de M\u00fasica possui um significativo acervo de imagens fotogr\u00e1ficas estimado em mais de 800 objetos, que retrata o desenvolvimento da pr\u00f3pria vida musical da cidade de Pelotas, tra\u00e7ando rela\u00e7\u00f5es sobre o significado atribu\u00eddo por esta cidade \u00e0 m\u00fasica erudita e as transforma\u00e7\u00f5es destes significados ao longo da trajet\u00f3ria da escola.<\/p>\n<p>&nbsp;<\/p>\n","protected":false},"excerpt":{"rendered":"<p>O Centro de Documenta\u00e7\u00e3o Musical do Conservat\u00f3rio de M\u00fasica, idealizado pela professora Dra. Isabel Porto Nogueira, abarca todo o Acervo Hist\u00f3rico pertencente ao Conservat\u00f3rio de Musica. Tem por objetivos reunir e organizar o acervo de imagens e documentos em um &hellip; <a href=\"https:\/\/wp.ufpel.edu.br\/conservatoriodemusica\/atividades\/centro-de-documentacao-historica\/\">Continue lendo <span class=\"meta-nav\">&rarr;<\/span><\/a><\/p>\n","protected":false},"author":452,"featured_media":0,"parent":16,"menu_order":0,"comment_status":"closed","ping_status":"closed","template":"","meta":{"footnotes":""},"class_list":["post-25","page","type-page","status-publish","hentry"],"_links":{"self":[{"href":"https:\/\/wp.ufpel.edu.br\/conservatoriodemusica\/wp-json\/wp\/v2\/pages\/25","targetHints":{"allow":["GET"]}}],"collection":[{"href":"https:\/\/wp.ufpel.edu.br\/conservatoriodemusica\/wp-json\/wp\/v2\/pages"}],"about":[{"href":"https:\/\/wp.ufpel.edu.br\/conservatoriodemusica\/wp-json\/wp\/v2\/types\/page"}],"author":[{"embeddable":true,"href":"https:\/\/wp.ufpel.edu.br\/conservatoriodemusica\/wp-json\/wp\/v2\/users\/452"}],"replies":[{"embeddable":true,"href":"https:\/\/wp.ufpel.edu.br\/conservatoriodemusica\/wp-json\/wp\/v2\/comments?post=25"}],"version-history":[{"count":3,"href":"https:\/\/wp.ufpel.edu.br\/conservatoriodemusica\/wp-json\/wp\/v2\/pages\/25\/revisions"}],"predecessor-version":[{"id":348,"href":"https:\/\/wp.ufpel.edu.br\/conservatoriodemusica\/wp-json\/wp\/v2\/pages\/25\/revisions\/348"}],"up":[{"embeddable":true,"href":"https:\/\/wp.ufpel.edu.br\/conservatoriodemusica\/wp-json\/wp\/v2\/pages\/16"}],"wp:attachment":[{"href":"https:\/\/wp.ufpel.edu.br\/conservatoriodemusica\/wp-json\/wp\/v2\/media?parent=25"}],"curies":[{"name":"wp","href":"https:\/\/api.w.org\/{rel}","templated":true}]}}