{"id":22,"date":"2016-07-11T15:24:31","date_gmt":"2016-07-11T18:24:31","guid":{"rendered":"https:\/\/wp.ufpel.edu.br\/conservatoriodemusica\/?page_id=22"},"modified":"2018-03-13T13:33:50","modified_gmt":"2018-03-13T16:33:50","slug":"associacao-amigos-do-conservatorio-de-musica","status":"publish","type":"page","link":"https:\/\/wp.ufpel.edu.br\/conservatoriodemusica\/atividades\/associacao-amigos-do-conservatorio-de-musica\/","title":{"rendered":"Associa\u00e7\u00e3o Amigos do Conservat\u00f3rio de M\u00fasica"},"content":{"rendered":"<div><img loading=\"lazy\" decoding=\"async\" class=\"alignnone size-medium wp-image-352 alignleft\" src=\"https:\/\/wp.ufpel.edu.br\/conservatoriodemusica\/files\/2018\/03\/Logo-Priorit\u00e1rio_PNG-265x318.png\" alt=\"\" width=\"265\" height=\"318\" srcset=\"https:\/\/wp.ufpel.edu.br\/conservatoriodemusica\/files\/2018\/03\/Logo-Priorit\u00e1rio_PNG-265x318.png 265w, https:\/\/wp.ufpel.edu.br\/conservatoriodemusica\/files\/2018\/03\/Logo-Priorit\u00e1rio_PNG-133x159.png 133w, https:\/\/wp.ufpel.edu.br\/conservatoriodemusica\/files\/2018\/03\/Logo-Priorit\u00e1rio_PNG.png 615w\" sizes=\"auto, (max-width: 265px) 100vw, 265px\" \/><span style=\"font-size: 12pt\">Em 04 de junho de 1918, um grupo de cidad\u00e3os pelotenses amigos da arte e da m\u00fasica, fundaram a institui\u00e7\u00e3o que teve, em 18 de setembro do mesmo ano, o in\u00edcio de suas atividades com o ensino do piano, violino, canto, teoria e solfejo, ficando desta forma, esta data como o marco da funda\u00e7\u00e3o do Conservat\u00f3rio de M\u00fasica de Pelotas, sendo a primeira institui\u00e7\u00e3o oficial fundada especialmente para o ensino da m\u00fasica na cidade; a segunda entidade no g\u00eanero a ser fundada no Rio Grande do Sul, e a quinta no Brasil.<\/span><\/div>\n<div><span style=\"font-size: 12pt\">O compromisso do Conservat\u00f3rio de M\u00fasica com a promo\u00e7\u00e3o da cultura e a constru\u00e7\u00e3o da cidadania permeia suas atividades desde a funda\u00e7\u00e3o. Como tomou para si a tarefa de promo\u00e7\u00e3o e organiza\u00e7\u00e3o dos concertos que se realizavam na cidade, tanto dos alunos da escola como de artistas convidados, a trajet\u00f3ria do Conservat\u00f3rio de M\u00fasica \u00e9 parte indissoci\u00e1vel da pr\u00f3pria hist\u00f3ria da m\u00fasica na cidade.<\/span><\/div>\n<div><span style=\"font-size: 12pt\">Desde sua cria\u00e7\u00e3o, o Conservat\u00f3rio de Pelotas foi a \u00fanica institui\u00e7\u00e3o para o ensino musical com atividade ininterrupta na cidade, e seu sal\u00e3o de concertos \u00e9 um dos mais antigos no Brasil em atividade.<\/span><\/div>\n<div><span style=\"font-size: 12pt\">Em 05 de maio de 1996, 78 anos ap\u00f3s, a hist\u00f3ria se repete. \u00c0s 14 horas na Sala de estudos Francisco Sim\u00f5es do Conservat\u00f3rio de M\u00fasica, um grupo de pessoas preocupadas com o desenvolvimento cultural da cidade, bem como a manuten\u00e7\u00e3o do Sal\u00e3o Milton de Lemos, reconheceram a necessidade da forma\u00e7\u00e3o da Associa\u00e7\u00e3o Amigos do Conservat\u00f3rio de M\u00fasica, que tem como objetivo patrocinar artistas, restaurar e manter o Sal\u00e3o Milton de Lemos.<\/span><\/div>\n<p>S\u00e3o vinte e um anos em prol da cultura musical da cidade de Pelotas. No entanto, dificuldades administrativas e reformas estruturais interromperam as atividades por algum tempo. Contudo, em vista da real necessidade de um \u00f3rg\u00e3o de apoio a atividades musicais e \u00e0 manuten\u00e7\u00e3o do Sal\u00e3o Milton de Lemos, \u00e9 consenso que a associa\u00e7\u00e3o ressurja. Todos entendem a import\u00e2ncia do apoio da comunidade.<\/p>\n<p>http:\/\/assamcon.blogspot.com.br\/<\/p>\n<p>https:\/\/www.facebook.com\/assamcon\/?fref=ts<\/p>\n<p>associacaoconservatoriodemusic@gmail.com<\/p>\n","protected":false},"excerpt":{"rendered":"<p>Em 04 de junho de 1918, um grupo de cidad\u00e3os pelotenses amigos da arte e da m\u00fasica, fundaram a institui\u00e7\u00e3o que teve, em 18 de setembro do mesmo ano, o in\u00edcio de suas atividades com o ensino do piano, violino, &hellip; <a href=\"https:\/\/wp.ufpel.edu.br\/conservatoriodemusica\/atividades\/associacao-amigos-do-conservatorio-de-musica\/\">Continue lendo <span class=\"meta-nav\">&rarr;<\/span><\/a><\/p>\n","protected":false},"author":452,"featured_media":0,"parent":16,"menu_order":0,"comment_status":"closed","ping_status":"closed","template":"","meta":{"footnotes":""},"class_list":["post-22","page","type-page","status-publish","hentry"],"_links":{"self":[{"href":"https:\/\/wp.ufpel.edu.br\/conservatoriodemusica\/wp-json\/wp\/v2\/pages\/22","targetHints":{"allow":["GET"]}}],"collection":[{"href":"https:\/\/wp.ufpel.edu.br\/conservatoriodemusica\/wp-json\/wp\/v2\/pages"}],"about":[{"href":"https:\/\/wp.ufpel.edu.br\/conservatoriodemusica\/wp-json\/wp\/v2\/types\/page"}],"author":[{"embeddable":true,"href":"https:\/\/wp.ufpel.edu.br\/conservatoriodemusica\/wp-json\/wp\/v2\/users\/452"}],"replies":[{"embeddable":true,"href":"https:\/\/wp.ufpel.edu.br\/conservatoriodemusica\/wp-json\/wp\/v2\/comments?post=22"}],"version-history":[{"count":7,"href":"https:\/\/wp.ufpel.edu.br\/conservatoriodemusica\/wp-json\/wp\/v2\/pages\/22\/revisions"}],"predecessor-version":[{"id":353,"href":"https:\/\/wp.ufpel.edu.br\/conservatoriodemusica\/wp-json\/wp\/v2\/pages\/22\/revisions\/353"}],"up":[{"embeddable":true,"href":"https:\/\/wp.ufpel.edu.br\/conservatoriodemusica\/wp-json\/wp\/v2\/pages\/16"}],"wp:attachment":[{"href":"https:\/\/wp.ufpel.edu.br\/conservatoriodemusica\/wp-json\/wp\/v2\/media?parent=22"}],"curies":[{"name":"wp","href":"https:\/\/api.w.org\/{rel}","templated":true}]}}