{"id":13,"date":"2016-07-11T15:22:01","date_gmt":"2016-07-11T18:22:01","guid":{"rendered":"https:\/\/wp.ufpel.edu.br\/conservatoriodemusica\/?page_id=13"},"modified":"2023-05-16T17:20:54","modified_gmt":"2023-05-16T20:20:54","slug":"inicio","status":"publish","type":"page","link":"https:\/\/wp.ufpel.edu.br\/conservatoriodemusica\/inicio\/","title":{"rendered":"Hist\u00f3ria"},"content":{"rendered":"<p><img loading=\"lazy\" decoding=\"async\" class=\"wp-image-11 alignleft\" src=\"https:\/\/wp.ufpel.edu.br\/conservatoriodemusica\/files\/2016\/07\/10626617_772472609458884_9126877413232587253_n-424x318.jpg\" alt=\"\" width=\"277\" height=\"208\" srcset=\"https:\/\/wp.ufpel.edu.br\/conservatoriodemusica\/files\/2016\/07\/10626617_772472609458884_9126877413232587253_n-424x318.jpg 424w, https:\/\/wp.ufpel.edu.br\/conservatoriodemusica\/files\/2016\/07\/10626617_772472609458884_9126877413232587253_n-212x159.jpg 212w, https:\/\/wp.ufpel.edu.br\/conservatoriodemusica\/files\/2016\/07\/10626617_772472609458884_9126877413232587253_n-768x576.jpg 768w, https:\/\/wp.ufpel.edu.br\/conservatoriodemusica\/files\/2016\/07\/10626617_772472609458884_9126877413232587253_n.jpg 800w\" sizes=\"auto, (max-width: 277px) 100vw, 277px\" \/><\/p>\n<p style=\"text-align: left;\">Fundado em 04 de junho de 1918 por Alcides Costa e Francisco Sim\u00f5es, e inaugurado em 18 de setembro do mesmo ano, em uma \u00e9poca em que\u00a0<a href=\"https:\/\/pt.wikipedia.org\/wiki\/Pelotas\">Pelotas<\/a>\u00a0era a segunda mais importante cidade do estado, e j\u00e1 possu\u00eda uma s\u00f3lida tradi\u00e7\u00e3o cultural, tendo sido no s\u00e9culo XIX o maior p\u00f3lo cultural do Rio Grande do Sul, a ponto de ser chamada de &#8220;a Atenas ga\u00facha&#8221;. O Conservat\u00f3rio foi criado na esteira do projeto civilizador e progressista republicano cujos ideais visavam uma equipara\u00e7\u00e3o cultural do Brasil aos pa\u00edses mais avan\u00e7ados da Europa. Na \u00e9poca de sua funda\u00e7\u00e3o a cidade experimentava um grande surto de desenvolvimento, a \u00faltima flora\u00e7\u00e3o do ciclo do\u00a0<a href=\"https:\/\/pt.wikipedia.org\/wiki\/Charque\">charque<\/a>. Os antecedentes para sua cria\u00e7\u00e3o foram o estabelecimento em\u00a0<a href=\"https:\/\/pt.wikipedia.org\/wiki\/Porto_Alegre\">Porto Alegre<\/a>, a capital do Rio Grande do Sul, do Conservat\u00f3rio do\u00a0<a href=\"https:\/\/pt.wikipedia.org\/wiki\/Instituto_de_Artes_da_UFRGS\">Instituto Livre de Belas Artes<\/a>, e a chegada em 1916 do renomado pianista\u00a0<a href=\"https:\/\/pt.wikipedia.org\/wiki\/Guilherme_Fontainha\">Guilherme Fontainha<\/a>\u00a0para dirig\u00ed-lo. Fontainha era uma personalidade din\u00e2mica e grande\u00a0<a href=\"https:\/\/pt.wikipedia.org\/wiki\/Pedagogo\">pedagogo<\/a>, sendo uma das pe\u00e7as-chave para a dissemina\u00e7\u00e3o no sul de um modelo educativo musical moderno, baseado na metodologia do\u00a0<a href=\"https:\/\/pt.wikipedia.org\/wiki\/Instituto_Nacional_de_M%C3%BAsica\">Instituto Nacional de M\u00fasica<\/a>, do\u00a0<a href=\"https:\/\/pt.wikipedia.org\/wiki\/Rio_de_Janeiro\">Rio de Janeiro<\/a>, e tinha contato com figuras importantes do\u00a0<a href=\"https:\/\/pt.wikipedia.org\/wiki\/Modernismo_brasileiro\">modernismo brasileiro<\/a>. Ele inspirou a cria\u00e7\u00e3o de conservat\u00f3rios em v\u00e1rias cidades do estado, sendo auxiliado nessa empresa por\u00a0<a href=\"https:\/\/pt.wikipedia.org\/w\/index.php?title=Jos%C3%A9_Corsi&amp;action=edit&amp;redlink=1\">Jos\u00e9 Corsi<\/a>, e foi o mentor tamb\u00e9m da funda\u00e7\u00e3o da institui\u00e7\u00e3o pelotense, para a qual indicou\u00a0<a href=\"https:\/\/pt.wikipedia.org\/wiki\/Ant%C3%B4nio_de_S%C3%A1_Pereira\">Ant\u00f4nio de S\u00e1 Pereira<\/a>\u00a0como primeiro diretor art\u00edstico. O in\u00edcio de suas atividades se deu com o ensino do piano, violino, canto, teoria e solfejo, sendo a primeira institui\u00e7\u00e3o oficial fundada especialmente para o ensino da m\u00fasica na cidade; a segunda entidade no g\u00eanero a ser fundada no Rio Grande do Sul, e a quinta no Brasil. O compromisso do Conservat\u00f3rio de M\u00fasica com a promo\u00e7\u00e3o da cultura e a constru\u00e7\u00e3o da cidadania permeia suas atividades desde a funda\u00e7\u00e3o. Como tomou para si a tarefa de promo\u00e7\u00e3o e organiza\u00e7\u00e3o dos concertos que se realizavam na cidade, tanto dos alunos da escola como de artistas convidados, a trajet\u00f3ria do Conservat\u00f3rio de M\u00fasica \u00e9 parte indissoci\u00e1vel da pr\u00f3pria hist\u00f3ria da m\u00fasica na cidade.<\/p>\n<p style=\"text-align: left;\">Desde sua cria\u00e7\u00e3o, o Conservat\u00f3rio de Pelotas foi a \u00fanica institui\u00e7\u00e3o para o ensino musical com atividade ininterrupta na cidade, e seu sal\u00e3o de concertos \u00e9 um dos mais antigos no Brasil em atividade.<\/p>\n<p style=\"text-align: left;\">Desde ent\u00e3o, o trabalho de diretores, professores, funcion\u00e1rios e comunidade em geral, tem sido no sentido de manter esta honrada institui\u00e7\u00e3o em pleno funcionamento, prestando servi\u00e7os e oferecendo sempre o que h\u00e1 de melhor em termos de m\u00fasica \u00e0 comunidade.<\/p>\n<p style=\"text-align: left;\">Ao longo de sua hist\u00f3ria, foram v\u00e1rias as diretorias que conduziram as atividades desenvolvidas no Conservat\u00f3rio. Dentre elas, foi not\u00e1vel o trabalho realizado pelo ex-diretor Milton de Lemos. No per\u00edodo de 1923 a 1954, o grande mestre reuniu seus esfor\u00e7os atrav\u00e9s da Sociedade de Cultura Art\u00edstica (\u00f3rg\u00e3o do qual foi fundador) trazendo a Pelotas artistas consagrados no Brasil e no mundo. Entre os artistas c\u00e9lebres que se apresentaram em concertos organizados pelo Conservat\u00f3rio podemos sitar <a href=\"https:\/\/pt.wikipedia.org\/wiki\/Bidu_Say%C3%A3o\">Bidu Say\u00e3o<\/a>, <a href=\"https:\/\/pt.wikipedia.org\/w\/index.php?title=Conchita_Bad%C3%ADa&amp;action=edit&amp;redlink=1\">Conchita Bad\u00eda<\/a>, <a href=\"https:\/\/pt.wikipedia.org\/wiki\/Eud%C3%B3xia_de_Barros\">Eud\u00f3xia de Barros<\/a>, <a href=\"https:\/\/pt.wikipedia.org\/wiki\/Guiomar_Novaes\">Guiomar Novaes<\/a>, <a href=\"https:\/\/pt.wikipedia.org\/wiki\/Magda_Tagliaferro\">Magda Tagliaferro<\/a>, <a href=\"https:\/\/pt.wikipedia.org\/wiki\/Zola_Amaro\">Zola Amaro<\/a>, <a href=\"https:\/\/pt.wikipedia.org\/wiki\/Claudio_Arrau\">Claudio Arrau<\/a>, <a href=\"https:\/\/pt.wikipedia.org\/wiki\/Wilhelm_Backhaus\">Wilhelm Backhaus<\/a>,<a href=\"https:\/\/pt.wikipedia.org\/wiki\/Arthur_Rubinstein\">Arthur Rubinstein<\/a>, <a href=\"https:\/\/pt.wikipedia.org\/wiki\/Francisco_Mignone\">Francisco Mignone<\/a>, <a href=\"https:\/\/pt.wikipedia.org\/wiki\/Hans-Joachim_Koellreuter\">Hans-Joachim Koellreuter<\/a>, <a href=\"https:\/\/pt.wikipedia.org\/w\/index.php?title=Sebastian_Benda&amp;action=edit&amp;redlink=1\">Sebastian Benda<\/a>, <a href=\"https:\/\/pt.wikipedia.org\/w\/index.php?title=Nathan_Schwartzman&amp;action=edit&amp;redlink=1\">Nathan Schwartzman<\/a>, <a href=\"https:\/\/pt.wikipedia.org\/w\/index.php?title=Jean_Jacques_Pagnot&amp;action=edit&amp;redlink=1\">Jean Jacques Pagnot<\/a>, <a href=\"https:\/\/pt.wikipedia.org\/w\/index.php?title=Bagumil_Sykora&amp;action=edit&amp;redlink=1\">Bagumil Sykora<\/a>, <a href=\"https:\/\/pt.wikipedia.org\/w\/index.php?title=Gaspar_Cassad%C3%B3&amp;action=edit&amp;redlink=1\">Gaspar Cassad\u00f3<\/a>, <a href=\"https:\/\/pt.wikipedia.org\/w\/index.php?title=Jacques_Thibaud&amp;action=edit&amp;redlink=1\">Jacques Thibaud<\/a>, <a href=\"https:\/\/pt.wikipedia.org\/wiki\/Nelson_Freire\">Nelson Freire<\/a>, <a href=\"https:\/\/pt.wikipedia.org\/wiki\/Miguel_Proen%C3%A7a\">Miguel Proen\u00e7a<\/a>, <a href=\"https:\/\/pt.wikipedia.org\/wiki\/Roberto_Szidon\">Roberto Szidon<\/a>, Mariana Mihai, <a href=\"https:\/\/pt.wikipedia.org\/wiki\/Marlos_Nobre\">Marlos Nobre<\/a> e <a href=\"https:\/\/pt.wikipedia.org\/wiki\/Olinda_Allessandrini\">Olinda Allessandrini<\/a>.<\/p>\n<p style=\"text-align: left;\">O Conservat\u00f3rio de M\u00fasica completa este ano 101 anos de atividades ininterruptas no ensino, na pesquisa e extens\u00e3o.<\/p>\n<p style=\"text-align: left;\">A import\u00e2ncia do Conservat\u00f3rio de M\u00fasica de Pelotas j\u00e1 foi atestada quando, em 26 de julho de 2004, foi promulgada a Lei n\u00ba 12.133 que o declarou integrante do Patrim\u00f4nio Cultural do Estado do Rio Grande do Sul.<\/p>\n<p style=\"text-align: justify;\">Tamb\u00e9m relevante observar que o Conservat\u00f3rio de M\u00fasica de Pelotas foi uma das unidades que contribu\u00edram para a exist\u00eancia da Universidade Federal de Pelotas, em 1969.<\/p>\n<p style=\"text-align: justify;\">Atualmente o Conservat\u00f3rio atende os projeto: Curso de Inicia\u00e7\u00e3o Musical (Acordeom, canto, cavaquinho, flauta transversal, guitarra, viol\u00e3o, violino, saxofone, trompete e Teoria e Percep\u00e7\u00e3o Musical) e Curso Avan\u00e7ado de M\u00fasica, promovidos pela Associa\u00e7\u00e3o Amigos do Conservat\u00f3rio de M\u00fasica. O Conservat\u00f3rio possui o Coral Infanto-Juvenil, Coral Feminino do Conservat\u00f3rio de M\u00fasica e Grupo de Acordeonistas, projetos de extens\u00e3o que contam com o apoio da Assamcon.<\/p>\n<p style=\"text-align: justify;\">Realiza anualmente os projetos: Encontro de Corais.<\/p>\n<p style=\"text-align: justify;\">Realizou o I e II Encontro de Sopros, em 2019 promoveu o I Encontro de Acordeonistas, al\u00e9m de diversos eventos nacionais e internacionais realizados e apoiados pela ASSAMCON.<\/p>\n<p>Em 2022 iniciou as obras de restauro do pr\u00e9dio atrav\u00e9s:<\/p>\n<p>Da Secretaria de Cultura do Estado do Rio Grande do Sul com o Projeto do Restauro inicial do Conservat\u00f3rio de M\u00fasica de Pelotas.<\/p>\n<p>Realiza\u00e7\u00e3o Santa F\u00e9 Produtora e Patrim\u00f4nio<\/p>\n<p>Patroc\u00ednio Arrozeira Pelotas, Biri Refrigerantes, Irm\u00e3os Jouglard e Cerealista Polisul<\/p>\n<p>Financiamento do Sistema Pr\u00f3-Cultura RS LIC e Associa\u00e7\u00e3o Amigos do Conservat\u00f3rio de M\u00fasica.<\/p>\n","protected":false},"excerpt":{"rendered":"<p>Fundado em 04 de junho de 1918 por Alcides Costa e Francisco Sim\u00f5es, e inaugurado em 18 de setembro do mesmo ano, em uma \u00e9poca em que\u00a0Pelotas\u00a0era a segunda mais importante cidade do estado, e j\u00e1 possu\u00eda uma s\u00f3lida tradi\u00e7\u00e3o &hellip; <a href=\"https:\/\/wp.ufpel.edu.br\/conservatoriodemusica\/inicio\/\">Continue lendo <span class=\"meta-nav\">&rarr;<\/span><\/a><\/p>\n","protected":false},"author":452,"featured_media":0,"parent":0,"menu_order":0,"comment_status":"closed","ping_status":"closed","template":"","meta":{"footnotes":""},"class_list":["post-13","page","type-page","status-publish","hentry"],"_links":{"self":[{"href":"https:\/\/wp.ufpel.edu.br\/conservatoriodemusica\/wp-json\/wp\/v2\/pages\/13","targetHints":{"allow":["GET"]}}],"collection":[{"href":"https:\/\/wp.ufpel.edu.br\/conservatoriodemusica\/wp-json\/wp\/v2\/pages"}],"about":[{"href":"https:\/\/wp.ufpel.edu.br\/conservatoriodemusica\/wp-json\/wp\/v2\/types\/page"}],"author":[{"embeddable":true,"href":"https:\/\/wp.ufpel.edu.br\/conservatoriodemusica\/wp-json\/wp\/v2\/users\/452"}],"replies":[{"embeddable":true,"href":"https:\/\/wp.ufpel.edu.br\/conservatoriodemusica\/wp-json\/wp\/v2\/comments?post=13"}],"version-history":[{"count":12,"href":"https:\/\/wp.ufpel.edu.br\/conservatoriodemusica\/wp-json\/wp\/v2\/pages\/13\/revisions"}],"predecessor-version":[{"id":706,"href":"https:\/\/wp.ufpel.edu.br\/conservatoriodemusica\/wp-json\/wp\/v2\/pages\/13\/revisions\/706"}],"wp:attachment":[{"href":"https:\/\/wp.ufpel.edu.br\/conservatoriodemusica\/wp-json\/wp\/v2\/media?parent=13"}],"curies":[{"name":"wp","href":"https:\/\/api.w.org\/{rel}","templated":true}]}}