{"id":2,"date":"2012-01-15T13:42:07","date_gmt":"2012-01-15T15:42:07","guid":{"rendered":"https:\/\/wp.ufpel.edu.br\/conservagua\/?page_id=2"},"modified":"2023-04-17T15:31:03","modified_gmt":"2023-04-17T18:31:03","slug":"sobre","status":"publish","type":"page","link":"https:\/\/wp.ufpel.edu.br\/conservagua\/sobre\/","title":{"rendered":"Sobre"},"content":{"rendered":"<p>A \u00e1gua \u00e9 essencial para todas as atividades humanas, sendo um fator fundamental na produ\u00e7\u00e3o agr\u00edcola. Este espa\u00e7o busca apoiar o desenvolvimento e a ado\u00e7\u00e3o de alternativas para a conserva\u00e7\u00e3o e utiliza\u00e7\u00e3o racional da \u00e1gua no meio rural. Tais alternativas envolvem, por exemplo, o incentivo ao uso racional da \u00e1gua na irriga\u00e7\u00e3o, \u00e0 conserva\u00e7\u00e3o da vegeta\u00e7\u00e3o ciliar, das \u00c1reas de Preserva\u00e7\u00e3o Permanente, a prote\u00e7\u00e3o dos mananciais e a correta destina\u00e7\u00e3o de res\u00edduos.<\/p>\n","protected":false},"excerpt":{"rendered":"<p>A \u00e1gua \u00e9 essencial para todas as atividades humanas, sendo um fator fundamental na produ\u00e7\u00e3o agr\u00edcola. Este espa\u00e7o busca apoiar o desenvolvimento e a ado\u00e7\u00e3o de alternativas para a conserva\u00e7\u00e3o e utiliza\u00e7\u00e3o racional da \u00e1gua no meio rural. Tais alternativas envolvem, por exemplo, o incentivo ao uso racional da \u00e1gua na irriga\u00e7\u00e3o, \u00e0 conserva\u00e7\u00e3o da [&hellip;]<\/p>\n","protected":false},"author":94,"featured_media":0,"parent":0,"menu_order":0,"comment_status":"closed","ping_status":"closed","template":"","meta":{"footnotes":""},"class_list":["post-2","page","type-page","status-publish","hentry"],"_links":{"self":[{"href":"https:\/\/wp.ufpel.edu.br\/conservagua\/wp-json\/wp\/v2\/pages\/2","targetHints":{"allow":["GET"]}}],"collection":[{"href":"https:\/\/wp.ufpel.edu.br\/conservagua\/wp-json\/wp\/v2\/pages"}],"about":[{"href":"https:\/\/wp.ufpel.edu.br\/conservagua\/wp-json\/wp\/v2\/types\/page"}],"author":[{"embeddable":true,"href":"https:\/\/wp.ufpel.edu.br\/conservagua\/wp-json\/wp\/v2\/users\/94"}],"replies":[{"embeddable":true,"href":"https:\/\/wp.ufpel.edu.br\/conservagua\/wp-json\/wp\/v2\/comments?post=2"}],"version-history":[{"count":18,"href":"https:\/\/wp.ufpel.edu.br\/conservagua\/wp-json\/wp\/v2\/pages\/2\/revisions"}],"predecessor-version":[{"id":249,"href":"https:\/\/wp.ufpel.edu.br\/conservagua\/wp-json\/wp\/v2\/pages\/2\/revisions\/249"}],"wp:attachment":[{"href":"https:\/\/wp.ufpel.edu.br\/conservagua\/wp-json\/wp\/v2\/media?parent=2"}],"curies":[{"name":"wp","href":"https:\/\/api.w.org\/{rel}","templated":true}]}}