{"id":57,"date":"2010-01-12T13:59:07","date_gmt":"2010-01-12T15:59:07","guid":{"rendered":"https:\/\/wp.ufpel.edu.br\/consagro\/documento-compromisso\/"},"modified":"2012-11-20T15:46:43","modified_gmt":"2012-11-20T15:46:43","slug":"documento-compromisso","status":"publish","type":"page","link":"https:\/\/wp.ufpel.edu.br\/consagro\/documento-compromisso\/","title":{"rendered":"Compromisso &#8211; Commitment"},"content":{"rendered":"<p>REAFIRMA\u00c7\u00c3O DO COMPROMISSO DA REDE CONSAGRO<\/p>\n<p>Documento gerado na Oficina de Planejamento Estrat\u00e9gico, realizada em 12 e 13 de outubro de 2012.<\/p>\n<p><a href=\"https:\/\/wp.ufpel.edu.br\/consagro\/files\/2010\/01\/Reconfirma\u00e7\u00e3o-Compromisso-Rede-out-12.pdf\">Reconfirma\u00e7\u00e3o Compromisso Rede out 12<\/a><\/p>\n<p>&nbsp;<\/p>\n<p>DOCUMENTO DE COMPROMISSO COLETIVO PARA A CONSTITUI\u00c7\u00c3O E IMPLEMENTA\u00c7\u00c3O DA \u201cREDE DE CONSTRU\u00c7AO DE CONHECIMENTOS EM AVALIA\u00c7\u00c3O DE SUSTENTABILIDADE EM AGROECOSSISTEMAS\u201d<br \/>\n<a href=\"https:\/\/wp.ufpel.edu.br\/consagro\/files\/2010\/01\/Documento-Compromisso-REDE.pdf\">Documento Compromisso REDE<\/a><\/p>\n<p><strong>DOCUMENT OF COLLECTIVE COMMITMENT FOR THE CREATION AND IMPLEMENTATION OF THE \u201c<em>NETWORK OF KNOWLEDGE CONSTRUCTION IN EVALUATION OF SUSTAINABILITY IN AGROECOSYSTEMS\u201d <\/em><\/strong><\/p>\n<p><strong><em><a href=\"https:\/\/wp.ufpel.edu.br\/consagro\/files\/2010\/01\/Commitment-Document1.pdf\">Commitment Document<\/a><\/em><\/strong><\/p>\n","protected":false},"excerpt":{"rendered":"<p>REAFIRMA\u00c7\u00c3O DO COMPROMISSO DA REDE CONSAGRO Documento gerado na Oficina de Planejamento Estrat\u00e9gico, realizada em 12 e 13 de outubro de 2012. Reconfirma\u00e7\u00e3o Compromisso Rede out 12 &nbsp; DOCUMENTO DE COMPROMISSO COLETIVO PARA A CONSTITUI\u00c7\u00c3O E IMPLEMENTA\u00c7\u00c3O DA \u201cREDE DE CONSTRU\u00c7AO DE CONHECIMENTOS EM AVALIA\u00c7\u00c3O DE SUSTENTABILIDADE EM AGROECOSSISTEMAS\u201d Documento Compromisso REDE DOCUMENT OF COLLECTIVE [&hellip;]<\/p>\n","protected":false},"author":40,"featured_media":0,"parent":0,"menu_order":3,"comment_status":"closed","ping_status":"open","template":"","meta":{"jetpack_post_was_ever_published":false,"footnotes":""},"class_list":["post-57","page","type-page","status-publish","hentry"],"jetpack_sharing_enabled":true,"jetpack_shortlink":"https:\/\/wp.me\/P2YLUy-V","_links":{"self":[{"href":"https:\/\/wp.ufpel.edu.br\/consagro\/wp-json\/wp\/v2\/pages\/57","targetHints":{"allow":["GET"]}}],"collection":[{"href":"https:\/\/wp.ufpel.edu.br\/consagro\/wp-json\/wp\/v2\/pages"}],"about":[{"href":"https:\/\/wp.ufpel.edu.br\/consagro\/wp-json\/wp\/v2\/types\/page"}],"author":[{"embeddable":true,"href":"https:\/\/wp.ufpel.edu.br\/consagro\/wp-json\/wp\/v2\/users\/40"}],"replies":[{"embeddable":true,"href":"https:\/\/wp.ufpel.edu.br\/consagro\/wp-json\/wp\/v2\/comments?post=57"}],"version-history":[{"count":12,"href":"https:\/\/wp.ufpel.edu.br\/consagro\/wp-json\/wp\/v2\/pages\/57\/revisions"}],"predecessor-version":[{"id":3801,"href":"https:\/\/wp.ufpel.edu.br\/consagro\/wp-json\/wp\/v2\/pages\/57\/revisions\/3801"}],"wp:attachment":[{"href":"https:\/\/wp.ufpel.edu.br\/consagro\/wp-json\/wp\/v2\/media?parent=57"}],"curies":[{"name":"wp","href":"https:\/\/api.w.org\/{rel}","templated":true}]}}