{"id":367,"date":"2010-10-09T00:41:32","date_gmt":"2010-10-09T03:41:32","guid":{"rendered":"https:\/\/wp.ufpel.edu.br\/consagro\/"},"modified":"2013-06-04T17:20:55","modified_gmt":"2013-06-04T17:20:55","slug":"participar-da-rede-social","status":"publish","type":"page","link":"https:\/\/wp.ufpel.edu.br\/consagro\/participar-da-rede-social\/","title":{"rendered":"PARTICIPAR desta Rede de Trabalho?"},"content":{"rendered":"<p>Caso desejes participar de nossa Rede Social\u00a0\u00a0Sustentabilidade, envie mensagem com solicita\u00e7\u00e3o para o endere\u00e7o eletr\u00f4nico\u00a0de Luiz Verona &#8211;\u00a0<a href=\"mailto:luizverona@yahoo.com\">luizverona@yahoo.com<\/a>, com os seguintes detalhes:<\/p>\n<p>Nome:<\/p>\n<p>Profiss\u00e3o:<\/p>\n<p>Institui\u00e7\u00e3o em que atua:<\/p>\n<p>Data de nascimento:<\/p>\n<p>Endere\u00e7o eletr\u00f4nico para receber convite:<\/p>\n","protected":false},"excerpt":{"rendered":"<p>Caso desejes participar de nossa Rede Social\u00a0\u00a0Sustentabilidade, envie mensagem com solicita\u00e7\u00e3o para o endere\u00e7o eletr\u00f4nico\u00a0de Luiz Verona &#8211;\u00a0luizverona@yahoo.com, com os seguintes detalhes: Nome: Profiss\u00e3o: Institui\u00e7\u00e3o em que atua: Data de nascimento: Endere\u00e7o eletr\u00f4nico para receber convite:<\/p>\n","protected":false},"author":40,"featured_media":0,"parent":0,"menu_order":9,"comment_status":"closed","ping_status":"open","template":"","meta":{"jetpack_post_was_ever_published":false,"footnotes":""},"class_list":["post-367","page","type-page","status-publish","hentry"],"jetpack_sharing_enabled":true,"jetpack_shortlink":"https:\/\/wp.me\/P2YLUy-5V","_links":{"self":[{"href":"https:\/\/wp.ufpel.edu.br\/consagro\/wp-json\/wp\/v2\/pages\/367","targetHints":{"allow":["GET"]}}],"collection":[{"href":"https:\/\/wp.ufpel.edu.br\/consagro\/wp-json\/wp\/v2\/pages"}],"about":[{"href":"https:\/\/wp.ufpel.edu.br\/consagro\/wp-json\/wp\/v2\/types\/page"}],"author":[{"embeddable":true,"href":"https:\/\/wp.ufpel.edu.br\/consagro\/wp-json\/wp\/v2\/users\/40"}],"replies":[{"embeddable":true,"href":"https:\/\/wp.ufpel.edu.br\/consagro\/wp-json\/wp\/v2\/comments?post=367"}],"version-history":[{"count":9,"href":"https:\/\/wp.ufpel.edu.br\/consagro\/wp-json\/wp\/v2\/pages\/367\/revisions"}],"predecessor-version":[{"id":4142,"href":"https:\/\/wp.ufpel.edu.br\/consagro\/wp-json\/wp\/v2\/pages\/367\/revisions\/4142"}],"wp:attachment":[{"href":"https:\/\/wp.ufpel.edu.br\/consagro\/wp-json\/wp\/v2\/media?parent=367"}],"curies":[{"name":"wp","href":"https:\/\/api.w.org\/{rel}","templated":true}]}}