{"id":2738,"date":"2012-02-17T17:13:00","date_gmt":"2012-02-17T17:13:00","guid":{"rendered":"https:\/\/wp.ufpel.edu.br\/consagro\/"},"modified":"2015-10-22T22:18:42","modified_gmt":"2015-10-23T00:18:42","slug":"acoes-conjuntas-redes","status":"publish","type":"page","link":"https:\/\/wp.ufpel.edu.br\/consagro\/acoes-conjuntas-redes\/","title":{"rendered":"A REDE DAS REDES"},"content":{"rendered":"<p><em><strong>A REDE DAS REDES &#8211; Sinergismo na Constru\u00e7\u00e3o de Conhecimento em Agroecologia.<\/strong><\/em><\/p>\n<p><a href=\"https:\/\/wp.ufpel.edu.br\/consagro\/files\/2015\/10\/neurnios.jpg\"><img loading=\"lazy\" decoding=\"async\" class=\"alignnone wp-image-4463\" src=\"https:\/\/wp.ufpel.edu.br\/consagro\/files\/2015\/10\/neurnios.jpg\" alt=\"neurnios\" width=\"86\" height=\"86\" \/><\/a>\u00a0\u00a0 Em Oficina realizada no IX\u00a0Congresso Brasileiro de Agroecologia, no dia 29 de setembro de 2015, em Belem-PA, com aproximadamente 100 pessoas reunidas, com a participa\u00e7\u00e3o de diversas Redes de Trabalho pela Agroecolgia, ficou resolvido que buscariamos uma intera\u00e7\u00e3o maior entre estas redes.<\/p>\n<p>O\u00a0 caminho definido para alcan\u00e7armos\u00a0maior intera\u00e7\u00e3o entre as redes, com o objetivo de fortalecer o processo de constru\u00e7\u00e3o de conhecimento agroecol\u00f3gico, seria de criarmos um espaco na internet\u00a0\u00a0para relatar os trabalhos de cada Rede, possibilitar a conex\u00e3o com as p\u00e1ginas eletr\u00f4nicas das redes e criar uma rede social para troca de experi\u00eancias.<\/p>\n<p>Atendendo o que ficou definido na Oficina da Rede das Redes deixaremos este espa\u00e7o da Rede Consagro para apresentarmos as Redes da Agroeocologia e criamos uma Rede Social, na plataforma Ning, para que possamos manter o contato e trocar informa\u00e7\u00f5es.<\/p>\n<p><em><strong>Para fazer parte deste grupo de trabalho solicite convite pelo endere\u00e7o redeconsagro@gmail.com<\/strong><\/em><\/p>\n<p><em><strong>ESTAMOS TRABALHANDO NESTE SITE, COM ESTA PROPOSTA, em breve teremos mais informa\u00e7\u00f5es. Aguarde!!!!\u00a0 PARTICIPE DA REDE DAS REDES!!!!!<\/strong><\/em><\/p>\n<p><em><strong>REDE das Redes<\/strong><\/em><\/p>\n<p><strong>SOCLA<\/strong> &#8211;&gt; <a href=\"https:\/\/www.socla.co\/\" target=\"_blank\">Conhe\u00e7a a SOCLA<\/a><\/p>\n<p><a href=\"https:\/\/wp.ufpel.edu.br\/consagro\/files\/2015\/10\/LOGO_SOCLA1_png_pagespeed_ce_I21jMXbEKm.png\"><img loading=\"lazy\" decoding=\"async\" class=\"alignnone wp-image-4486\" src=\"https:\/\/wp.ufpel.edu.br\/consagro\/files\/2015\/10\/LOGO_SOCLA1_png_pagespeed_ce_I21jMXbEKm-254x300.png\" alt=\"LOGO_SOCLA1_png_pagespeed_ce_I21jMXbEKm\" width=\"67\" height=\"79\" srcset=\"https:\/\/wp.ufpel.edu.br\/consagro\/files\/2015\/10\/LOGO_SOCLA1_png_pagespeed_ce_I21jMXbEKm-254x300.png 254w, https:\/\/wp.ufpel.edu.br\/consagro\/files\/2015\/10\/LOGO_SOCLA1_png_pagespeed_ce_I21jMXbEKm.png 700w\" sizes=\"auto, (max-width: 67px) 100vw, 67px\" \/><\/a><\/p>\n<p><strong>TSGA &#8211; Tecnologias Sociais para a Gestao da \u00c1gua<\/strong> &#8211;&gt; <a href=\"http:\/\/tsga.ufsc.br\/\" target=\"_blank\">Clique aqui e conhe\u00e7a o TSGA<\/a><\/p>\n<p><a href=\"https:\/\/wp.ufpel.edu.br\/consagro\/files\/2015\/10\/logo-TSGA-JPG.jpg\"><img loading=\"lazy\" decoding=\"async\" class=\"alignnone wp-image-4479\" src=\"https:\/\/wp.ufpel.edu.br\/consagro\/files\/2015\/10\/logo-TSGA-JPG.jpg\" alt=\"logo TSGA JPG\" width=\"102\" height=\"85\" \/><\/a><\/p>\n<p><strong>REDAGRES &#8211;&gt; <a href=\"http:\/\/www.redagres.org\/\">http:\/\/www.redagres.org\/<\/a><\/strong><\/p>\n<p><a href=\"https:\/\/wp.ufpel.edu.br\/consagro\/files\/2012\/02\/redagres.png\"><img loading=\"lazy\" decoding=\"async\" class=\"alignnone size-full wp-image-4475\" src=\"https:\/\/wp.ufpel.edu.br\/consagro\/files\/2012\/02\/redagres.png\" alt=\"redagres\" width=\"167\" height=\"110\" \/><\/a><\/p>\n<p><strong>REDE SIADES &#8211;&gt; <a href=\"http:\/\/www.fsp.usp.br\/siades\/site\/\">http:\/\/www.fsp.usp.br\/siades\/site\/<\/a><\/strong><\/p>\n<p><a href=\"https:\/\/wp.ufpel.edu.br\/consagro\/files\/2012\/02\/rede-siades-logo.jpg\"><img loading=\"lazy\" decoding=\"async\" class=\"alignnone wp-image-4476\" src=\"https:\/\/wp.ufpel.edu.br\/consagro\/files\/2012\/02\/rede-siades-logo-300x225.jpg\" alt=\"rede siades logo\" width=\"164\" height=\"123\" srcset=\"https:\/\/wp.ufpel.edu.br\/consagro\/files\/2012\/02\/rede-siades-logo-300x225.jpg 300w, https:\/\/wp.ufpel.edu.br\/consagro\/files\/2012\/02\/rede-siades-logo.jpg 362w\" sizes=\"auto, (max-width: 164px) 100vw, 164px\" \/><\/a><\/p>\n<p><strong>Rede Consagro e os Movimentos Sociais<\/strong><\/p>\n<p><a href=\"https:\/\/wp.ufpel.edu.br\/consagro\/files\/2012\/02\/Logo-Consagro-3.jpg\"><img loading=\"lazy\" decoding=\"async\" class=\"alignnone wp-image-3456\" src=\"https:\/\/wp.ufpel.edu.br\/consagro\/files\/2012\/02\/Logo-Consagro-3-150x150.jpg\" alt=\"\" width=\"90\" height=\"90\" \/><\/a>No dia 09 de maio de 2012,\u00a0a rede consagro em conjunto com membros de institui\u00e7\u00f5es representantes dos agricultores familiares (APACO, COOPERFAMILIAR, ASCOOPER, CAPA, FORUM AGRICULTURA FAMILIAR PELOTAS\/RS, EMBRAPA, EPAGRI, EMATER, &#8230;), resolveram criar um espa\u00e7o para contribuir nos trabalhos com os movimentos sociais na Regi\u00e3o Sul.<\/p>\n<p>Observamos que esta a\u00e7\u00e3o n\u00e3o \u00e9 um \u00f3rg\u00e3o institucionalizado, mas um espa\u00e7o para incentivar a transpar\u00eanica, a participa\u00e7\u00e3o, os compromissos, o envolvimento, a democratiza\u00e7\u00e3o das atividades das institui\u00e7\u00f5es que representam os agricultores familiares.<\/p>\n<p>Acompanhe o desenvolvimento destas atividades na nossa p\u00e1gina, visite &#8211;&gt;<\/p>\n<p><a href=\"https:\/\/wp.ufpel.edu.br\/consagro\/2012\/08\/08\/rede-consagro-e-movimentos-sociais\/\">https:\/\/wp.ufpel.edu.br\/consagro\/2012\/08\/08\/rede-consagro-e-movimentos-sociais\/<\/a><\/p>\n<p>&nbsp;<\/p>\n<p>&nbsp;<\/p>\n<p><strong><a href=\"http:\/\/www.fsp.usp.br\/siades\/site\/\">\u00a0<\/a><\/strong><\/p>\n<p>&nbsp;<\/p>\n<p>&nbsp;<\/p>\n<p><strong>GRUPO DE PESQUISA\u00a0<\/strong><span style=\"font-weight: bold\">CNPq<\/span><\/p>\n<p><span style=\"font-weight: bold\"><a href=\"https:\/\/wp.ufpel.edu.br\/consagro\/files\/2012\/02\/cnpq.png\"><img loading=\"lazy\" decoding=\"async\" class=\"alignnone size-full wp-image-2802\" src=\"https:\/\/wp.ufpel.edu.br\/consagro\/files\/2012\/02\/cnpq-e1331064624725.png\" alt=\"\" width=\"86\" height=\"60\" \/><\/a><\/span><\/p>\n<p>Grupo de pesquisa Avalia\u00e7\u00e3o de Sustentabilidade cadastrado no CNPq &#8211; Conselho Nacional de Desenvolvimento Cient\u00edfico e Tecnol\u00f3gico, o qual \u00e9 uma ag\u00eancia do\u00a0 Minist\u00e9rio da Ci\u00eancia e Tecnologia (MCT) destinada ao fomento da pesquisa cient\u00edfca e tecnol\u00f3gica e \u00e0 forma\u00e7\u00e3o de recursos humanso para a pesquisa no Brasil.<\/p>\n<p>Todos pesquisadores, estudantes e professores, podem fazer parte deste grupo. Para sua inclus\u00e3o no grupo de nossa Rede \u00e9 necess\u00e1rio ter curriculo vitae cadastrado na Plataforma Lattes do CNPq &#8211; atualizado, e enviar mensagem para o correio eletr\u00f4nico do l\u00edder do grupo Luiz Verona &#8211;<a href=\"mailto:luizverona@yahoo.com\">luizverona@yahoo.com<\/a>,\u00a0 caraterizando sua linha de pesquisa com o tema, o n\u00famero do CPF e data de nascimento.<\/p>\n<p>O grupo de pesquisa de nossa Rede pode ser visualizado na seguinte p\u00e1gina eletr\u00f4nica.<\/p>\n<p><a href=\"http:\/\/dgp.cnpq.br\/diretorioc\/html\/lider\/index.jsp?id=2534829239522031&amp;codrh=K4780327T6\">http:\/\/dgp.cnpq.br\/diretorioc\/html\/lider\/index.jsp?id=2534829239522031&amp;codrh=K47803<\/a><\/p>\n","protected":false},"excerpt":{"rendered":"<p>A REDE DAS REDES &#8211; Sinergismo na Constru\u00e7\u00e3o de Conhecimento em Agroecologia. \u00a0\u00a0 Em Oficina realizada no IX\u00a0Congresso Brasileiro de Agroecologia, no dia 29 de setembro de 2015, em Belem-PA, com aproximadamente 100 pessoas reunidas, com a participa\u00e7\u00e3o de diversas Redes de Trabalho pela Agroecolgia, ficou resolvido que buscariamos uma intera\u00e7\u00e3o maior entre estas redes. [&hellip;]<\/p>\n","protected":false},"author":40,"featured_media":0,"parent":0,"menu_order":7,"comment_status":"closed","ping_status":"closed","template":"","meta":{"jetpack_post_was_ever_published":false,"footnotes":""},"class_list":["post-2738","page","type-page","status-publish","hentry"],"jetpack_sharing_enabled":true,"jetpack_shortlink":"https:\/\/wp.me\/P2YLUy-Ia","_links":{"self":[{"href":"https:\/\/wp.ufpel.edu.br\/consagro\/wp-json\/wp\/v2\/pages\/2738","targetHints":{"allow":["GET"]}}],"collection":[{"href":"https:\/\/wp.ufpel.edu.br\/consagro\/wp-json\/wp\/v2\/pages"}],"about":[{"href":"https:\/\/wp.ufpel.edu.br\/consagro\/wp-json\/wp\/v2\/types\/page"}],"author":[{"embeddable":true,"href":"https:\/\/wp.ufpel.edu.br\/consagro\/wp-json\/wp\/v2\/users\/40"}],"replies":[{"embeddable":true,"href":"https:\/\/wp.ufpel.edu.br\/consagro\/wp-json\/wp\/v2\/comments?post=2738"}],"version-history":[{"count":19,"href":"https:\/\/wp.ufpel.edu.br\/consagro\/wp-json\/wp\/v2\/pages\/2738\/revisions"}],"predecessor-version":[{"id":4488,"href":"https:\/\/wp.ufpel.edu.br\/consagro\/wp-json\/wp\/v2\/pages\/2738\/revisions\/4488"}],"wp:attachment":[{"href":"https:\/\/wp.ufpel.edu.br\/consagro\/wp-json\/wp\/v2\/media?parent=2738"}],"curies":[{"name":"wp","href":"https:\/\/api.w.org\/{rel}","templated":true}]}}