{"id":2607,"date":"2012-02-10T12:14:06","date_gmt":"2012-02-10T12:14:06","guid":{"rendered":"https:\/\/wp.ufpel.edu.br\/consagro\/"},"modified":"2013-01-06T21:07:26","modified_gmt":"2013-01-06T21:07:26","slug":"quem-somos","status":"publish","type":"page","link":"https:\/\/wp.ufpel.edu.br\/consagro\/quem-somos\/","title":{"rendered":"Quem somos?- Who are we?"},"content":{"rendered":"<p><strong>Prezado participante,<\/strong><\/p>\n<p>&nbsp;<\/p>\n<p><strong>Seja bem-vindo na Rede Consagro, grupo de trabalho sem fins lucrativos, fundada em nov\/2009. <\/strong><\/p>\n<p><strong>Esta Rede teve sua origem em oficina do VI Congresso Brasileiro de Agroecologia, com iniciativa de profissionais da Epagri, Embrapa, UFPel, UFSC e UFPA. <\/strong><\/p>\n<p><strong>Hoje contamos com diversos outros parceiros: ONGs, Prefeituras, agricultores, t\u00e9cnicos, estudantes, Universidades, associa\u00e7\u00f5es, EMATER, Redes, CNPq, CAPES, FAPESC, FAPERGS,\u00a0 &#8230;..<\/strong><\/p>\n<p>&nbsp;<\/p>\n<p><strong>Possu\u00edmos a\u00e7\u00f5es presencias e na web, como: projetos, colabora\u00e7\u00f5es em aulas de p\u00f3s-gradua\u00e7\u00e3o, palestras, cursos, congressos, encontros, &#8230;<\/strong><\/p>\n<p>&nbsp;<\/p>\n<p><strong>Aqui neste espa\u00e7o trocamos informa\u00e7\u00f5es sobre sustentabilidade, nos mantemos informados do que os membros da rede est\u00e3o fazendo profissionalmente e, acima de tudo, buscamos motiva\u00e7\u00e3o para continuar trabalhando em desenvolvimento sustent\u00e1vel.<\/strong><\/p>\n<p>&nbsp;<\/p>\n<p><strong>Na Rede Social de Trabalho da Consagro, voc\u00ea pode criar conhecimento, criar sua forma de comunica\u00e7\u00e3o:<\/strong><\/p>\n<p><strong>&#8211; Para ser membro &#8211;&gt; solicite convite por e-mail ou entre no item &#8220;PARTICIPAR REDE SOCIAL&#8221;.<\/strong><\/p>\n<p><strong>&#8211; A participa\u00e7\u00e3o funciona, para sua seguran\u00e7a, com senha (n\u00e3o esquecer).<\/strong><\/p>\n<p><strong>Uma vez membro, interagir \u00e9 fundamental:<\/strong><\/p>\n<p>&nbsp;<\/p>\n<p><strong>&#8211; Desenvolva sua p\u00e1gina pessoal (MINHA P\u00c1GINA) e firme assim sua identidade na web. <\/strong><\/p>\n<p><strong>&#8211; Coloque em sua p\u00e1gina: fotos, m\u00fasicas, e videos. Interaja sempre com a comunidade.<\/strong><\/p>\n<p><strong>&#8211; Coment\u00e1rios no Blog, F\u00f3rum, Chat e inclus\u00e3o de eventos, sempre ser\u00e3o bem aceitos.<\/strong><\/p>\n<p><strong>&#8211; Fa\u00e7a seu grupo de trabalho \u2013 em criar \u201cadicionar grupo\u201d.<\/strong><\/p>\n<p><strong>&#8211; Convide seus amigos que tem o mesmo foco de trabalho que o nosso.<\/strong><\/p>\n<p>&nbsp;<\/p>\n<p><strong>Fico a sua disposi\u00e7\u00e3o.<\/strong><\/p>\n<p>&nbsp;<\/p>\n<p><strong>Um abra\u00e7o e felicidades,<\/strong><\/p>\n<p><strong>Verona<\/strong><\/p>\n<p><strong><br \/>\n<\/strong><\/p>\n<p><strong><em><strong>LUIZ AUGUSTO F. VERONA<\/strong><\/em><\/strong><\/p>\n<p><strong><em><strong>Pesquisador &#8211; Doutor em Ci\u00eancia<\/strong><\/em><\/strong><\/p>\n<p><strong><em><strong>Epagri \u2013 Cepaf<\/strong><\/em><\/strong><\/p>\n<p><strong><em><strong> Empresa: 49 33610600 geral \u00a0\/ \u00a049 33610624 sala \/ <\/strong><\/em><\/strong><\/p>\n<p><strong><em><strong> FAX : 49 33610633<\/strong><\/em><\/strong><\/p>\n<p><a href=\"mailto:comprefacillrs@gmail.com\" target=\"_blank\"><strong><em><strong>luizverona@yahoo.com<\/strong><\/em><\/strong><\/a><\/p>\n<p><strong><em><strong><a href=\"mailto:comprefacillrs@gmail.com\" target=\"_blank\">luizverona@epagri.sc.gov.br<\/a><\/strong><\/em><\/strong><\/p>\n<p><strong><em>Skype: luizverona<\/em><\/strong><\/p>\n<p><strong><em><br \/>\n<\/em><\/strong><\/p>\n<p>________________________________________________<\/p>\n<p><strong><em>WHO WE ARE?<\/em><\/strong><\/p>\n<p><strong><em>Sorry we are building this page. Lock next link (about).<\/em><\/strong><\/p>\n<p><strong><em><br \/>\n<\/em><\/strong><\/p>\n<p><strong><em><br \/>\n<\/em><\/strong><\/p>\n","protected":false},"excerpt":{"rendered":"<p>Prezado participante, &nbsp; Seja bem-vindo na Rede Consagro, grupo de trabalho sem fins lucrativos, fundada em nov\/2009. Esta Rede teve sua origem em oficina do VI Congresso Brasileiro de Agroecologia, com iniciativa de profissionais da Epagri, Embrapa, UFPel, UFSC e UFPA. Hoje contamos com diversos outros parceiros: ONGs, Prefeituras, agricultores, t\u00e9cnicos, estudantes, Universidades, associa\u00e7\u00f5es, EMATER, [&hellip;]<\/p>\n","protected":false},"author":40,"featured_media":0,"parent":0,"menu_order":1,"comment_status":"closed","ping_status":"open","template":"","meta":{"jetpack_post_was_ever_published":false,"footnotes":""},"class_list":["post-2607","page","type-page","status-publish","hentry"],"jetpack_sharing_enabled":true,"jetpack_shortlink":"https:\/\/wp.me\/P2YLUy-G3","_links":{"self":[{"href":"https:\/\/wp.ufpel.edu.br\/consagro\/wp-json\/wp\/v2\/pages\/2607","targetHints":{"allow":["GET"]}}],"collection":[{"href":"https:\/\/wp.ufpel.edu.br\/consagro\/wp-json\/wp\/v2\/pages"}],"about":[{"href":"https:\/\/wp.ufpel.edu.br\/consagro\/wp-json\/wp\/v2\/types\/page"}],"author":[{"embeddable":true,"href":"https:\/\/wp.ufpel.edu.br\/consagro\/wp-json\/wp\/v2\/users\/40"}],"replies":[{"embeddable":true,"href":"https:\/\/wp.ufpel.edu.br\/consagro\/wp-json\/wp\/v2\/comments?post=2607"}],"version-history":[{"count":15,"href":"https:\/\/wp.ufpel.edu.br\/consagro\/wp-json\/wp\/v2\/pages\/2607\/revisions"}],"predecessor-version":[{"id":3910,"href":"https:\/\/wp.ufpel.edu.br\/consagro\/wp-json\/wp\/v2\/pages\/2607\/revisions\/3910"}],"wp:attachment":[{"href":"https:\/\/wp.ufpel.edu.br\/consagro\/wp-json\/wp\/v2\/media?parent=2607"}],"curies":[{"name":"wp","href":"https:\/\/api.w.org\/{rel}","templated":true}]}}