{"id":2,"date":"2009-12-14T11:29:34","date_gmt":"2009-12-14T13:29:34","guid":{"rendered":""},"modified":"2012-02-17T16:54:59","modified_gmt":"2012-02-17T16:54:59","slug":"sobre","status":"publish","type":"page","link":"https:\/\/wp.ufpel.edu.br\/consagro\/sobre\/","title":{"rendered":"Sobre &#8211; About"},"content":{"rendered":"<div>Bem-vindo a nossa REDE de Sustentabilidade!!<br \/>\nEsta \u00e9 uma p\u00e1gina eletr\u00f4nica com o objetivo de construir um\u00a0conhecimento\u00a0que possibilite o entendimento da avalia\u00e7\u00e3o da sustentabilidade dos agroecossistemas.<br \/>\nNossa base de pensamento\u00a0\u00e9 a busca\u00a0do fortalecimento\u00a0da agricultura familiar e o uso de alternativas agroecol\u00f3gicas, como caminho para uma vida melhor para todos.<br \/>\n\u00c9 tempo de uma nova ci\u00eancia, que anda batendo em nossa porta, humanizada, socalizada\u00a0e democratizada.<\/div>\n<div>A proposta \u00e9 esta,\u00a0a sociedade espera pelo comprometimento de todos n\u00f3s.<\/div>\n<div><strong>Welcome to our Sustainability NETWORK!! <\/strong><\/div>\n<div><strong>This is a webpage with the goal of building knowledge which enables understanding of the assessment of sustainability of\u00a0 agroecosystems.<\/strong><\/div>\n<div><strong>Our basic thought is to seek the strengthening of family farming and the use of agro-ecological alternatives as a way for a better life for everyone.\u00a0 It is the time for a new science that goes knocking on our door, humanized, socialized and democratized. <\/strong><\/div>\n<div><strong> The proposal is this, that society expects the commitment of us all.<\/strong><\/div>\n","protected":false},"excerpt":{"rendered":"<p>Bem-vindo a nossa REDE de Sustentabilidade!! Esta \u00e9 uma p\u00e1gina eletr\u00f4nica com o objetivo de construir um\u00a0conhecimento\u00a0que possibilite o entendimento da avalia\u00e7\u00e3o da sustentabilidade dos agroecossistemas. Nossa base de pensamento\u00a0\u00e9 a busca\u00a0do fortalecimento\u00a0da agricultura familiar e o uso de alternativas agroecol\u00f3gicas, como caminho para uma vida melhor para todos. \u00c9 tempo de uma nova ci\u00eancia, [&hellip;]<\/p>\n","protected":false},"author":40,"featured_media":0,"parent":0,"menu_order":2,"comment_status":"closed","ping_status":"open","template":"","meta":{"jetpack_post_was_ever_published":false,"footnotes":""},"class_list":["post-2","page","type-page","status-publish","hentry"],"jetpack_sharing_enabled":true,"jetpack_shortlink":"https:\/\/wp.me\/P2YLUy-2","_links":{"self":[{"href":"https:\/\/wp.ufpel.edu.br\/consagro\/wp-json\/wp\/v2\/pages\/2","targetHints":{"allow":["GET"]}}],"collection":[{"href":"https:\/\/wp.ufpel.edu.br\/consagro\/wp-json\/wp\/v2\/pages"}],"about":[{"href":"https:\/\/wp.ufpel.edu.br\/consagro\/wp-json\/wp\/v2\/types\/page"}],"author":[{"embeddable":true,"href":"https:\/\/wp.ufpel.edu.br\/consagro\/wp-json\/wp\/v2\/users\/40"}],"replies":[{"embeddable":true,"href":"https:\/\/wp.ufpel.edu.br\/consagro\/wp-json\/wp\/v2\/comments?post=2"}],"version-history":[{"count":12,"href":"https:\/\/wp.ufpel.edu.br\/consagro\/wp-json\/wp\/v2\/pages\/2\/revisions"}],"predecessor-version":[{"id":70,"href":"https:\/\/wp.ufpel.edu.br\/consagro\/wp-json\/wp\/v2\/pages\/2\/revisions\/70"}],"wp:attachment":[{"href":"https:\/\/wp.ufpel.edu.br\/consagro\/wp-json\/wp\/v2\/media?parent=2"}],"curies":[{"name":"wp","href":"https:\/\/api.w.org\/{rel}","templated":true}]}}