{"id":151,"date":"2010-03-22T10:15:23","date_gmt":"2010-03-22T13:15:23","guid":{"rendered":"https:\/\/wp.ufpel.edu.br\/consagro\/?page_id=151"},"modified":"2012-03-01T21:51:19","modified_gmt":"2012-03-01T21:51:19","slug":"helvio-debli-casalinho","status":"publish","type":"page","link":"https:\/\/wp.ufpel.edu.br\/consagro\/helvio-debli-casalinho\/","title":{"rendered":"Conselho Coordenador"},"content":{"rendered":"<p><strong><a href=\"https:\/\/wp.ufpel.edu.br\/consagro\/files\/2010\/03\/Photo4.jpg\"><\/a>Altamiro Morais Matos Filho<\/strong><\/p>\n<p><strong><a href=\"https:\/\/wp.ufpel.edu.br\/consagro\/files\/2010\/03\/Photo4.jpg\"><img loading=\"lazy\" decoding=\"async\" src=\"https:\/\/wp.ufpel.edu.br\/consagro\/files\/2010\/03\/Photo4-150x150.jpg\" alt=\"\" width=\"150\" height=\"150\" \/><\/a><\/strong><\/p>\n<p>Desenvolve suas atividades como extensionista na Epagri \u2013 Empresa de Pesquisa Agropecu\u00e1ria e Extens\u00e3o Rural de Santa Catarina.\u00a0 Tem experi\u00eancia na \u00e1rea de Agronomia com \u00eanfase em agroecologia, avalia\u00e7\u00e3o de sustentabilidade de agroecossistemas, olericultura e desenvolvimento rural, atuando principalmente com a agricultura familiar .<\/p>\n<p>Endere\u00e7o Eletr\u00f4nico:<a href=\"mailto:miro@epagri.sc.gov.br\">miro@epagri.sc.gov.br<\/a><\/p>\n<p>Curr\u00edculo Lattes: <a href=\"http:\/\/buscatextual.cnpq.br\/buscatextual\/visualizacv.do?id=K4265977Y6\">http:\/\/buscatextual.cnpq.br\/buscatextual\/visualizacv.do?id=K4265977Y6<\/a><\/p>\n<p>Trabalhos indicados para leituras:<a href=\"https:\/\/wp.ufpel.edu.br\/consagro\/files\/2010\/03\/MATOS-FILHO-Altamiro-Agricultura-Org\u00e2nica-sob-a-perspectiva-da-Sustentabilidade.pdf\">MATOS FILHO Altamiro Agricultura Org\u00e2nica sob a perspectiva da Sustentabilidade<\/a><\/p>\n<p><strong>Helvio Debli Casalinho<\/strong><\/p>\n<p><a href=\"https:\/\/wp.ufpel.edu.br\/consagro\/files\/2010\/03\/DSC05239.jpg\"><img loading=\"lazy\" decoding=\"async\" class=\"alignnone size-thumbnail wp-image-1923\" src=\"https:\/\/wp.ufpel.edu.br\/consagro\/files\/2010\/03\/DSC05239-150x150.jpg\" alt=\"\" width=\"150\" height=\"150\" \/><\/a><\/p>\n<p>Prof. Dr. Helvio Debli Casalinho &#8211; Universidade Federal de Pelotas<\/p>\n<p>Endere\u00e7o eletr\u00f4nico: <a href=\"mailto:helviodc@ufpel.edu.br\">helviodc@ufpel.edu.br<\/a><\/p>\n<p>Curriculum vitae: <a href=\"http:\/\/buscatextual.cnpq.br\/buscatextual\/visualizacv.jsp?id=K4708616U2\">http:\/\/buscatextual.cnpq.br\/buscatextual\/visualizacv.jsp?id=K4708616U2<\/a><\/p>\n<p>Publica\u00e7\u00f5es:<\/p>\n<p><a href=\"https:\/\/wp.ufpel.edu.br\/consagro\/files\/2010\/03\/CASALINHO-Helvio.-Monitoramento-da-qualidade-do-solo-percep\u00e7\u00e3o-do-agricutor1.pdf\">CASALINHO-Helvio.-Monitoramento-da-qualidade-do-solo-percep\u00e7\u00e3o-do-agricutor[1]<\/a><\/p>\n<p><a href=\"https:\/\/wp.ufpel.edu.br\/consagro\/files\/2010\/03\/75.pdf\">Casalinho, Helvio Qualidade Solo Tese<\/a><\/p>\n<p><strong>Jos\u00e9\u00a0Ernani Schwengber<\/strong><\/p>\n<p><strong><a href=\"https:\/\/wp.ufpel.edu.br\/consagro\/files\/2010\/03\/foto-2.jpg\"><img loading=\"lazy\" decoding=\"async\" class=\"alignnone size-thumbnail wp-image-2722\" src=\"https:\/\/wp.ufpel.edu.br\/consagro\/files\/2010\/03\/foto-2-125x150.jpg\" alt=\"\" width=\"125\" height=\"150\" \/><\/a><\/strong><\/p>\n<p><a href=\"https:\/\/wp.ufpel.edu.br\/consagro\/files\/2012\/02\/foto-2.jpg\"><\/a><\/p>\n<p>Doutorado em Agronomia pela Universidade Federal de Pelotas.\u00a0 Pesquisador\u00a0 da Empresa Brasileira de Pesquisa Agropecu\u00e1ria (EMBRAPA). Tem experi\u00eancia na \u00e1rea de Agronomia, com \u00eanfase em Fitotecnia. Atua principalmente com pesquisa em Agroecologia (sistemas de produ\u00e7\u00e3o de base ecol\u00f3gica) e Horticultura.<\/p>\n<p>Endere\u00e7o Eletr\u00f4nico: <a href=\"mailto:jernani@cpact.embrapa.br\">jernani@cpact.embrapa.br<\/a><\/p>\n<p>Curr\u00edculo Lattes: <a href=\"http:\/\/buscatextual.cnpq.br\/buscatextual\/visualizacv.do?id=K4797555J8\">http:\/\/buscatextual.cnpq.br\/buscatextual\/visualizacv.do?id=K4797555J8<\/a><\/p>\n<p>Trabalhos indicados para leituras: SCHWENGBER, J. E. . Os trabalhos com enfoque em Agroecologia da Embrapa Clima Temperado. Www Pronaf Gov Br, http:\/\/www.pronaf.gov.br\/dater, 2005.<\/p>\n<p><strong>Luis Mauro Santos Silva<\/strong><\/p>\n<p><a href=\"https:\/\/wp.ufpel.edu.br\/consagro\/files\/2010\/03\/Foto.jpg\"><img loading=\"lazy\" decoding=\"async\" class=\"alignnone size-thumbnail wp-image-2706\" src=\"https:\/\/wp.ufpel.edu.br\/consagro\/files\/2010\/03\/Foto-150x120.jpg\" alt=\"\" width=\"150\" height=\"120\" \/><\/a><\/p>\n<p><a href=\"https:\/\/wp.ufpel.edu.br\/consagro\/files\/2012\/02\/Foto.jpg\"><\/a><\/p>\n<p>Doutorado em Agronomia pela Universidade Federal de Pelotas. Docente-pesquisador e atual Coordenador da equipe de pesquisa LASAT (Laborat\u00f3rio S\u00f3cio-agron\u00f4mico do Tocantins). Atuando nos seguintes temas: abordagem sist\u00eamica aplicada na agronomia, sistema de cultivo, agricultura famiiar, diagn\u00f3stico agron\u00f4mico e agricultura de fronteira agr\u00edcola e avalia\u00e7\u00e3o da sustentabilidades ampla de agroecossistemas. Atualmente \u00e9 Vice-presidente da Associa\u00e7\u00e3o Brasileira de Agroecologia (regi\u00e3o Norte).<\/p>\n<p>Endere\u00e7o Eletr\u00f4nico:\u00a0<a href=\"mailto:lmsilva@ufpa.br\">lmsilva@ufpa.br<\/a><\/p>\n<p>Curr\u00edculo Lattes: <a href=\"http:\/\/buscatextual.cnpq.br\/buscatextual\/visualizacv.do?id=K4700719D0\">http:\/\/buscatextual.cnpq.br\/buscatextual\/visualizacv.do?id=K4700719D0<\/a><\/p>\n<p>Trabalhos indicados para leituras: SILVA, L. M. S. ; Martins, S. R. . Agricultura familiar e sustentabilidade na Amaz\u00f4nia: avalia\u00e7\u00e3o com indicadores multidimensionais no territ\u00f3rio sudeste do Par\u00e1<\/p>\n","protected":false},"excerpt":{"rendered":"<p>Altamiro Morais Matos Filho Desenvolve suas atividades como extensionista na Epagri \u2013 Empresa de Pesquisa Agropecu\u00e1ria e Extens\u00e3o Rural de Santa Catarina.\u00a0 Tem experi\u00eancia na \u00e1rea de Agronomia com \u00eanfase em agroecologia, avalia\u00e7\u00e3o de sustentabilidade de agroecossistemas, olericultura e desenvolvimento rural, atuando principalmente com a agricultura familiar . Endere\u00e7o Eletr\u00f4nico:miro@epagri.sc.gov.br Curr\u00edculo Lattes: http:\/\/buscatextual.cnpq.br\/buscatextual\/visualizacv.do?id=K4265977Y6 Trabalhos indicados [&hellip;]<\/p>\n","protected":false},"author":40,"featured_media":0,"parent":0,"menu_order":6,"comment_status":"closed","ping_status":"open","template":"","meta":{"jetpack_post_was_ever_published":false,"footnotes":""},"class_list":["post-151","page","type-page","status-publish","hentry"],"jetpack_sharing_enabled":true,"jetpack_shortlink":"https:\/\/wp.me\/P2YLUy-2r","_links":{"self":[{"href":"https:\/\/wp.ufpel.edu.br\/consagro\/wp-json\/wp\/v2\/pages\/151","targetHints":{"allow":["GET"]}}],"collection":[{"href":"https:\/\/wp.ufpel.edu.br\/consagro\/wp-json\/wp\/v2\/pages"}],"about":[{"href":"https:\/\/wp.ufpel.edu.br\/consagro\/wp-json\/wp\/v2\/types\/page"}],"author":[{"embeddable":true,"href":"https:\/\/wp.ufpel.edu.br\/consagro\/wp-json\/wp\/v2\/users\/40"}],"replies":[{"embeddable":true,"href":"https:\/\/wp.ufpel.edu.br\/consagro\/wp-json\/wp\/v2\/comments?post=151"}],"version-history":[{"count":17,"href":"https:\/\/wp.ufpel.edu.br\/consagro\/wp-json\/wp\/v2\/pages\/151\/revisions"}],"predecessor-version":[{"id":194,"href":"https:\/\/wp.ufpel.edu.br\/consagro\/wp-json\/wp\/v2\/pages\/151\/revisions\/194"}],"wp:attachment":[{"href":"https:\/\/wp.ufpel.edu.br\/consagro\/wp-json\/wp\/v2\/media?parent=151"}],"curies":[{"name":"wp","href":"https:\/\/api.w.org\/{rel}","templated":true}]}}