{"id":127,"date":"2010-03-05T09:50:51","date_gmt":"2010-03-05T12:50:51","guid":{"rendered":"https:\/\/wp.ufpel.edu.br\/consagro\/?page_id=127"},"modified":"2015-10-22T16:47:45","modified_gmt":"2015-10-22T18:47:45","slug":"sergio-roberto-martins","status":"publish","type":"page","link":"https:\/\/wp.ufpel.edu.br\/consagro\/sergio-roberto-martins\/","title":{"rendered":"MARTINS, S.R.- Coordenador"},"content":{"rendered":"<p><a href=\"https:\/\/wp.ufpel.edu.br\/consagro\/files\/2010\/03\/Sergio-Martins.jpg\"><img loading=\"lazy\" decoding=\"async\" class=\"alignnone size-thumbnail wp-image-1925\" src=\"https:\/\/wp.ufpel.edu.br\/consagro\/files\/2010\/03\/Sergio-Martins-e1320164175823-118x150.jpg\" alt=\"\" width=\"118\" height=\"150\" \/><\/a><\/p>\n<p>Professor aposentado da Universidade Federal de Pelotas, atualmente em atividade como professor da Universidade Federal de Santa Catarina.<\/p>\n<p>Fundador da Rede Social para Avalia\u00e7\u00e3o de Sustentabilidade de Agroecossistemas<\/p>\n<p>Endere\u00e7o Eletr\u00f4nico:\u00a0 <a href=\"mailto:martinss@brturbo.com.br\">martinss@brturbo.com.br<\/a><\/p>\n<p>Curr\u00edculo Lattes: <a href=\"http:\/\/buscatextual.cnpq.br\/buscatextual\/visualizacv.do?id=K4781531U7\" target=\"_blank\">Historico de trabalho &#8211; clique aqui<\/a><\/p>\n<p>Trabalhos indicados para leituras:<\/p>\n<p><a href=\"https:\/\/wp.ufpel.edu.br\/consagro\/files\/2010\/03\/248.pdf\">MARTINS Sergio. A responsabilidade da academia na sustentabilidade<\/a><\/p>\n","protected":false},"excerpt":{"rendered":"<p>Professor aposentado da Universidade Federal de Pelotas, atualmente em atividade como professor da Universidade Federal de Santa Catarina. Fundador da Rede Social para Avalia\u00e7\u00e3o de Sustentabilidade de Agroecossistemas Endere\u00e7o Eletr\u00f4nico:\u00a0 martinss@brturbo.com.br Curr\u00edculo Lattes: Historico de trabalho &#8211; clique aqui Trabalhos indicados para leituras: MARTINS Sergio. A responsabilidade da academia na sustentabilidade<\/p>\n","protected":false},"author":40,"featured_media":0,"parent":0,"menu_order":4,"comment_status":"closed","ping_status":"closed","template":"","meta":{"jetpack_post_was_ever_published":false,"footnotes":""},"class_list":["post-127","page","type-page","status-publish","hentry"],"jetpack_sharing_enabled":true,"jetpack_shortlink":"https:\/\/wp.me\/P2YLUy-23","_links":{"self":[{"href":"https:\/\/wp.ufpel.edu.br\/consagro\/wp-json\/wp\/v2\/pages\/127","targetHints":{"allow":["GET"]}}],"collection":[{"href":"https:\/\/wp.ufpel.edu.br\/consagro\/wp-json\/wp\/v2\/pages"}],"about":[{"href":"https:\/\/wp.ufpel.edu.br\/consagro\/wp-json\/wp\/v2\/types\/page"}],"author":[{"embeddable":true,"href":"https:\/\/wp.ufpel.edu.br\/consagro\/wp-json\/wp\/v2\/users\/40"}],"replies":[{"embeddable":true,"href":"https:\/\/wp.ufpel.edu.br\/consagro\/wp-json\/wp\/v2\/comments?post=127"}],"version-history":[{"count":16,"href":"https:\/\/wp.ufpel.edu.br\/consagro\/wp-json\/wp\/v2\/pages\/127\/revisions"}],"predecessor-version":[{"id":4472,"href":"https:\/\/wp.ufpel.edu.br\/consagro\/wp-json\/wp\/v2\/pages\/127\/revisions\/4472"}],"wp:attachment":[{"href":"https:\/\/wp.ufpel.edu.br\/consagro\/wp-json\/wp\/v2\/media?parent=127"}],"curies":[{"name":"wp","href":"https:\/\/api.w.org\/{rel}","templated":true}]}}