{"id":100,"date":"2010-01-27T09:24:54","date_gmt":"2010-01-27T11:24:54","guid":{"rendered":"https:\/\/wp.ufpel.edu.br\/consagro\/?page_id=100"},"modified":"2015-10-22T16:55:05","modified_gmt":"2015-10-22T18:55:05","slug":"verona-luiz-a-f","status":"publish","type":"page","link":"https:\/\/wp.ufpel.edu.br\/consagro\/verona-luiz-a-f\/","title":{"rendered":"VERONA, Luiz &#8211; Moderador"},"content":{"rendered":"<p><a href=\"https:\/\/wp.ufpel.edu.br\/consagro\/files\/2010\/01\/DSC00330-cnpq1.jpg\"><img loading=\"lazy\" decoding=\"async\" class=\"alignnone size-thumbnail wp-image-1921\" src=\"https:\/\/wp.ufpel.edu.br\/consagro\/files\/2010\/01\/DSC00330-cnpq1-150x150.jpg\" alt=\"\" width=\"150\" height=\"150\" \/><\/a><\/p>\n<p>Pesquisador do projeto TSGA &#8211; UFSC<\/p>\n<p>E-mail: <a href=\"mailto:luizverona@msn.com\">luizverona@msn.com<\/a><\/p>\n<p><a href=\"http:\/\/buscatextual.cnpq.br\/buscatextual\/visualizacv.do?id=K4780327T6\" target=\"_blank\">Curriculo Lattes &#8211; clique aqui<\/a><\/p>\n<p>Produ\u00e7\u00e3o T\u00e9cnica:<\/p>\n<p><a href=\"https:\/\/wp.ufpel.edu.br\/consagro\/files\/2010\/01\/VERONA-Indicadores-De-Sustentabilidade-na-Agricultura-CBO-2010.pdf\">VERONA Indicadores De Sustentabilidade na Agricultura CBO 2010<\/a><\/p>\n<p><a href=\"https:\/\/wp.ufpel.edu.br\/consagro\/files\/2010\/01\/VERONA-Indicadores-Compostos-Sustentabilidade-CBA-20071.pdf\">VERONA-Indicadores-Compostos-Sustentabilidade-CBA-2007[1]<\/a><\/p>\n<p><a href=\"https:\/\/wp.ufpel.edu.br\/consagro\/files\/2010\/01\/VERONA-Indicadores-Avalia\u00e7\u00e3o-Sustentabilidade-texto-palestra.pdf\">VERONA Indicadores Avalia\u00e7\u00e3o Sustentabilidade texto palestra<\/a><\/p>\n<p><a href=\"https:\/\/wp.ufpel.edu.br\/consagro\/files\/2012\/12\/VERONA-et-al-Rede-constru\u00e7\u00e3o-conhecimento-avalia\u00e7\u00e3o-sustentabilidade.pdf\">VERONA et al Rede constru\u00e7\u00e3o conhecimento avalia\u00e7\u00e3o sustentabilidade<\/a><\/p>\n<p>&nbsp;<\/p>\n<p>&nbsp;<\/p>\n","protected":false},"excerpt":{"rendered":"<p>Pesquisador do projeto TSGA &#8211; UFSC E-mail: luizverona@msn.com Curriculo Lattes &#8211; clique aqui Produ\u00e7\u00e3o T\u00e9cnica: VERONA Indicadores De Sustentabilidade na Agricultura CBO 2010 VERONA-Indicadores-Compostos-Sustentabilidade-CBA-2007[1] VERONA Indicadores Avalia\u00e7\u00e3o Sustentabilidade texto palestra VERONA et al Rede constru\u00e7\u00e3o conhecimento avalia\u00e7\u00e3o sustentabilidade &nbsp; &nbsp;<\/p>\n","protected":false},"author":40,"featured_media":0,"parent":0,"menu_order":5,"comment_status":"closed","ping_status":"closed","template":"","meta":{"jetpack_post_was_ever_published":false,"footnotes":""},"class_list":["post-100","page","type-page","status-publish","hentry"],"jetpack_sharing_enabled":true,"jetpack_shortlink":"https:\/\/wp.me\/P2YLUy-1C","_links":{"self":[{"href":"https:\/\/wp.ufpel.edu.br\/consagro\/wp-json\/wp\/v2\/pages\/100","targetHints":{"allow":["GET"]}}],"collection":[{"href":"https:\/\/wp.ufpel.edu.br\/consagro\/wp-json\/wp\/v2\/pages"}],"about":[{"href":"https:\/\/wp.ufpel.edu.br\/consagro\/wp-json\/wp\/v2\/types\/page"}],"author":[{"embeddable":true,"href":"https:\/\/wp.ufpel.edu.br\/consagro\/wp-json\/wp\/v2\/users\/40"}],"replies":[{"embeddable":true,"href":"https:\/\/wp.ufpel.edu.br\/consagro\/wp-json\/wp\/v2\/comments?post=100"}],"version-history":[{"count":20,"href":"https:\/\/wp.ufpel.edu.br\/consagro\/wp-json\/wp\/v2\/pages\/100\/revisions"}],"predecessor-version":[{"id":4474,"href":"https:\/\/wp.ufpel.edu.br\/consagro\/wp-json\/wp\/v2\/pages\/100\/revisions\/4474"}],"wp:attachment":[{"href":"https:\/\/wp.ufpel.edu.br\/consagro\/wp-json\/wp\/v2\/media?parent=100"}],"curies":[{"name":"wp","href":"https:\/\/api.w.org\/{rel}","templated":true}]}}