{"id":885,"date":"2022-07-11T10:27:55","date_gmt":"2022-07-11T13:27:55","guid":{"rendered":"https:\/\/wp.ufpel.edu.br\/conill\/?page_id=885"},"modified":"2022-07-12T00:18:38","modified_gmt":"2022-07-12T03:18:38","slug":"selecao-de-aluno-especial","status":"publish","type":"page","link":"https:\/\/wp.ufpel.edu.br\/conill\/selecao-de-aluno-especial\/","title":{"rendered":"Sele\u00e7\u00e3o de Aluno Especial"},"content":{"rendered":"<p>As inscri\u00e7\u00f5es ao Exame de Sele\u00e7\u00e3o para cursar disciplinas obrigat\u00f3rias e\/ou optativas como estudante especial do Programa de P\u00f3s-Gradua\u00e7\u00e3o em Desenvolvimento Territorial e Sistemas\u00a0 Agroindustriais da UFPel estar\u00e3o abertas no per\u00edodo de 04 de julho de 2022 a 27 de julho de 2022 na p\u00e1gina do Programa (http:\/\/wp.ufpel.edu.br\/ppgdtsa\/).<\/p>\n<p>As instru\u00e7\u00f5es para inscri\u00e7\u00e3o est\u00e3o publicadas no <a href=\"https:\/\/wp.ufpel.edu.br\/conill\/files\/2022\/07\/Edital-de-selecao-111-2022.-Programa-de-Pos-Graduacao-em-Desenvolvimento-Territorial-e-Sistemas-Agroindustriais.-Estudante-Especial-2022-2.pdf\">Edital N\u00ba 112\/2022 SELE\u00c7\u00c3O DE ESTUDANTE ESPECIAL 2022\/2<\/a> (Processo SEI 23110.022979\/2022-49)<\/p>\n<p>Para submeter o formul\u00e1rio de inscri\u00e7\u00e3o e demais documentos solicitados o(a) candidato(a) deve:<\/p>\n<ol>\n<li>Acessar, preencher e salvar em PDF o <a href=\"https:\/\/wp.ufpel.edu.br\/conill\/files\/2022\/07\/FORMULARIO-DE-INSCRICAO-ATUALIZADO.doc\">formul\u00e1rio de inscri\u00e7\u00e3o<\/a>.<\/li>\n<li>Envie por email (ppgdtsa@gmail.com) o formul\u00e1rio e demais documentos solicitados.<\/li>\n<\/ol>\n<p>Quaisquer d\u00favidas ou esclarecimentos podem ser feitos por email para a coordena\u00e7\u00e3o do PPGDTSA (ppgdtsa@gmail.com ou ppgdtsa@ufpel.edu.br).<\/p>\n<p><a href=\"https:\/\/wp.ufpel.edu.br\/conill\/files\/2022\/07\/FORMULARIO-DE-INSCRICAO-ATUALIZADO.doc\">FORMULARIO-DE-INSCRI\u00c7\u00c3O-ATUALIZADO<\/a><\/p>\n<p><a href=\"https:\/\/wp.ufpel.edu.br\/conill\/files\/2022\/07\/Edital-de-selecao-111-2022.-Programa-de-Pos-Graduacao-em-Desenvolvimento-Territorial-e-Sistemas-Agroindustriais.-Estudante-Especial-2022-2.pdf\">Edital-de-selecao-111-2022.-Programa-de-Pos-Graduacao-em-Desenvolvimento-Territorial-e-Sistemas-Agroindustriais.-Estudante-Especial-2022-2<\/a><\/p>\n<p>&nbsp;<\/p>\n<p>&nbsp;<\/p>\n<p>&nbsp;<\/p>\n","protected":false},"excerpt":{"rendered":"<p>As inscri\u00e7\u00f5es ao Exame de Sele\u00e7\u00e3o para cursar disciplinas obrigat\u00f3rias e\/ou optativas como estudante especial do Programa de P\u00f3s-Gradua\u00e7\u00e3o em Desenvolvimento Territorial e Sistemas\u00a0 Agroindustriais da UFPel estar\u00e3o abertas no per\u00edodo de 04 de julho de 2022 a 27 de julho de 2022 na p\u00e1gina do Programa (http:\/\/wp.ufpel.edu.br\/ppgdtsa\/). As instru\u00e7\u00f5es para inscri\u00e7\u00e3o est\u00e3o publicadas no [&hellip;]<\/p>\n","protected":false},"author":367,"featured_media":0,"parent":0,"menu_order":0,"comment_status":"closed","ping_status":"closed","template":"","meta":{"jetpack_post_was_ever_published":false,"footnotes":""},"class_list":["post-885","page","type-page","status-publish","hentry"],"jetpack_sharing_enabled":true,"jetpack_shortlink":"https:\/\/wp.me\/P6RZcY-eh","_links":{"self":[{"href":"https:\/\/wp.ufpel.edu.br\/conill\/wp-json\/wp\/v2\/pages\/885","targetHints":{"allow":["GET"]}}],"collection":[{"href":"https:\/\/wp.ufpel.edu.br\/conill\/wp-json\/wp\/v2\/pages"}],"about":[{"href":"https:\/\/wp.ufpel.edu.br\/conill\/wp-json\/wp\/v2\/types\/page"}],"author":[{"embeddable":true,"href":"https:\/\/wp.ufpel.edu.br\/conill\/wp-json\/wp\/v2\/users\/367"}],"replies":[{"embeddable":true,"href":"https:\/\/wp.ufpel.edu.br\/conill\/wp-json\/wp\/v2\/comments?post=885"}],"version-history":[{"count":5,"href":"https:\/\/wp.ufpel.edu.br\/conill\/wp-json\/wp\/v2\/pages\/885\/revisions"}],"predecessor-version":[{"id":894,"href":"https:\/\/wp.ufpel.edu.br\/conill\/wp-json\/wp\/v2\/pages\/885\/revisions\/894"}],"wp:attachment":[{"href":"https:\/\/wp.ufpel.edu.br\/conill\/wp-json\/wp\/v2\/media?parent=885"}],"curies":[{"name":"wp","href":"https:\/\/api.w.org\/{rel}","templated":true}]}}