{"id":71,"date":"2014-02-28T14:46:53","date_gmt":"2014-02-28T17:46:53","guid":{"rendered":"https:\/\/wp.ufpel.edu.br\/conill\/?page_id=71"},"modified":"2020-05-25T21:47:52","modified_gmt":"2020-05-26T00:47:52","slug":"multicriterio","status":"publish","type":"page","link":"https:\/\/wp.ufpel.edu.br\/conill\/pos-graduacao\/disciplinas\/multicriterio\/","title":{"rendered":"Metodologia Multicrit\u00e9rio em Apoio \u00e0 Decis\u00e3o"},"content":{"rendered":"<p>Esta disciplina \u00e9 ofertada a diversos Programas de P\u00f3s Gradua\u00e7\u00e3o e est\u00e1 em constante atualiza\u00e7\u00e3o e revis\u00e3o.<\/p>\n","protected":false},"excerpt":{"rendered":"<p>Esta disciplina \u00e9 ofertada a diversos Programas de P\u00f3s Gradua\u00e7\u00e3o e est\u00e1 em constante atualiza\u00e7\u00e3o e revis\u00e3o.<\/p>\n","protected":false},"author":367,"featured_media":0,"parent":117,"menu_order":0,"comment_status":"closed","ping_status":"closed","template":"","meta":{"jetpack_post_was_ever_published":false,"footnotes":""},"class_list":["post-71","page","type-page","status-publish","hentry"],"jetpack_sharing_enabled":true,"jetpack_shortlink":"https:\/\/wp.me\/P6RZcY-19","_links":{"self":[{"href":"https:\/\/wp.ufpel.edu.br\/conill\/wp-json\/wp\/v2\/pages\/71","targetHints":{"allow":["GET"]}}],"collection":[{"href":"https:\/\/wp.ufpel.edu.br\/conill\/wp-json\/wp\/v2\/pages"}],"about":[{"href":"https:\/\/wp.ufpel.edu.br\/conill\/wp-json\/wp\/v2\/types\/page"}],"author":[{"embeddable":true,"href":"https:\/\/wp.ufpel.edu.br\/conill\/wp-json\/wp\/v2\/users\/367"}],"replies":[{"embeddable":true,"href":"https:\/\/wp.ufpel.edu.br\/conill\/wp-json\/wp\/v2\/comments?post=71"}],"version-history":[{"count":4,"href":"https:\/\/wp.ufpel.edu.br\/conill\/wp-json\/wp\/v2\/pages\/71\/revisions"}],"predecessor-version":[{"id":405,"href":"https:\/\/wp.ufpel.edu.br\/conill\/wp-json\/wp\/v2\/pages\/71\/revisions\/405"}],"up":[{"embeddable":true,"href":"https:\/\/wp.ufpel.edu.br\/conill\/wp-json\/wp\/v2\/pages\/117"}],"wp:attachment":[{"href":"https:\/\/wp.ufpel.edu.br\/conill\/wp-json\/wp\/v2\/media?parent=71"}],"curies":[{"name":"wp","href":"https:\/\/api.w.org\/{rel}","templated":true}]}}