{"id":682,"date":"2020-05-25T22:23:22","date_gmt":"2020-05-26T01:23:22","guid":{"rendered":"https:\/\/wp.ufpel.edu.br\/conill\/?page_id=682"},"modified":"2020-05-26T22:10:44","modified_gmt":"2020-05-27T01:10:44","slug":"sobre-2","status":"publish","type":"page","link":"https:\/\/wp.ufpel.edu.br\/conill\/sobre-2\/","title":{"rendered":"A respeito"},"content":{"rendered":"<p>En esta p\u00e1gina encontrar\u00e1s informaci\u00f3n sobre mis actividades acad\u00e9micas.<\/p>\n<p>El sitio est\u00e1 en construcci\u00f3n &#8230; as\u00ed que, perd\u00f3n por el desastre &#8230;<\/p>\n","protected":false},"excerpt":{"rendered":"<p>En esta p\u00e1gina encontrar\u00e1s informaci\u00f3n sobre mis actividades acad\u00e9micas. El sitio est\u00e1 en construcci\u00f3n &#8230; as\u00ed que, perd\u00f3n por el desastre &#8230;<\/p>\n","protected":false},"author":367,"featured_media":0,"parent":0,"menu_order":1,"comment_status":"closed","ping_status":"closed","template":"","meta":{"jetpack_post_was_ever_published":false,"footnotes":""},"class_list":["post-682","page","type-page","status-publish","hentry"],"jetpack_sharing_enabled":true,"jetpack_shortlink":"https:\/\/wp.me\/P6RZcY-b0","_links":{"self":[{"href":"https:\/\/wp.ufpel.edu.br\/conill\/wp-json\/wp\/v2\/pages\/682","targetHints":{"allow":["GET"]}}],"collection":[{"href":"https:\/\/wp.ufpel.edu.br\/conill\/wp-json\/wp\/v2\/pages"}],"about":[{"href":"https:\/\/wp.ufpel.edu.br\/conill\/wp-json\/wp\/v2\/types\/page"}],"author":[{"embeddable":true,"href":"https:\/\/wp.ufpel.edu.br\/conill\/wp-json\/wp\/v2\/users\/367"}],"replies":[{"embeddable":true,"href":"https:\/\/wp.ufpel.edu.br\/conill\/wp-json\/wp\/v2\/comments?post=682"}],"version-history":[{"count":3,"href":"https:\/\/wp.ufpel.edu.br\/conill\/wp-json\/wp\/v2\/pages\/682\/revisions"}],"predecessor-version":[{"id":717,"href":"https:\/\/wp.ufpel.edu.br\/conill\/wp-json\/wp\/v2\/pages\/682\/revisions\/717"}],"wp:attachment":[{"href":"https:\/\/wp.ufpel.edu.br\/conill\/wp-json\/wp\/v2\/media?parent=682"}],"curies":[{"name":"wp","href":"https:\/\/api.w.org\/{rel}","templated":true}]}}