{"id":36,"date":"2014-02-27T11:48:40","date_gmt":"2014-02-27T14:48:40","guid":{"rendered":"https:\/\/wp.ufpel.edu.br\/conill\/?page_id=36"},"modified":"2020-05-25T21:47:51","modified_gmt":"2020-05-26T00:47:51","slug":"sobre","status":"publish","type":"page","link":"https:\/\/wp.ufpel.edu.br\/conill\/sobre\/","title":{"rendered":"Sobre"},"content":{"rendered":"<p>Nesta p\u00e1gina voc\u00ea vai encontrar informa\u00e7\u00f5es sobre minhas atividades acad\u00eamicas.<\/p>\n<p>O s\u00edtio est\u00e1 em constru\u00e7\u00e3o&#8230; por isso, desculpe a bagun\u00e7a&#8230;<\/p>\n<p style=\"text-align: center\"><a href=\"https:\/\/i0.wp.com\/wp.ufpel.edu.br\/conill\/files\/2014\/02\/site_construcao.jpg?ssl=1\"><br \/>\n<img data-recalc-dims=\"1\" class=\"wp-image-55 aligncenter\" src=\"https:\/\/i0.wp.com\/wp.ufpel.edu.br\/conill\/files\/2014\/02\/site_construcao.jpg?resize=136%2C115&#038;ssl=1\" alt=\"site_construcao\" width=\"136\" height=\"115\" srcset=\"https:\/\/i0.wp.com\/wp.ufpel.edu.br\/conill\/files\/2014\/02\/site_construcao.jpg?resize=379%2C318&amp;ssl=1 379w, https:\/\/i0.wp.com\/wp.ufpel.edu.br\/conill\/files\/2014\/02\/site_construcao.jpg?resize=189%2C159&amp;ssl=1 189w, https:\/\/i0.wp.com\/wp.ufpel.edu.br\/conill\/files\/2014\/02\/site_construcao.jpg?w=382&amp;ssl=1 382w\" sizes=\"(max-width: 136px) 100vw, 136px\" \/><\/a><\/p>\n<p>&nbsp;<\/p>\n<p>&nbsp;<\/p>\n","protected":false},"excerpt":{"rendered":"<p>Nesta p\u00e1gina voc\u00ea vai encontrar informa\u00e7\u00f5es sobre minhas atividades acad\u00eamicas. O s\u00edtio est\u00e1 em constru\u00e7\u00e3o&#8230; por isso, desculpe a bagun\u00e7a&#8230; &nbsp; &nbsp;<\/p>\n","protected":false},"author":367,"featured_media":0,"parent":0,"menu_order":1,"comment_status":"closed","ping_status":"closed","template":"","meta":{"jetpack_post_was_ever_published":false,"footnotes":""},"class_list":["post-36","page","type-page","status-publish","hentry"],"jetpack_sharing_enabled":true,"jetpack_shortlink":"https:\/\/wp.me\/P6RZcY-A","_links":{"self":[{"href":"https:\/\/wp.ufpel.edu.br\/conill\/wp-json\/wp\/v2\/pages\/36","targetHints":{"allow":["GET"]}}],"collection":[{"href":"https:\/\/wp.ufpel.edu.br\/conill\/wp-json\/wp\/v2\/pages"}],"about":[{"href":"https:\/\/wp.ufpel.edu.br\/conill\/wp-json\/wp\/v2\/types\/page"}],"author":[{"embeddable":true,"href":"https:\/\/wp.ufpel.edu.br\/conill\/wp-json\/wp\/v2\/users\/367"}],"replies":[{"embeddable":true,"href":"https:\/\/wp.ufpel.edu.br\/conill\/wp-json\/wp\/v2\/comments?post=36"}],"version-history":[{"count":11,"href":"https:\/\/wp.ufpel.edu.br\/conill\/wp-json\/wp\/v2\/pages\/36\/revisions"}],"predecessor-version":[{"id":530,"href":"https:\/\/wp.ufpel.edu.br\/conill\/wp-json\/wp\/v2\/pages\/36\/revisions\/530"}],"wp:attachment":[{"href":"https:\/\/wp.ufpel.edu.br\/conill\/wp-json\/wp\/v2\/media?parent=36"}],"curies":[{"name":"wp","href":"https:\/\/api.w.org\/{rel}","templated":true}]}}