{"id":182,"date":"2014-03-01T10:36:53","date_gmt":"2014-03-01T13:36:53","guid":{"rendered":"https:\/\/wp.ufpel.edu.br\/conill\/?page_id=182"},"modified":"2020-05-25T21:47:52","modified_gmt":"2020-05-26T00:47:52","slug":"biblografia","status":"publish","type":"page","link":"https:\/\/wp.ufpel.edu.br\/conill\/pos-graduacao\/disciplinas\/ogaaf\/biblografia\/","title":{"rendered":"3. Biblografia"},"content":{"rendered":"<h3><span style=\"text-decoration: underline\"><span style=\"color: #3366ff\"><strong>Organiza\u00e7\u00e3o, Gerenciamento e Administra\u00e7\u00e3o na Agricultura Familiar<\/strong><\/span><\/span><\/h3>\n","protected":false},"excerpt":{"rendered":"<p>Organiza\u00e7\u00e3o, Gerenciamento e Administra\u00e7\u00e3o na Agricultura Familiar<\/p>\n","protected":false},"author":367,"featured_media":0,"parent":107,"menu_order":3,"comment_status":"closed","ping_status":"closed","template":"","meta":{"jetpack_post_was_ever_published":false,"footnotes":""},"class_list":["post-182","page","type-page","status-publish","hentry"],"jetpack_sharing_enabled":true,"jetpack_shortlink":"https:\/\/wp.me\/P6RZcY-2W","_links":{"self":[{"href":"https:\/\/wp.ufpel.edu.br\/conill\/wp-json\/wp\/v2\/pages\/182","targetHints":{"allow":["GET"]}}],"collection":[{"href":"https:\/\/wp.ufpel.edu.br\/conill\/wp-json\/wp\/v2\/pages"}],"about":[{"href":"https:\/\/wp.ufpel.edu.br\/conill\/wp-json\/wp\/v2\/types\/page"}],"author":[{"embeddable":true,"href":"https:\/\/wp.ufpel.edu.br\/conill\/wp-json\/wp\/v2\/users\/367"}],"replies":[{"embeddable":true,"href":"https:\/\/wp.ufpel.edu.br\/conill\/wp-json\/wp\/v2\/comments?post=182"}],"version-history":[{"count":6,"href":"https:\/\/wp.ufpel.edu.br\/conill\/wp-json\/wp\/v2\/pages\/182\/revisions"}],"predecessor-version":[{"id":306,"href":"https:\/\/wp.ufpel.edu.br\/conill\/wp-json\/wp\/v2\/pages\/182\/revisions\/306"}],"up":[{"embeddable":true,"href":"https:\/\/wp.ufpel.edu.br\/conill\/wp-json\/wp\/v2\/pages\/107"}],"wp:attachment":[{"href":"https:\/\/wp.ufpel.edu.br\/conill\/wp-json\/wp\/v2\/media?parent=182"}],"curies":[{"name":"wp","href":"https:\/\/api.w.org\/{rel}","templated":true}]}}