{"id":143,"date":"2014-02-28T17:47:11","date_gmt":"2014-02-28T20:47:11","guid":{"rendered":"https:\/\/wp.ufpel.edu.br\/conill\/?page_id=143"},"modified":"2020-05-25T21:47:52","modified_gmt":"2020-05-26T00:47:52","slug":"conteudo","status":"publish","type":"page","link":"https:\/\/wp.ufpel.edu.br\/conill\/pos-graduacao\/disciplinas\/multicriterio\/conteudo\/","title":{"rendered":"2. Programa"},"content":{"rendered":"<h1><span style=\"color: #3366ff\"><strong><span style=\"font-size: medium\">Metodologia Multicrit\u00e9rio em Apoio \u00e0 Decis\u00e3o<\/span><\/strong><\/span><\/h1>\n<p>&nbsp;<\/p>\n<p><b>1.\u00a0\u00a0\u00a0\u00a0\u00a0 <\/b><b>Introdu\u00e7\u00e3o<\/b><\/p>\n<p><i>\u00a0 \u00a0 \u00a0 \u00a0 \u00a0 Cap. 1 e 2 (livro Ensslin, et al. Apoio \u00e0 Decis\u00e3o)<\/i><br \/>\n<b><\/b><\/p>\n<p><b>2.\u00a0\u00a0\u00a0\u00a0\u00a0 <\/b><b>Estrutura\u00e7\u00e3o de problemas complexos<\/b><br \/>\n<i>\u00a0 \u00a0 \u00a0 \u00a0 \u00a0 Cap. 3, 4, 5 e 6 (livro Ensslin, et al. Apoio \u00e0 Decis\u00e3o)<\/i><br \/>\n<b><\/b><\/p>\n<p><b>3.\u00a0\u00a0\u00a0\u00a0\u00a0 <\/b><b>Operacionaliza\u00e7\u00e3o de modelos multicrit\u00e9rios<\/b><br \/>\n<i>\u00a0 \u00a0 \u00a0 \u00a0 \u00a0 Cap. 7, 8 e 9 (livro Ensslin, et al. Apoio \u00e0 Decis\u00e3o)<\/i><br \/>\n<b><\/b><\/p>\n<p><b>4.\u00a0\u00a0\u00a0\u00a0\u00a0 <\/b><b>A avalia\u00e7\u00e3o de a\u00e7\u00f5es e recomenda\u00e7\u00f5es de decis\u00e3o<\/b><br \/>\n<i>\u00a0 \u00a0 \u00a0 \u00a0 \u00a0 Cap. 10 e 11 (livro Ensslin, et al. Apoio \u00e0 Decis\u00e3o)<\/i><\/p>\n<p>&nbsp;<\/p>\n","protected":false},"excerpt":{"rendered":"<p>Metodologia Multicrit\u00e9rio em Apoio \u00e0 Decis\u00e3o &nbsp; 1.\u00a0\u00a0\u00a0\u00a0\u00a0 Introdu\u00e7\u00e3o \u00a0 \u00a0 \u00a0 \u00a0 \u00a0 Cap. 1 e 2 (livro Ensslin, et al. Apoio \u00e0 Decis\u00e3o) 2.\u00a0\u00a0\u00a0\u00a0\u00a0 Estrutura\u00e7\u00e3o de problemas complexos \u00a0 \u00a0 \u00a0 \u00a0 \u00a0 Cap. 3, 4, 5 e 6 (livro Ensslin, et al. Apoio \u00e0 Decis\u00e3o) 3.\u00a0\u00a0\u00a0\u00a0\u00a0 Operacionaliza\u00e7\u00e3o de modelos multicrit\u00e9rios \u00a0 \u00a0 [&hellip;]<\/p>\n","protected":false},"author":367,"featured_media":0,"parent":71,"menu_order":2,"comment_status":"closed","ping_status":"closed","template":"","meta":{"jetpack_post_was_ever_published":false,"footnotes":""},"class_list":["post-143","page","type-page","status-publish","hentry"],"jetpack_sharing_enabled":true,"jetpack_shortlink":"https:\/\/wp.me\/P6RZcY-2j","_links":{"self":[{"href":"https:\/\/wp.ufpel.edu.br\/conill\/wp-json\/wp\/v2\/pages\/143","targetHints":{"allow":["GET"]}}],"collection":[{"href":"https:\/\/wp.ufpel.edu.br\/conill\/wp-json\/wp\/v2\/pages"}],"about":[{"href":"https:\/\/wp.ufpel.edu.br\/conill\/wp-json\/wp\/v2\/types\/page"}],"author":[{"embeddable":true,"href":"https:\/\/wp.ufpel.edu.br\/conill\/wp-json\/wp\/v2\/users\/367"}],"replies":[{"embeddable":true,"href":"https:\/\/wp.ufpel.edu.br\/conill\/wp-json\/wp\/v2\/comments?post=143"}],"version-history":[{"count":10,"href":"https:\/\/wp.ufpel.edu.br\/conill\/wp-json\/wp\/v2\/pages\/143\/revisions"}],"predecessor-version":[{"id":399,"href":"https:\/\/wp.ufpel.edu.br\/conill\/wp-json\/wp\/v2\/pages\/143\/revisions\/399"}],"up":[{"embeddable":true,"href":"https:\/\/wp.ufpel.edu.br\/conill\/wp-json\/wp\/v2\/pages\/71"}],"wp:attachment":[{"href":"https:\/\/wp.ufpel.edu.br\/conill\/wp-json\/wp\/v2\/media?parent=143"}],"curies":[{"name":"wp","href":"https:\/\/api.w.org\/{rel}","templated":true}]}}