{"id":84,"date":"2019-01-24T10:22:01","date_gmt":"2019-01-24T12:22:01","guid":{"rendered":"https:\/\/wp.ufpel.edu.br\/congressoreducaodedanos\/?page_id=84"},"modified":"2019-04-02T12:48:01","modified_gmt":"2019-04-02T15:48:01","slug":"programacao","status":"publish","type":"page","link":"https:\/\/wp.ufpel.edu.br\/congressoreducaodedanos\/sobre-o-evento\/programacao\/","title":{"rendered":"Programa\u00e7\u00e3o"},"content":{"rendered":"<p>Acesse a programa\u00e7\u00e3o completa no link:<\/p>\n<p><a href=\"https:\/\/wp.ufpel.edu.br\/congressoreducaodedanos\/files\/2019\/04\/Programa\u00e7\u00e3o-Completa-1.pdf\">Programa\u00e7\u00e3o Completa<\/a><\/p>\n","protected":false},"excerpt":{"rendered":"<p>Acesse a programa\u00e7\u00e3o completa no link: Programa\u00e7\u00e3o Completa<\/p>\n","protected":false},"author":901,"featured_media":0,"parent":58,"menu_order":0,"comment_status":"closed","ping_status":"closed","template":"","meta":{"footnotes":""},"class_list":["post-84","page","type-page","status-publish","hentry"],"_links":{"self":[{"href":"https:\/\/wp.ufpel.edu.br\/congressoreducaodedanos\/wp-json\/wp\/v2\/pages\/84","targetHints":{"allow":["GET"]}}],"collection":[{"href":"https:\/\/wp.ufpel.edu.br\/congressoreducaodedanos\/wp-json\/wp\/v2\/pages"}],"about":[{"href":"https:\/\/wp.ufpel.edu.br\/congressoreducaodedanos\/wp-json\/wp\/v2\/types\/page"}],"author":[{"embeddable":true,"href":"https:\/\/wp.ufpel.edu.br\/congressoreducaodedanos\/wp-json\/wp\/v2\/users\/901"}],"replies":[{"embeddable":true,"href":"https:\/\/wp.ufpel.edu.br\/congressoreducaodedanos\/wp-json\/wp\/v2\/comments?post=84"}],"version-history":[{"count":14,"href":"https:\/\/wp.ufpel.edu.br\/congressoreducaodedanos\/wp-json\/wp\/v2\/pages\/84\/revisions"}],"predecessor-version":[{"id":307,"href":"https:\/\/wp.ufpel.edu.br\/congressoreducaodedanos\/wp-json\/wp\/v2\/pages\/84\/revisions\/307"}],"up":[{"embeddable":true,"href":"https:\/\/wp.ufpel.edu.br\/congressoreducaodedanos\/wp-json\/wp\/v2\/pages\/58"}],"wp:attachment":[{"href":"https:\/\/wp.ufpel.edu.br\/congressoreducaodedanos\/wp-json\/wp\/v2\/media?parent=84"}],"curies":[{"name":"wp","href":"https:\/\/api.w.org\/{rel}","templated":true}]}}