{"id":67,"date":"2019-01-24T09:33:27","date_gmt":"2019-01-24T11:33:27","guid":{"rendered":"https:\/\/wp.ufpel.edu.br\/congressoreducaodedanos\/?page_id=67"},"modified":"2019-04-10T14:29:17","modified_gmt":"2019-04-10T17:29:17","slug":"inscricoes","status":"publish","type":"page","link":"https:\/\/wp.ufpel.edu.br\/congressoreducaodedanos\/inscricoes\/","title":{"rendered":"Inscri\u00e7\u00f5es"},"content":{"rendered":"<p>INSCRI\u00c7\u00d5ES ENCERRADAS!<\/p>\n<p>Aten\u00e7\u00e3o:<br \/>\nAs vagas foram todas preenchidas, n\u00e3o haver\u00e1 inscri\u00e7\u00e3o no dia e local do evento!<br \/>\nSe voc\u00ea ir\u00e1 apresentar trabalho, fez o pagamento at\u00e9 o dia 10\/04 ao meio dia e n\u00e3o realizou a inscri\u00e7\u00e3o no formul\u00e1rio, entre em contato conosco!<\/p>\n<p>Nos encontramos dia 15\/04 (segunda-feira) &#8211; 9h no Audit\u00f3rio da Faculdade de Direito<br \/>\n(Rua F\u00e9lix da Cunha, 363 &#8211; entrada pela Rua 3 de Maio &#8211; Centro &#8211; Pelotas\/RS)<\/p>\n","protected":false},"excerpt":{"rendered":"<p>INSCRI\u00c7\u00d5ES ENCERRADAS! Aten\u00e7\u00e3o: As vagas foram todas preenchidas, n\u00e3o haver\u00e1 inscri\u00e7\u00e3o no dia e local do evento! Se voc\u00ea ir\u00e1 apresentar trabalho, fez o pagamento at\u00e9 o dia 10\/04 ao meio dia e n\u00e3o realizou a inscri\u00e7\u00e3o no formul\u00e1rio, entre em contato conosco! Nos encontramos dia 15\/04 (segunda-feira) &#8211; 9h no Audit\u00f3rio da Faculdade de [&hellip;]<\/p>\n","protected":false},"author":901,"featured_media":0,"parent":0,"menu_order":2,"comment_status":"closed","ping_status":"closed","template":"","meta":{"footnotes":""},"class_list":["post-67","page","type-page","status-publish","hentry"],"_links":{"self":[{"href":"https:\/\/wp.ufpel.edu.br\/congressoreducaodedanos\/wp-json\/wp\/v2\/pages\/67","targetHints":{"allow":["GET"]}}],"collection":[{"href":"https:\/\/wp.ufpel.edu.br\/congressoreducaodedanos\/wp-json\/wp\/v2\/pages"}],"about":[{"href":"https:\/\/wp.ufpel.edu.br\/congressoreducaodedanos\/wp-json\/wp\/v2\/types\/page"}],"author":[{"embeddable":true,"href":"https:\/\/wp.ufpel.edu.br\/congressoreducaodedanos\/wp-json\/wp\/v2\/users\/901"}],"replies":[{"embeddable":true,"href":"https:\/\/wp.ufpel.edu.br\/congressoreducaodedanos\/wp-json\/wp\/v2\/comments?post=67"}],"version-history":[{"count":3,"href":"https:\/\/wp.ufpel.edu.br\/congressoreducaodedanos\/wp-json\/wp\/v2\/pages\/67\/revisions"}],"predecessor-version":[{"id":322,"href":"https:\/\/wp.ufpel.edu.br\/congressoreducaodedanos\/wp-json\/wp\/v2\/pages\/67\/revisions\/322"}],"wp:attachment":[{"href":"https:\/\/wp.ufpel.edu.br\/congressoreducaodedanos\/wp-json\/wp\/v2\/media?parent=67"}],"curies":[{"name":"wp","href":"https:\/\/api.w.org\/{rel}","templated":true}]}}