{"id":63,"date":"2019-01-24T09:32:48","date_gmt":"2019-01-24T11:32:48","guid":{"rendered":"https:\/\/wp.ufpel.edu.br\/congressoreducaodedanos\/?page_id=63"},"modified":"2019-02-15T12:54:50","modified_gmt":"2019-02-15T14:54:50","slug":"normas-para-submissao-dos-resumos","status":"publish","type":"page","link":"https:\/\/wp.ufpel.edu.br\/congressoreducaodedanos\/normas-para-submissao-dos-resumos\/","title":{"rendered":"Normas para submiss\u00e3o dos resumos"},"content":{"rendered":"<p>As normas e o modelo dos trabalhos est\u00e3o dispon\u00edveis nos arquivos a seguir:<\/p>\n<p><a href=\"https:\/\/wp.ufpel.edu.br\/congressoreducaodedanos\/files\/2019\/02\/NORMAS-TRABALHOS-.pdf\">NORMAS-TRABALHOS<\/a><\/p>\n<p>&nbsp;<\/p>\n<p><a href=\"https:\/\/wp.ufpel.edu.br\/congressoreducaodedanos\/files\/2019\/01\/Modelo-de-Trabalho.docx\">Modelo de Trabalho<\/a><\/p>\n<p>&nbsp;<\/p>\n","protected":false},"excerpt":{"rendered":"<p>As normas e o modelo dos trabalhos est\u00e3o dispon\u00edveis nos arquivos a seguir: NORMAS-TRABALHOS &nbsp; Modelo de Trabalho &nbsp;<\/p>\n","protected":false},"author":901,"featured_media":0,"parent":0,"menu_order":3,"comment_status":"closed","ping_status":"closed","template":"","meta":{"footnotes":""},"class_list":["post-63","page","type-page","status-publish","hentry"],"_links":{"self":[{"href":"https:\/\/wp.ufpel.edu.br\/congressoreducaodedanos\/wp-json\/wp\/v2\/pages\/63","targetHints":{"allow":["GET"]}}],"collection":[{"href":"https:\/\/wp.ufpel.edu.br\/congressoreducaodedanos\/wp-json\/wp\/v2\/pages"}],"about":[{"href":"https:\/\/wp.ufpel.edu.br\/congressoreducaodedanos\/wp-json\/wp\/v2\/types\/page"}],"author":[{"embeddable":true,"href":"https:\/\/wp.ufpel.edu.br\/congressoreducaodedanos\/wp-json\/wp\/v2\/users\/901"}],"replies":[{"embeddable":true,"href":"https:\/\/wp.ufpel.edu.br\/congressoreducaodedanos\/wp-json\/wp\/v2\/comments?post=63"}],"version-history":[{"count":8,"href":"https:\/\/wp.ufpel.edu.br\/congressoreducaodedanos\/wp-json\/wp\/v2\/pages\/63\/revisions"}],"predecessor-version":[{"id":175,"href":"https:\/\/wp.ufpel.edu.br\/congressoreducaodedanos\/wp-json\/wp\/v2\/pages\/63\/revisions\/175"}],"wp:attachment":[{"href":"https:\/\/wp.ufpel.edu.br\/congressoreducaodedanos\/wp-json\/wp\/v2\/media?parent=63"}],"curies":[{"name":"wp","href":"https:\/\/api.w.org\/{rel}","templated":true}]}}