{"id":360,"date":"2020-01-20T21:33:41","date_gmt":"2020-01-21T00:33:41","guid":{"rendered":"https:\/\/wp.ufpel.edu.br\/congressoreducaodedanos\/?page_id=360"},"modified":"2020-01-20T21:33:41","modified_gmt":"2020-01-21T00:33:41","slug":"anais","status":"publish","type":"page","link":"https:\/\/wp.ufpel.edu.br\/congressoreducaodedanos\/anais\/","title":{"rendered":"ANAIS"},"content":{"rendered":"<p>Confira a publica\u00e7\u00e3o dos Anais do II Semin\u00e1rio de Subst\u00e2ncias Psicoativas e I Congresso Internacional de Redu\u00e7\u00e3o de Danos e cuidado a pessoas que usam drogas:<\/p>\n<p><a href=\"https:\/\/wp.ufpel.edu.br\/congressoreducaodedanos\/files\/2020\/01\/Anais-Congresso-Internacional-de-RD-1.pdf\">Anais Congresso Internacional de RD<\/a><\/p>\n","protected":false},"excerpt":{"rendered":"<p>Confira a publica\u00e7\u00e3o dos Anais do II Semin\u00e1rio de Subst\u00e2ncias Psicoativas e I Congresso Internacional de Redu\u00e7\u00e3o de Danos e cuidado a pessoas que usam drogas: Anais Congresso Internacional de RD<\/p>\n","protected":false},"author":901,"featured_media":0,"parent":0,"menu_order":0,"comment_status":"closed","ping_status":"closed","template":"","meta":{"footnotes":""},"class_list":["post-360","page","type-page","status-publish","hentry"],"_links":{"self":[{"href":"https:\/\/wp.ufpel.edu.br\/congressoreducaodedanos\/wp-json\/wp\/v2\/pages\/360","targetHints":{"allow":["GET"]}}],"collection":[{"href":"https:\/\/wp.ufpel.edu.br\/congressoreducaodedanos\/wp-json\/wp\/v2\/pages"}],"about":[{"href":"https:\/\/wp.ufpel.edu.br\/congressoreducaodedanos\/wp-json\/wp\/v2\/types\/page"}],"author":[{"embeddable":true,"href":"https:\/\/wp.ufpel.edu.br\/congressoreducaodedanos\/wp-json\/wp\/v2\/users\/901"}],"replies":[{"embeddable":true,"href":"https:\/\/wp.ufpel.edu.br\/congressoreducaodedanos\/wp-json\/wp\/v2\/comments?post=360"}],"version-history":[{"count":1,"href":"https:\/\/wp.ufpel.edu.br\/congressoreducaodedanos\/wp-json\/wp\/v2\/pages\/360\/revisions"}],"predecessor-version":[{"id":364,"href":"https:\/\/wp.ufpel.edu.br\/congressoreducaodedanos\/wp-json\/wp\/v2\/pages\/360\/revisions\/364"}],"wp:attachment":[{"href":"https:\/\/wp.ufpel.edu.br\/congressoreducaodedanos\/wp-json\/wp\/v2\/media?parent=360"}],"curies":[{"name":"wp","href":"https:\/\/api.w.org\/{rel}","templated":true}]}}