{"id":741,"date":"2025-03-31T09:49:35","date_gmt":"2025-03-31T12:49:35","guid":{"rendered":"https:\/\/wp.ufpel.edu.br\/congressoinovacao\/?page_id=741"},"modified":"2025-03-31T10:18:17","modified_gmt":"2025-03-31T13:18:17","slug":"viii-cit-2024","status":"publish","type":"page","link":"https:\/\/wp.ufpel.edu.br\/congressoinovacao\/edicoes-anteriores\/viii-cit-2024\/","title":{"rendered":"VIII CIT (2024)"},"content":{"rendered":"<p style=\"text-align: center;\"><img loading=\"lazy\" decoding=\"async\" class=\"aligncenter size-large wp-image-673\" src=\"https:\/\/wp.ufpel.edu.br\/congressoinovacao\/files\/2024\/05\/Cabec\u0327alhos_Site_CIT-984x142.png\" alt=\"\" width=\"604\" height=\"87\" srcset=\"https:\/\/wp.ufpel.edu.br\/congressoinovacao\/files\/2024\/05\/Cabec\u0327alhos_Site_CIT-984x142.png 984w, https:\/\/wp.ufpel.edu.br\/congressoinovacao\/files\/2024\/05\/Cabec\u0327alhos_Site_CIT-400x58.png 400w, https:\/\/wp.ufpel.edu.br\/congressoinovacao\/files\/2024\/05\/Cabec\u0327alhos_Site_CIT-768x111.png 768w, https:\/\/wp.ufpel.edu.br\/congressoinovacao\/files\/2024\/05\/Cabec\u0327alhos_Site_CIT-1536x222.png 1536w, https:\/\/wp.ufpel.edu.br\/congressoinovacao\/files\/2024\/05\/Cabec\u0327alhos_Site_CIT.png 1601w\" sizes=\"auto, (max-width: 604px) 100vw, 604px\" \/><strong>DE 25 A 29 DE NOVEMBRO DE 2024<\/strong><\/p>\n<ul>\n<li><a href=\"https:\/\/wp.ufpel.edu.br\/congressoinovacao\/anais\/anais-2024\/\">Anais<\/a><\/li>\n<li><a href=\"https:\/\/wp.ufpel.edu.br\/congressoinovacao\/category\/noticias\/2024\/\">Not\u00edcias<\/a><\/li>\n<li><a href=\"https:\/\/wp.ufpel.edu.br\/congressoinovacao\/edicoes-anteriores\/viii-cit-2024\/programacao\/\">Programa\u00e7\u00e3o<\/a><\/li>\n<\/ul>\n<p>&nbsp;<\/p>\n","protected":false},"excerpt":{"rendered":"<p>DE 25 A 29 DE NOVEMBRO DE 2024 Anais Not\u00edcias Programa\u00e7\u00e3o &nbsp;<\/p>\n","protected":false},"author":20,"featured_media":0,"parent":131,"menu_order":0,"comment_status":"closed","ping_status":"closed","template":"","meta":{"jetpack_post_was_ever_published":false,"footnotes":"","_links_to":"","_links_to_target":""},"class_list":["post-741","page","type-page","status-publish","hentry"],"jetpack_sharing_enabled":true,"_links":{"self":[{"href":"https:\/\/wp.ufpel.edu.br\/congressoinovacao\/wp-json\/wp\/v2\/pages\/741","targetHints":{"allow":["GET"]}}],"collection":[{"href":"https:\/\/wp.ufpel.edu.br\/congressoinovacao\/wp-json\/wp\/v2\/pages"}],"about":[{"href":"https:\/\/wp.ufpel.edu.br\/congressoinovacao\/wp-json\/wp\/v2\/types\/page"}],"author":[{"embeddable":true,"href":"https:\/\/wp.ufpel.edu.br\/congressoinovacao\/wp-json\/wp\/v2\/users\/20"}],"replies":[{"embeddable":true,"href":"https:\/\/wp.ufpel.edu.br\/congressoinovacao\/wp-json\/wp\/v2\/comments?post=741"}],"version-history":[{"count":2,"href":"https:\/\/wp.ufpel.edu.br\/congressoinovacao\/wp-json\/wp\/v2\/pages\/741\/revisions"}],"predecessor-version":[{"id":750,"href":"https:\/\/wp.ufpel.edu.br\/congressoinovacao\/wp-json\/wp\/v2\/pages\/741\/revisions\/750"}],"up":[{"embeddable":true,"href":"https:\/\/wp.ufpel.edu.br\/congressoinovacao\/wp-json\/wp\/v2\/pages\/131"}],"wp:attachment":[{"href":"https:\/\/wp.ufpel.edu.br\/congressoinovacao\/wp-json\/wp\/v2\/media?parent=741"}],"curies":[{"name":"wp","href":"https:\/\/api.w.org\/{rel}","templated":true}]}}