{"id":492,"date":"2022-05-10T10:26:28","date_gmt":"2022-05-10T13:26:28","guid":{"rendered":"https:\/\/wp.ufpel.edu.br\/congressoinovacao\/?page_id=492"},"modified":"2022-05-10T10:43:51","modified_gmt":"2022-05-10T13:43:51","slug":"v-cit-2021","status":"publish","type":"page","link":"https:\/\/wp.ufpel.edu.br\/congressoinovacao\/edicoes-anteriores\/v-cit-2021\/","title":{"rendered":"V CIT (2021)"},"content":{"rendered":"<p style=\"text-align: center;\"><img loading=\"lazy\" decoding=\"async\" class=\"aligncenter wp-image-417 size-large\" src=\"https:\/\/wp.ufpel.edu.br\/congressoinovacao\/files\/2021\/06\/cropped-CIT_2021-1024x147.png\" alt=\"\" width=\"604\" height=\"87\" srcset=\"https:\/\/wp.ufpel.edu.br\/congressoinovacao\/files\/2021\/06\/cropped-CIT_2021-1024x147.png 1024w, https:\/\/wp.ufpel.edu.br\/congressoinovacao\/files\/2021\/06\/cropped-CIT_2021-400x58.png 400w, https:\/\/wp.ufpel.edu.br\/congressoinovacao\/files\/2021\/06\/cropped-CIT_2021-768x110.png 768w, https:\/\/wp.ufpel.edu.br\/congressoinovacao\/files\/2021\/06\/cropped-CIT_2021-1536x221.png 1536w, https:\/\/wp.ufpel.edu.br\/congressoinovacao\/files\/2021\/06\/cropped-CIT_2021-2048x294.png 2048w\" sizes=\"auto, (max-width: 604px) 100vw, 604px\" \/><strong>DE 18 A 22 DE OUTUBRO DE 2021, EM FORMATO REMOTO.<\/strong><\/p>\n<ul>\n<li><a href=\"https:\/\/wp.ufpel.edu.br\/congressoinovacao\/anais\/anais-2021\/\">Anais 2021<\/a><\/li>\n<li><a href=\"https:\/\/wp.ufpel.edu.br\/congressoinovacao\/category\/noticias\/2021\/\">Not\u00edcias<\/a><\/li>\n<\/ul>\n<h3>Trabalhos apresentados (v\u00eddeos):<\/h3>\n<ul>\n<li><a href=\"https:\/\/cti.ufpel.edu.br\/siiepe\/apresentacoes\/2021\/ca\/cit\">Ci\u00eancias Agr\u00e1rias<\/a><\/li>\n<li><a href=\"https:\/\/cti.ufpel.edu.br\/siiepe\/apresentacoes\/2021\/cb\/cit\">Ci\u00eancias Biol\u00f3gicas<\/a><\/li>\n<li><a href=\"https:\/\/cti.ufpel.edu.br\/siiepe\/apresentacoes\/2021\/ce\/cit\">Ci\u00eancias Exatas e da Terra<\/a><\/li>\n<li><a href=\"https:\/\/cti.ufpel.edu.br\/siiepe\/apresentacoes\/2021\/ch\/cit\">Ci\u00eancias Humanas<\/a><\/li>\n<li><a href=\"https:\/\/cti.ufpel.edu.br\/siiepe\/apresentacoes\/2021\/cs\/cit\">Ci\u00eancias da Sa\u00fade<\/a><\/li>\n<li><a href=\"https:\/\/cti.ufpel.edu.br\/siiepe\/apresentacoes\/2021\/sa\/cit\">Ci\u00eancias Sociais Aplicadas<\/a><\/li>\n<li><a href=\"https:\/\/cti.ufpel.edu.br\/siiepe\/apresentacoes\/2021\/en\/cit\">Engenharias<\/a><\/li>\n<li><a href=\"https:\/\/cti.ufpel.edu.br\/siiepe\/apresentacoes\/2021\/la\/cit\">Ling\u00fc\u00edstica, Letras e Artes<\/a><\/li>\n<li><a href=\"https:\/\/cti.ufpel.edu.br\/siiepe\/apresentacoes\/2021\/md\/cit\">Multidisciplinar<\/a><\/li>\n<\/ul>\n<p>&nbsp;<\/p>\n<p>&nbsp;<\/p>\n","protected":false},"excerpt":{"rendered":"<p>DE 18 A 22 DE OUTUBRO DE 2021, EM FORMATO REMOTO. Anais 2021 Not\u00edcias Trabalhos apresentados (v\u00eddeos): Ci\u00eancias Agr\u00e1rias Ci\u00eancias Biol\u00f3gicas Ci\u00eancias Exatas e da Terra Ci\u00eancias Humanas Ci\u00eancias da Sa\u00fade Ci\u00eancias Sociais Aplicadas Engenharias Ling\u00fc\u00edstica, Letras e Artes Multidisciplinar &nbsp; &nbsp;<\/p>\n","protected":false},"author":20,"featured_media":0,"parent":131,"menu_order":0,"comment_status":"closed","ping_status":"closed","template":"","meta":{"jetpack_post_was_ever_published":false,"footnotes":"","_links_to":"","_links_to_target":""},"class_list":["post-492","page","type-page","status-publish","hentry"],"jetpack_sharing_enabled":true,"_links":{"self":[{"href":"https:\/\/wp.ufpel.edu.br\/congressoinovacao\/wp-json\/wp\/v2\/pages\/492","targetHints":{"allow":["GET"]}}],"collection":[{"href":"https:\/\/wp.ufpel.edu.br\/congressoinovacao\/wp-json\/wp\/v2\/pages"}],"about":[{"href":"https:\/\/wp.ufpel.edu.br\/congressoinovacao\/wp-json\/wp\/v2\/types\/page"}],"author":[{"embeddable":true,"href":"https:\/\/wp.ufpel.edu.br\/congressoinovacao\/wp-json\/wp\/v2\/users\/20"}],"replies":[{"embeddable":true,"href":"https:\/\/wp.ufpel.edu.br\/congressoinovacao\/wp-json\/wp\/v2\/comments?post=492"}],"version-history":[{"count":3,"href":"https:\/\/wp.ufpel.edu.br\/congressoinovacao\/wp-json\/wp\/v2\/pages\/492\/revisions"}],"predecessor-version":[{"id":501,"href":"https:\/\/wp.ufpel.edu.br\/congressoinovacao\/wp-json\/wp\/v2\/pages\/492\/revisions\/501"}],"up":[{"embeddable":true,"href":"https:\/\/wp.ufpel.edu.br\/congressoinovacao\/wp-json\/wp\/v2\/pages\/131"}],"wp:attachment":[{"href":"https:\/\/wp.ufpel.edu.br\/congressoinovacao\/wp-json\/wp\/v2\/media?parent=492"}],"curies":[{"name":"wp","href":"https:\/\/api.w.org\/{rel}","templated":true}]}}