{"id":23,"date":"2017-07-24T13:00:12","date_gmt":"2017-07-24T16:00:12","guid":{"rendered":"https:\/\/wp.ufpel.edu.br\/congressoinovacao\/?page_id=23"},"modified":"2023-11-06T22:20:15","modified_gmt":"2023-11-07T01:20:15","slug":"sobre","status":"publish","type":"page","link":"https:\/\/wp.ufpel.edu.br\/congressoinovacao\/sobre\/","title":{"rendered":"Sobre"},"content":{"rendered":"<p><strong>VII CONGRESSO DE INOVA\u00c7\u00c3O TECNOL\u00d3GICA DA UFPel<\/strong><\/p>\n<p><strong>O que \u00e9 o CIT?<\/strong><\/p>\n<ul>\n<li>A UFPel promove o VII Congresso de Inova\u00e7\u00e3o Tecnol\u00f3gica atrav\u00e9s da INOVA &#8211; Superintend\u00eancia de Inova\u00e7\u00e3o e Desenvolvimento Interinstitucional. O evento tem como objetivo acompanhar, promover e divulgar as produ\u00e7\u00f5es tecnol\u00f3gicas e de inova\u00e7\u00e3o de estudantes da Universidade Federal Pelotas e outras institui\u00e7\u00f5es que atuam em pesquisas voltadas ao empreendedorismo, desenvolvimento tecnol\u00f3gico e inova\u00e7\u00e3o.<\/li>\n<\/ul>\n<p><strong>Quem pode se inscrever?<\/strong><\/p>\n<ul>\n<li>Aten\u00e7\u00e3o para a novidade: Os bolsistas de quota IT (PIBITI-CNPq, PROBITI-FAPERGS, PBIP-IT- UFPel ou PBEI) dever\u00e3o obrigatoriamente se inscrever no CIT. Opcionalmente poder\u00e3o se inscrever bolsistas que tiveram quota IT ou ITI de outras Institui\u00e7\u00f5es. Al\u00e9m disso, outros alunos ou membros da comunidade interessados em apresentar seus trabalhos vinculados ao empreendedorismo e inova\u00e7\u00e3o tecnol\u00f3gica poder\u00e3o se inscrever no evento.<\/li>\n<\/ul>\n","protected":false},"excerpt":{"rendered":"<p>VII CONGRESSO DE INOVA\u00c7\u00c3O TECNOL\u00d3GICA DA UFPel O que \u00e9 o CIT? A UFPel promove o VII Congresso de Inova\u00e7\u00e3o Tecnol\u00f3gica atrav\u00e9s da INOVA &#8211; Superintend\u00eancia de Inova\u00e7\u00e3o e Desenvolvimento Interinstitucional. O evento tem como objetivo acompanhar, promover e divulgar as produ\u00e7\u00f5es tecnol\u00f3gicas e de inova\u00e7\u00e3o de estudantes da Universidade Federal Pelotas e outras institui\u00e7\u00f5es &hellip; <a href=\"https:\/\/wp.ufpel.edu.br\/congressoinovacao\/sobre\/\" class=\"more-link\">Continue lendo <span class=\"screen-reader-text\">Sobre<\/span> <span class=\"meta-nav\">&rarr;<\/span><\/a><\/p>\n","protected":false},"author":20,"featured_media":0,"parent":0,"menu_order":0,"comment_status":"closed","ping_status":"closed","template":"","meta":{"jetpack_post_was_ever_published":false,"footnotes":"","_links_to":"","_links_to_target":""},"class_list":["post-23","page","type-page","status-publish","hentry"],"jetpack_sharing_enabled":true,"_links":{"self":[{"href":"https:\/\/wp.ufpel.edu.br\/congressoinovacao\/wp-json\/wp\/v2\/pages\/23","targetHints":{"allow":["GET"]}}],"collection":[{"href":"https:\/\/wp.ufpel.edu.br\/congressoinovacao\/wp-json\/wp\/v2\/pages"}],"about":[{"href":"https:\/\/wp.ufpel.edu.br\/congressoinovacao\/wp-json\/wp\/v2\/types\/page"}],"author":[{"embeddable":true,"href":"https:\/\/wp.ufpel.edu.br\/congressoinovacao\/wp-json\/wp\/v2\/users\/20"}],"replies":[{"embeddable":true,"href":"https:\/\/wp.ufpel.edu.br\/congressoinovacao\/wp-json\/wp\/v2\/comments?post=23"}],"version-history":[{"count":7,"href":"https:\/\/wp.ufpel.edu.br\/congressoinovacao\/wp-json\/wp\/v2\/pages\/23\/revisions"}],"predecessor-version":[{"id":598,"href":"https:\/\/wp.ufpel.edu.br\/congressoinovacao\/wp-json\/wp\/v2\/pages\/23\/revisions\/598"}],"wp:attachment":[{"href":"https:\/\/wp.ufpel.edu.br\/congressoinovacao\/wp-json\/wp\/v2\/media?parent=23"}],"curies":[{"name":"wp","href":"https:\/\/api.w.org\/{rel}","templated":true}]}}