{"id":14,"date":"2017-07-24T12:58:00","date_gmt":"2017-07-24T15:58:00","guid":{"rendered":"https:\/\/wp.ufpel.edu.br\/congressoinovacao\/?page_id=14"},"modified":"2025-10-23T16:25:07","modified_gmt":"2025-10-23T19:25:07","slug":"organizacao","status":"publish","type":"page","link":"https:\/\/wp.ufpel.edu.br\/congressoinovacao\/organizacao\/","title":{"rendered":"Organiza\u00e7\u00e3o"},"content":{"rendered":"<h3>Comiss\u00e3o Executiva do IX CIT<\/h3>\n<p style=\"text-align: justify;\">Adalice Andrade Kosby<br \/>\nFelipe de Souza Marques<br \/>\nTainara M\u00fcller Garcia<br \/>\nVinicius Farias Campos<\/p>\n","protected":false},"excerpt":{"rendered":"<p>Comiss\u00e3o Executiva do IX CIT Adalice Andrade Kosby Felipe de Souza Marques Tainara M\u00fcller Garcia Vinicius Farias Campos<\/p>\n","protected":false},"author":20,"featured_media":0,"parent":0,"menu_order":0,"comment_status":"closed","ping_status":"closed","template":"","meta":{"jetpack_post_was_ever_published":false,"footnotes":"","_links_to":"","_links_to_target":""},"class_list":["post-14","page","type-page","status-publish","hentry"],"jetpack_sharing_enabled":true,"_links":{"self":[{"href":"https:\/\/wp.ufpel.edu.br\/congressoinovacao\/wp-json\/wp\/v2\/pages\/14","targetHints":{"allow":["GET"]}}],"collection":[{"href":"https:\/\/wp.ufpel.edu.br\/congressoinovacao\/wp-json\/wp\/v2\/pages"}],"about":[{"href":"https:\/\/wp.ufpel.edu.br\/congressoinovacao\/wp-json\/wp\/v2\/types\/page"}],"author":[{"embeddable":true,"href":"https:\/\/wp.ufpel.edu.br\/congressoinovacao\/wp-json\/wp\/v2\/users\/20"}],"replies":[{"embeddable":true,"href":"https:\/\/wp.ufpel.edu.br\/congressoinovacao\/wp-json\/wp\/v2\/comments?post=14"}],"version-history":[{"count":4,"href":"https:\/\/wp.ufpel.edu.br\/congressoinovacao\/wp-json\/wp\/v2\/pages\/14\/revisions"}],"predecessor-version":[{"id":794,"href":"https:\/\/wp.ufpel.edu.br\/congressoinovacao\/wp-json\/wp\/v2\/pages\/14\/revisions\/794"}],"wp:attachment":[{"href":"https:\/\/wp.ufpel.edu.br\/congressoinovacao\/wp-json\/wp\/v2\/media?parent=14"}],"curies":[{"name":"wp","href":"https:\/\/api.w.org\/{rel}","templated":true}]}}