{"id":87,"date":"2014-07-02T00:54:57","date_gmt":"2014-07-02T03:54:57","guid":{"rendered":"https:\/\/wp.ufpel.edu.br\/congressoextensao\/?page_id=87"},"modified":"2017-08-28T09:45:28","modified_gmt":"2017-08-28T12:45:28","slug":"i-cec-2014","status":"publish","type":"page","link":"https:\/\/wp.ufpel.edu.br\/congressoextensao\/edicoes-anteriores\/i-cec-2014\/","title":{"rendered":"I CEC (2014)"},"content":{"rendered":"<p class=\"western\" style=\"margin-top: 0.21cm; margin-bottom: 0cm; background: #ffffff; line-height: 0.39cm;\" align=\"JUSTIFY\"><span style=\"color: #222222;\"><span style=\"font-family: Arial,sans-serif;\"><span style=\"font-size: small;\"><br \/>\n<a href=\"https:\/\/wp.ufpel.edu.br\/congressoextensao\/files\/2014\/07\/CEC-horizontal4.png\"><img loading=\"lazy\" decoding=\"async\" class=\"alignnone size-full wp-image-111\" src=\"https:\/\/wp.ufpel.edu.br\/congressoextensao\/files\/2014\/07\/CEC-horizontal4.png\" alt=\"CEC horizontal\" width=\"1551\" height=\"104\" srcset=\"https:\/\/wp.ufpel.edu.br\/congressoextensao\/files\/2014\/07\/CEC-horizontal4.png 1551w, https:\/\/wp.ufpel.edu.br\/congressoextensao\/files\/2014\/07\/CEC-horizontal4-212x14.png 212w, https:\/\/wp.ufpel.edu.br\/congressoextensao\/files\/2014\/07\/CEC-horizontal4-424x28.png 424w\" sizes=\"auto, (max-width: 1551px) 100vw, 1551px\" \/><\/a><\/span><\/span><\/span><\/p>\n<p>&nbsp;<\/p>\n<p>O Congresso de Extens\u00e3o e Cultura promovido pela Pr\u00f3-Reitoria de Extens\u00e3o e Cultura inaugura-se, neste ano de 2014, como uma das a\u00e7\u00f5es que comemora os 45 anos da Universidade Federal de Pelotas. Reverencia com o slogan \u201cmem\u00f3ria e muitos tempos\u201d a mem\u00f3ria, n\u00e3o apenas das quatro d\u00e9cadas e meia da funda\u00e7\u00e3o desta Universidade, mas da trajet\u00f3ria anterior das institui\u00e7\u00f5es que a constitu\u00edram. Com a ideia de um tempo e de uma mem\u00f3ria estendida para al\u00e9m do passado ou da cronologia evidente, referencia-se, tamb\u00e9m, a extens\u00e3o do conhecimento, do impacto social e da integra\u00e7\u00e3o que a Universidade deve e deseja ter sobre a realidade social.<\/p>\n<p>Assim, este evento no formato de Congresso, incentiva a participa\u00e7\u00e3o de alunos da UFPel e de outras institui\u00e7\u00f5es acad\u00eamicas nas formas de comunica\u00e7\u00e3o oral de trabalhos de extens\u00e3o e de publica\u00e7\u00e3o nos Anais do evento.\u00a0 O Congresso tamb\u00e9m oportunizar\u00e1 ao longo de sua ocorr\u00eancia, tr\u00eas eventos:\u00a0 Col\u00f3quio de Integra\u00e7\u00e3o Cultural Brasil-Uruguai; Encontro de Estudantes Extensionistas; Forum de Extens\u00e3o, Arte e Cultura Popular.<br \/>\nA inscri\u00e7\u00e3o no CEC d\u00e1 direito a assistir e participar de todos os eventos, que pretendem, no seu conjunto, ampliar a discuss\u00e3o sobre as muitas facetas da extens\u00e3o na sociedade.<br \/>\nDurante o Congresso ocorrer\u00e3o mesas sobre as quest\u00f5es prementes da extens\u00e3o. Haver\u00e1 apresenta\u00e7\u00f5es art\u00edsticas e o lan\u00e7amento do Pr\u00eamio de Extens\u00e3o Aldyr Garcia Schlee.<\/p>\n<p>Pretende-se, deste modo, fomentar a reflex\u00e3o sobre a extens\u00e3o universit\u00e1ria na<br \/>\ncontemporaneidade, reunindo uma comunidade expressiva, ativa e com grande<br \/>\ncompromisso social pela mem\u00f3ria e na perspectiva de outros tempos.<\/p>\n<hr \/>\n<h3>Equipe<\/h3>\n<p>Prof\u00aa. Denise Marcos Bussoletti (Presidente da Comiss\u00e3o Organizadora)<br \/>\nProf. Adalberto dos Santos J\u00fanior<br \/>\nProf. Carlos Alberto Oliveira da Silva<br \/>\nProf\u00aa. Celina Maria Britto Correa<br \/>\nProf. Evandro Piva<br \/>\nProf\u00aa. Francisca Ferreira Michelon<br \/>\nProf. Jos\u00e9 Everton da Silva Rozzini<br \/>\nProf\u00aa. M\u00e1rcia Alves da Silva<br \/>\nProf\u00aa. N\u00f3ris Mara Martins Pacheco Leal<br \/>\nSecretaria do CEC \u2013 Joice Soares<br \/>\nMaria Jandira Salum \u2013 TA<br \/>\nTa\u00eds Ulrich Fonseca \u2013 TA<br \/>\nGlauco Roberto Munsberg dos Santos \u2013\u00a0Acad\u00eamico<br \/>\nIsadora Peixoto Pickersgill \u2013 \u00a0Acad\u00eamico<br \/>\nVin\u00edcius Camargo Zientarski\u00a0\u2013\u00a0Acad\u00eamico<br \/>\nJuliana Caroline da Silva \u2013\u00a0Acad\u00eamico<\/p>\n<p>Identidade visual\u00a0do evento: PET Artes Visuais<\/p>\n","protected":false},"excerpt":{"rendered":"<p>&nbsp; O Congresso de Extens\u00e3o e Cultura promovido pela Pr\u00f3-Reitoria de Extens\u00e3o e Cultura inaugura-se, neste ano de 2014, como uma das a\u00e7\u00f5es que comemora os 45 anos da Universidade Federal de Pelotas. Reverencia com o slogan \u201cmem\u00f3ria e muitos tempos\u201d a mem\u00f3ria, n\u00e3o apenas das quatro d\u00e9cadas e meia da funda\u00e7\u00e3o desta Universidade, mas &hellip; <a href=\"https:\/\/wp.ufpel.edu.br\/congressoextensao\/edicoes-anteriores\/i-cec-2014\/\" class=\"more-link\">Continue lendo <span class=\"screen-reader-text\">I CEC (2014)<\/span> <span class=\"meta-nav\">&rarr;<\/span><\/a><\/p>\n","protected":false},"author":411,"featured_media":0,"parent":567,"menu_order":0,"comment_status":"closed","ping_status":"closed","template":"","meta":{"jetpack_post_was_ever_published":false,"footnotes":"","_links_to":"","_links_to_target":""},"class_list":["post-87","page","type-page","status-publish","hentry"],"jetpack_sharing_enabled":true,"_links":{"self":[{"href":"https:\/\/wp.ufpel.edu.br\/congressoextensao\/wp-json\/wp\/v2\/pages\/87","targetHints":{"allow":["GET"]}}],"collection":[{"href":"https:\/\/wp.ufpel.edu.br\/congressoextensao\/wp-json\/wp\/v2\/pages"}],"about":[{"href":"https:\/\/wp.ufpel.edu.br\/congressoextensao\/wp-json\/wp\/v2\/types\/page"}],"author":[{"embeddable":true,"href":"https:\/\/wp.ufpel.edu.br\/congressoextensao\/wp-json\/wp\/v2\/users\/411"}],"replies":[{"embeddable":true,"href":"https:\/\/wp.ufpel.edu.br\/congressoextensao\/wp-json\/wp\/v2\/comments?post=87"}],"version-history":[{"count":11,"href":"https:\/\/wp.ufpel.edu.br\/congressoextensao\/wp-json\/wp\/v2\/pages\/87\/revisions"}],"predecessor-version":[{"id":566,"href":"https:\/\/wp.ufpel.edu.br\/congressoextensao\/wp-json\/wp\/v2\/pages\/87\/revisions\/566"}],"up":[{"embeddable":true,"href":"https:\/\/wp.ufpel.edu.br\/congressoextensao\/wp-json\/wp\/v2\/pages\/567"}],"wp:attachment":[{"href":"https:\/\/wp.ufpel.edu.br\/congressoextensao\/wp-json\/wp\/v2\/media?parent=87"}],"curies":[{"name":"wp","href":"https:\/\/api.w.org\/{rel}","templated":true}]}}