{"id":809,"date":"2018-07-16T17:51:41","date_gmt":"2018-07-16T20:51:41","guid":{"rendered":"https:\/\/wp.ufpel.edu.br\/congressoextensao\/?page_id=809"},"modified":"2022-01-19T17:05:58","modified_gmt":"2022-01-19T20:05:58","slug":"anais-2017","status":"publish","type":"page","link":"https:\/\/wp.ufpel.edu.br\/congressoextensao\/anais\/anais-2017\/","title":{"rendered":"Anais 2017"},"content":{"rendered":"<p><span style=\"font-size: 14pt;color: #993300\"><strong>IV Congresso de Extens\u00e3o e Cultura<\/strong><\/span><\/p>\n<p><a href=\"https:\/\/wp.ufpel.edu.br\/congressoextensao\/files\/2018\/07\/Comunica\u00e7\u00e3o.pdf\">COMUNICA\u00c7\u00c3O\u00a0<\/a><\/p>\n<p><a href=\"https:\/\/wp.ufpel.edu.br\/congressoextensao\/files\/2018\/07\/Cultura.pdf\">CULTURA<\/a><\/p>\n<p><a href=\"https:\/\/wp.ufpel.edu.br\/congressoextensao\/files\/2018\/07\/Direitos-Humanos.pdf\">DIREITO HUMANOS E JUSTI\u00c7A\u00a0<\/a><\/p>\n<p><a href=\"https:\/\/wp.ufpel.edu.br\/congressoextensao\/files\/2018\/07\/Educa\u00e7\u00e3o.pdf\">EDUCA\u00c7\u00c3O\u00a0<\/a><\/p>\n<p><a href=\"https:\/\/wp.ufpel.edu.br\/congressoextensao\/files\/2018\/07\/Meio-Ambiente.pdf\">MEIO AMBIENTE\u00a0<\/a><\/p>\n<p><a href=\"https:\/\/wp.ufpel.edu.br\/congressoextensao\/files\/2018\/07\/Sa\u00fade.pdf\">SA\u00daDE\u00a0<\/a><\/p>\n<p><a href=\"https:\/\/wp.ufpel.edu.br\/congressoextensao\/files\/2018\/07\/Tecnologia-e-produ\u00e7\u00e3o.pdf\">TECNOLOGIA E PRODU\u00c7\u00c3O\u00a0<\/a><\/p>\n<p><a href=\"https:\/\/wp.ufpel.edu.br\/congressoextensao\/files\/2018\/07\/Trabalho.pdf\">TRABALHO<\/a><\/p>\n<p><a href=\"https:\/\/wp.ufpel.edu.br\/congressoextensao\/files\/2018\/07\/Universidades-Parceiras.pdf\">UNIVERSIDADES PARCEIRAS<\/a><\/p>\n","protected":false},"excerpt":{"rendered":"<p>IV Congresso de Extens\u00e3o e Cultura COMUNICA\u00c7\u00c3O\u00a0 CULTURA DIREITO HUMANOS E JUSTI\u00c7A\u00a0 EDUCA\u00c7\u00c3O\u00a0 MEIO AMBIENTE\u00a0 SA\u00daDE\u00a0 TECNOLOGIA E PRODU\u00c7\u00c3O\u00a0 TRABALHO UNIVERSIDADES PARCEIRAS<\/p>\n","protected":false},"author":411,"featured_media":0,"parent":181,"menu_order":0,"comment_status":"closed","ping_status":"closed","template":"","meta":{"jetpack_post_was_ever_published":false,"footnotes":"","_links_to":"","_links_to_target":""},"class_list":["post-809","page","type-page","status-publish","hentry"],"jetpack_sharing_enabled":true,"_links":{"self":[{"href":"https:\/\/wp.ufpel.edu.br\/congressoextensao\/wp-json\/wp\/v2\/pages\/809","targetHints":{"allow":["GET"]}}],"collection":[{"href":"https:\/\/wp.ufpel.edu.br\/congressoextensao\/wp-json\/wp\/v2\/pages"}],"about":[{"href":"https:\/\/wp.ufpel.edu.br\/congressoextensao\/wp-json\/wp\/v2\/types\/page"}],"author":[{"embeddable":true,"href":"https:\/\/wp.ufpel.edu.br\/congressoextensao\/wp-json\/wp\/v2\/users\/411"}],"replies":[{"embeddable":true,"href":"https:\/\/wp.ufpel.edu.br\/congressoextensao\/wp-json\/wp\/v2\/comments?post=809"}],"version-history":[{"count":3,"href":"https:\/\/wp.ufpel.edu.br\/congressoextensao\/wp-json\/wp\/v2\/pages\/809\/revisions"}],"predecessor-version":[{"id":1685,"href":"https:\/\/wp.ufpel.edu.br\/congressoextensao\/wp-json\/wp\/v2\/pages\/809\/revisions\/1685"}],"up":[{"embeddable":true,"href":"https:\/\/wp.ufpel.edu.br\/congressoextensao\/wp-json\/wp\/v2\/pages\/181"}],"wp:attachment":[{"href":"https:\/\/wp.ufpel.edu.br\/congressoextensao\/wp-json\/wp\/v2\/media?parent=809"}],"curies":[{"name":"wp","href":"https:\/\/api.w.org\/{rel}","templated":true}]}}