{"id":790,"date":"2018-06-11T10:00:44","date_gmt":"2018-06-11T13:00:44","guid":{"rendered":"https:\/\/wp.ufpel.edu.br\/congressoextensao\/?page_id=790"},"modified":"2018-06-11T10:01:27","modified_gmt":"2018-06-11T13:01:27","slug":"iv-cec-2017","status":"publish","type":"page","link":"https:\/\/wp.ufpel.edu.br\/congressoextensao\/edicoes-anteriores\/iv-cec-2017\/","title":{"rendered":"IV CEC (2017)"},"content":{"rendered":"<p style=\"text-align: center;\"><img loading=\"lazy\" decoding=\"async\" class=\"alignnone size-large wp-image-560\" src=\"https:\/\/wp.ufpel.edu.br\/congressoextensao\/files\/2017\/08\/CEC-984x220.png\" alt=\"\" width=\"604\" height=\"135\" \/><br \/>\nDe 20 a 24\/11\/2017 no Campus Anglo e no Campus II<\/p>\n<ul>\n<li>Anais 2017<\/li>\n<li><a href=\"https:\/\/wp.ufpel.edu.br\/congressoextensao\/files\/2017\/09\/Regulamento-III-SIIEPE-2017-final.pdf\">Regulamento 3\u00aa Semana Integrada<\/a><\/li>\n<li><a href=\"https:\/\/wp.ufpel.edu.br\/congressoextensao\/category\/noticias\/2017\/\">Not\u00edcias<\/a><\/li>\n<\/ul>\n<hr \/>\n<h3>Programa\u00e7\u00e3o<\/h3>\n<p><strong>As atividades ser\u00e3o todas executadas no campus II da Barroso.<\/strong><\/p>\n<p><a href=\"https:\/\/wp.ufpel.edu.br\/congressoextensao\/files\/2014\/07\/prog.png\">Grade completa com a programa\u00e7\u00e3o<\/a><\/p>\n<p><a href=\"https:\/\/wp.ufpel.edu.br\/prec\/files\/2017\/11\/Rela\u00e7\u00e3o-Oficinas-Data-local-e-hor\u00e1rio-final.pdf\">Locais e hor\u00e1rios das oficinas<\/a><\/p>\n<p><a href=\"https:\/\/wp.ufpel.edu.br\/congressoextensao\/files\/2017\/11\/Mesas-Redondas-SIIEPE-2017.pdf\">Mesas Redondas SIIEPE<\/a><\/p>\n<p><a href=\"https:\/\/wp.ufpel.edu.br\/congressoextensao\/files\/2014\/07\/20-DE-NOVEMBRO-TARDE-RET.pdf\">Hor\u00e1rios e salas das apresenta\u00e7\u00f5es no dia 20 de novembro (Tarde)<\/a><\/p>\n<p><a href=\"https:\/\/wp.ufpel.edu.br\/congressoextensao\/files\/2014\/07\/21-DE-NOVEMBRO-MANH\u00c3-RET.pdf\">Hor\u00e1rios e salas das apresenta\u00e7\u00f5es no dia 21 de novembro\u00a0(Manh\u00e3)<\/a><\/p>\n<p><a href=\"https:\/\/wp.ufpel.edu.br\/congressoextensao\/files\/2014\/07\/22-DE-NOVEMBRO-TARDE-RET.pdf\">Hor\u00e1rios e salas das apresenta\u00e7\u00f5es no dia 22 de novembro\u00a0(Tarde)<\/a><\/p>\n<p><a href=\"https:\/\/wp.ufpel.edu.br\/congressoextensao\/files\/2014\/07\/22-DE-NOVEMBRO-NOITE-RET.pdf\">Hor\u00e1rios e salas das apresenta\u00e7\u00f5es no dia 22 de novembro\u00a0(Noite)<\/a><\/p>\n<p><a href=\"https:\/\/wp.ufpel.edu.br\/congressoextensao\/files\/2017\/11\/espa\u00e7o-gourmet.png\">Escala de hor\u00e1rios dos espa\u00e7os gourmets<\/a><\/p>\n<p><a href=\"https:\/\/wp.ufpel.edu.br\/congressoextensao\/files\/2017\/11\/artesanato.png\">Escala de hor\u00e1rios do artesanato<\/a><\/p>\n<hr \/>\n<h3>Comiss\u00e3o Cient\u00edfica IV CEC<\/h3>\n<p>Francisca Ferreira Michelon \u2013 Presidente<br \/>\nJo\u00e3o Fernando Igansi Nunes<br \/>\nNoris Mara Pacheco Martins Leal<br \/>\nTa\u00eds Ullrich Fonseca<\/p>\n<h3>Comiss\u00e3o Organizadora IV CEC<\/h3>\n<p>Joice Vieira Soares \u2013 Presidente<br \/>\nAna Carolina Oliveira Nogueira<br \/>\nAndrea Lacerda Bachettini<br \/>\nElias Lisboa dos Santos<br \/>\nMateus Schmeckel Mota<br \/>\nMatheus Blaas Bastos<br \/>\nN\u00e1dia Najara Kruger Alves<br \/>\nRose M\u00e9ri Santos da Silva<br \/>\nTh\u00e2misa Ramos Flores dos Santos<br \/>\nVinicius Camargo Zientarski<\/p>\n<h3>Comiss\u00e3o Organizadora IV CEC (acad\u00eamicos)<\/h3>\n<p>Andreia Skupien Bianchini<br \/>\nCaroline dos Santos Tabeli\u00e3o<br \/>\nJayne Souza Peixinho<br \/>\nJardel da Silva Moura<br \/>\nLisiane Gastal Pereira<br \/>\nLucas Lobo Pouey<br \/>\nLucas Perez Fontoura<br \/>\nMarlene dos Santos de Oliveira<br \/>\nRafael Evangelista de Sousa<br \/>\nRenildo Francisco da Silva Junior<br \/>\nVitor Goveia Rechia<\/p>\n","protected":false},"excerpt":{"rendered":"<p>De 20 a 24\/11\/2017 no Campus Anglo e no Campus II Anais 2017 Regulamento 3\u00aa Semana Integrada Not\u00edcias Programa\u00e7\u00e3o As atividades ser\u00e3o todas executadas no campus II da Barroso. Grade completa com a programa\u00e7\u00e3o Locais e hor\u00e1rios das oficinas Mesas Redondas SIIEPE Hor\u00e1rios e salas das apresenta\u00e7\u00f5es no dia 20 de novembro (Tarde) Hor\u00e1rios e &hellip; <a href=\"https:\/\/wp.ufpel.edu.br\/congressoextensao\/edicoes-anteriores\/iv-cec-2017\/\" class=\"more-link\">Continue lendo <span class=\"screen-reader-text\">IV CEC (2017)<\/span> <span class=\"meta-nav\">&rarr;<\/span><\/a><\/p>\n","protected":false},"author":20,"featured_media":0,"parent":567,"menu_order":0,"comment_status":"closed","ping_status":"closed","template":"","meta":{"jetpack_post_was_ever_published":false,"footnotes":"","_links_to":"","_links_to_target":""},"class_list":["post-790","page","type-page","status-publish","hentry"],"jetpack_sharing_enabled":true,"_links":{"self":[{"href":"https:\/\/wp.ufpel.edu.br\/congressoextensao\/wp-json\/wp\/v2\/pages\/790","targetHints":{"allow":["GET"]}}],"collection":[{"href":"https:\/\/wp.ufpel.edu.br\/congressoextensao\/wp-json\/wp\/v2\/pages"}],"about":[{"href":"https:\/\/wp.ufpel.edu.br\/congressoextensao\/wp-json\/wp\/v2\/types\/page"}],"author":[{"embeddable":true,"href":"https:\/\/wp.ufpel.edu.br\/congressoextensao\/wp-json\/wp\/v2\/users\/20"}],"replies":[{"embeddable":true,"href":"https:\/\/wp.ufpel.edu.br\/congressoextensao\/wp-json\/wp\/v2\/comments?post=790"}],"version-history":[{"count":2,"href":"https:\/\/wp.ufpel.edu.br\/congressoextensao\/wp-json\/wp\/v2\/pages\/790\/revisions"}],"predecessor-version":[{"id":795,"href":"https:\/\/wp.ufpel.edu.br\/congressoextensao\/wp-json\/wp\/v2\/pages\/790\/revisions\/795"}],"up":[{"embeddable":true,"href":"https:\/\/wp.ufpel.edu.br\/congressoextensao\/wp-json\/wp\/v2\/pages\/567"}],"wp:attachment":[{"href":"https:\/\/wp.ufpel.edu.br\/congressoextensao\/wp-json\/wp\/v2\/media?parent=790"}],"curies":[{"name":"wp","href":"https:\/\/api.w.org\/{rel}","templated":true}]}}