{"id":466,"date":"2016-12-29T19:13:45","date_gmt":"2016-12-29T21:13:45","guid":{"rendered":"https:\/\/wp.ufpel.edu.br\/congressoextensao\/?page_id=466"},"modified":"2022-01-19T17:15:35","modified_gmt":"2022-01-19T20:15:35","slug":"anais-2016","status":"publish","type":"page","link":"https:\/\/wp.ufpel.edu.br\/congressoextensao\/anais\/anais-2016\/","title":{"rendered":"Anais 2016"},"content":{"rendered":"<p><span style=\"font-size: 14pt;color: #993300\"><strong>III Congresso de Extens\u00e3o e Cultura<\/strong><\/span><\/p>\n<p><a href=\"https:\/\/wp.ufpel.edu.br\/congressoextensao\/files\/2016\/12\/COMUNICA\u00c7AO-2016-.pdf\">COMUNICA\u00c7\u00c3O\u00a0<\/a><\/p>\n<p><a href=\"https:\/\/wp.ufpel.edu.br\/congressoextensao\/files\/2016\/12\/CULTURA-2016-.pdf\">CULTURA\u00a0<\/a><\/p>\n<p><a href=\"https:\/\/wp.ufpel.edu.br\/congressoextensao\/files\/2016\/12\/DIREITO-HUMANOS-E-JUSTI\u00c7A-2016-.pdf\">DIREITOS HUMANOS E JUSTI\u00c7A\u00a0<\/a><\/p>\n<p><a href=\"https:\/\/wp.ufpel.edu.br\/congressoextensao\/files\/2016\/12\/EDUCA\u00c7AO-2016-.pdf\">EDUCA\u00c7\u00c3O\u00a0<\/a><\/p>\n<p><a href=\"https:\/\/wp.ufpel.edu.br\/congressoextensao\/files\/2016\/12\/MEIO-AMBIENTE-2016-.pdf\">MEIO AMBIENTE\u00a0<\/a><\/p>\n<p><a href=\"https:\/\/wp.ufpel.edu.br\/congressoextensao\/files\/2016\/12\/SAUDE.pdf\">SA\u00daDE\u00a0<\/a><\/p>\n<p><a href=\"https:\/\/wp.ufpel.edu.br\/congressoextensao\/files\/2016\/12\/TECNOLOGIA-E-PRODU\u00c7AO-2016-.pdf\">TECNOLOGIA E PRODU\u00c7\u00c3O\u00a0<\/a><\/p>\n<p><a href=\"https:\/\/wp.ufpel.edu.br\/congressoextensao\/files\/2016\/12\/TRABALHO-2016-.pdf\">TRABALHO\u00a0<\/a><\/p>\n","protected":false},"excerpt":{"rendered":"<p>III Congresso de Extens\u00e3o e Cultura COMUNICA\u00c7\u00c3O\u00a0 CULTURA\u00a0 DIREITOS HUMANOS E JUSTI\u00c7A\u00a0 EDUCA\u00c7\u00c3O\u00a0 MEIO AMBIENTE\u00a0 SA\u00daDE\u00a0 TECNOLOGIA E PRODU\u00c7\u00c3O\u00a0 TRABALHO\u00a0<\/p>\n","protected":false},"author":411,"featured_media":0,"parent":181,"menu_order":0,"comment_status":"closed","ping_status":"closed","template":"","meta":{"jetpack_post_was_ever_published":false,"footnotes":"","_links_to":"","_links_to_target":""},"class_list":["post-466","page","type-page","status-publish","hentry"],"jetpack_sharing_enabled":true,"_links":{"self":[{"href":"https:\/\/wp.ufpel.edu.br\/congressoextensao\/wp-json\/wp\/v2\/pages\/466","targetHints":{"allow":["GET"]}}],"collection":[{"href":"https:\/\/wp.ufpel.edu.br\/congressoextensao\/wp-json\/wp\/v2\/pages"}],"about":[{"href":"https:\/\/wp.ufpel.edu.br\/congressoextensao\/wp-json\/wp\/v2\/types\/page"}],"author":[{"embeddable":true,"href":"https:\/\/wp.ufpel.edu.br\/congressoextensao\/wp-json\/wp\/v2\/users\/411"}],"replies":[{"embeddable":true,"href":"https:\/\/wp.ufpel.edu.br\/congressoextensao\/wp-json\/wp\/v2\/comments?post=466"}],"version-history":[{"count":5,"href":"https:\/\/wp.ufpel.edu.br\/congressoextensao\/wp-json\/wp\/v2\/pages\/466\/revisions"}],"predecessor-version":[{"id":1692,"href":"https:\/\/wp.ufpel.edu.br\/congressoextensao\/wp-json\/wp\/v2\/pages\/466\/revisions\/1692"}],"up":[{"embeddable":true,"href":"https:\/\/wp.ufpel.edu.br\/congressoextensao\/wp-json\/wp\/v2\/pages\/181"}],"wp:attachment":[{"href":"https:\/\/wp.ufpel.edu.br\/congressoextensao\/wp-json\/wp\/v2\/media?parent=466"}],"curies":[{"name":"wp","href":"https:\/\/api.w.org\/{rel}","templated":true}]}}