{"id":385,"date":"2016-07-04T11:08:12","date_gmt":"2016-07-04T14:08:12","guid":{"rendered":"https:\/\/wp.ufpel.edu.br\/congressoextensao\/?page_id=385"},"modified":"2017-08-28T09:47:18","modified_gmt":"2017-08-28T12:47:18","slug":"ii-cec-2015","status":"publish","type":"page","link":"https:\/\/wp.ufpel.edu.br\/congressoextensao\/edicoes-anteriores\/ii-cec-2015\/","title":{"rendered":"II CEC (2015)"},"content":{"rendered":"<p><img loading=\"lazy\" decoding=\"async\" class=\"alignnone size-large wp-image-170\" src=\"https:\/\/wp.ufpel.edu.br\/congressoextensao\/files\/2015\/04\/site-cec-984x220.jpg\" alt=\"\" width=\"604\" height=\"135\" \/><\/p>\n<ul>\n<li><a href=\"https:\/\/wp.ufpel.edu.br\/congressoextensao\/anais\/anais-2015\/\">Anais (2015)<\/a><\/li>\n<li><a href=\"https:\/\/wp.ufpel.edu.br\/congressoextensao\/files\/2015\/06\/Regulamento-I-Semana-Integrada.pdf\">Regulamento I Semana Integrada (2015)<\/a><\/li>\n<li><a href=\"https:\/\/wp.ufpel.edu.br\/congressoextensao\/category\/noticias\/2015\/\">Not\u00edcias (2015)<\/a><\/li>\n<\/ul>\n<hr \/>\n<h3>Programa\u00e7\u00e3o<\/h3>\n<ul>\n<li><strong><a href=\"https:\/\/wp.ufpel.edu.br\/congressoextensao\/2015\/09\/14\/divulgada-listagem-de-trabalhos-que-serao-apresentados-no-cec-2015\/\" target=\"_blank\" rel=\"noopener\">Listagem dos trabalhos que ser\u00e3o apresentados no Congresso de Extens\u00e3o e Cultura 2015<\/a><\/strong><\/li>\n<li><strong><a href=\"https:\/\/www.facebook.com\/events\/284025778434644\/\" target=\"_blank\" rel=\"noopener\">Painel Universidade e Sustentabilidade<\/a><\/strong><\/li>\n<li><strong><a href=\"https:\/\/www.facebook.com\/events\/1710626119167669\/\" target=\"_blank\" rel=\"noopener\">F\u00f3rum Social de Extens\u00e3o e Cultura Popular<\/a><\/strong><\/li>\n<li><strong><a href=\"https:\/\/www.facebook.com\/events\/542173575932153\/\" target=\"_blank\" rel=\"noopener\">Painel sobre Credita\u00e7\u00e3o Curricular da Extens\u00e3o<\/a><\/strong><\/li>\n<\/ul>\n<hr \/>\n<h3>Comiss\u00e3o Executiva II CEC<\/h3>\n<ul>\n<li>Amanda Iwen Peske<\/li>\n<li>Ana Maria de Oliveira Fernandes<\/li>\n<li>Carlos Alberto Oliveira da Silva<\/li>\n<li>Denise Marcos Bussoltetti<\/li>\n<li>Evandro Piva<\/li>\n<li>Francisca Ferreira Michelon<\/li>\n<li>Joice Vieria Soares<\/li>\n<li>Maria Jandira Salum<\/li>\n<li>Marina dos Santos Corr\u00eaa<\/li>\n<li>Ricardo Luis Oliveira Timm<\/li>\n<li>Tais Ullrich Fonseca<\/li>\n<li>Thiago das Neves Lopes<\/li>\n<\/ul>\n<p>&nbsp;<\/p>\n","protected":false},"excerpt":{"rendered":"<p>Anais (2015) Regulamento I Semana Integrada (2015) Not\u00edcias (2015) Programa\u00e7\u00e3o Listagem dos trabalhos que ser\u00e3o apresentados no Congresso de Extens\u00e3o e Cultura 2015 Painel Universidade e Sustentabilidade F\u00f3rum Social de Extens\u00e3o e Cultura Popular Painel sobre Credita\u00e7\u00e3o Curricular da Extens\u00e3o Comiss\u00e3o Executiva II CEC Amanda Iwen Peske Ana Maria de Oliveira Fernandes Carlos Alberto Oliveira &hellip; <a href=\"https:\/\/wp.ufpel.edu.br\/congressoextensao\/edicoes-anteriores\/ii-cec-2015\/\" class=\"more-link\">Continue lendo <span class=\"screen-reader-text\">II CEC (2015)<\/span> <span class=\"meta-nav\">&rarr;<\/span><\/a><\/p>\n","protected":false},"author":296,"featured_media":0,"parent":567,"menu_order":0,"comment_status":"closed","ping_status":"closed","template":"","meta":{"jetpack_post_was_ever_published":false,"footnotes":"","_links_to":"","_links_to_target":""},"class_list":["post-385","page","type-page","status-publish","hentry"],"jetpack_sharing_enabled":true,"_links":{"self":[{"href":"https:\/\/wp.ufpel.edu.br\/congressoextensao\/wp-json\/wp\/v2\/pages\/385","targetHints":{"allow":["GET"]}}],"collection":[{"href":"https:\/\/wp.ufpel.edu.br\/congressoextensao\/wp-json\/wp\/v2\/pages"}],"about":[{"href":"https:\/\/wp.ufpel.edu.br\/congressoextensao\/wp-json\/wp\/v2\/types\/page"}],"author":[{"embeddable":true,"href":"https:\/\/wp.ufpel.edu.br\/congressoextensao\/wp-json\/wp\/v2\/users\/296"}],"replies":[{"embeddable":true,"href":"https:\/\/wp.ufpel.edu.br\/congressoextensao\/wp-json\/wp\/v2\/comments?post=385"}],"version-history":[{"count":6,"href":"https:\/\/wp.ufpel.edu.br\/congressoextensao\/wp-json\/wp\/v2\/pages\/385\/revisions"}],"predecessor-version":[{"id":584,"href":"https:\/\/wp.ufpel.edu.br\/congressoextensao\/wp-json\/wp\/v2\/pages\/385\/revisions\/584"}],"up":[{"embeddable":true,"href":"https:\/\/wp.ufpel.edu.br\/congressoextensao\/wp-json\/wp\/v2\/pages\/567"}],"wp:attachment":[{"href":"https:\/\/wp.ufpel.edu.br\/congressoextensao\/wp-json\/wp\/v2\/media?parent=385"}],"curies":[{"name":"wp","href":"https:\/\/api.w.org\/{rel}","templated":true}]}}