{"id":2118,"date":"2025-12-09T14:09:21","date_gmt":"2025-12-09T17:09:21","guid":{"rendered":"https:\/\/wp.ufpel.edu.br\/congressoextensao\/?page_id=2118"},"modified":"2026-01-08T09:30:08","modified_gmt":"2026-01-08T12:30:08","slug":"anais-2025","status":"publish","type":"page","link":"https:\/\/wp.ufpel.edu.br\/congressoextensao\/anais\/anais-2025\/","title":{"rendered":"Anais 2025"},"content":{"rendered":"<p><strong>XII Congresso de Extens\u00e3o e Cultura<\/strong><\/p>\n<p>Editorial:<\/p>\n<p><a href=\"https:\/\/wp.ufpel.edu.br\/congressoextensao\/files\/2026\/01\/Editorial_XII_CEC.pdf\" target=\"_blank\" rel=\"noopener\"><span style=\"color: #ff0000;\">EDITORIAL<\/span><\/a><\/p>\n<p>Volumes:<\/p>\n<p><a href=\"https:\/\/wp.ufpel.edu.br\/congressoextensao\/files\/2026\/01\/XII_CEC_Comunicacao.pdf\" target=\"_blank\" rel=\"noopener\"><span style=\"color: #ff0000;\">COMUNICA\u00c7\u00c3O<\/span><\/a><\/p>\n<p><a href=\"https:\/\/wp.ufpel.edu.br\/congressoextensao\/files\/2026\/01\/XII_CEC_Cultura.pdf\" target=\"_blank\" rel=\"noopener\"><span style=\"color: #ff0000;\">CULTURA<\/span><\/a><\/p>\n<p><a href=\"https:\/\/wp.ufpel.edu.br\/congressoextensao\/files\/2026\/01\/XII_CEC_Direitos.pdf\" target=\"_blank\" rel=\"noopener\"><span style=\"color: #ff0000;\">DIREITOS HUMANOS E JUSTI\u00c7A<\/span><\/a><\/p>\n<p><a href=\"https:\/\/wp.ufpel.edu.br\/congressoextensao\/files\/2026\/01\/XII_CEC_Educacao.pdf\" target=\"_blank\" rel=\"noopener\"><span style=\"color: #ff0000;\">EDUCA\u00c7\u00c3O<\/span><\/a><\/p>\n<p><a href=\"https:\/\/wp.ufpel.edu.br\/congressoextensao\/files\/2026\/01\/XII_CEC_Meio-ambiente.pdf\" target=\"_blank\" rel=\"noopener\"><span style=\"color: #ff0000;\">MEIO AMBIENTE<\/span><\/a><\/p>\n<p><a href=\"https:\/\/wp.ufpel.edu.br\/congressoextensao\/files\/2026\/01\/XII_CEC_Saude.pdf\" target=\"_blank\" rel=\"noopener\"><span style=\"color: #ff0000;\">SA\u00daDE<\/span><\/a><\/p>\n<p><a href=\"https:\/\/wp.ufpel.edu.br\/congressoextensao\/files\/2026\/01\/XII_CEC_Tecnologia.pdf\" target=\"_blank\" rel=\"noopener\"><span style=\"color: #ff0000;\">TECNOLOGIA E PRODU\u00c7\u00c3O<\/span><\/a><\/p>\n<p><a href=\"https:\/\/wp.ufpel.edu.br\/congressoextensao\/files\/2026\/01\/XII_CEC_Trabalho.pdf\" target=\"_blank\" rel=\"noopener\"><span style=\"color: #ff0000;\">TRABALHO<\/span><\/a><\/p>\n","protected":false},"excerpt":{"rendered":"<p>XII Congresso de Extens\u00e3o e Cultura Editorial: EDITORIAL Volumes: COMUNICA\u00c7\u00c3O CULTURA DIREITOS HUMANOS E JUSTI\u00c7A EDUCA\u00c7\u00c3O MEIO AMBIENTE SA\u00daDE TECNOLOGIA E PRODU\u00c7\u00c3O TRABALHO<\/p>\n","protected":false},"author":411,"featured_media":0,"parent":181,"menu_order":0,"comment_status":"closed","ping_status":"closed","template":"","meta":{"jetpack_post_was_ever_published":false,"footnotes":"","_links_to":"","_links_to_target":""},"class_list":["post-2118","page","type-page","status-publish","hentry"],"jetpack_sharing_enabled":true,"_links":{"self":[{"href":"https:\/\/wp.ufpel.edu.br\/congressoextensao\/wp-json\/wp\/v2\/pages\/2118","targetHints":{"allow":["GET"]}}],"collection":[{"href":"https:\/\/wp.ufpel.edu.br\/congressoextensao\/wp-json\/wp\/v2\/pages"}],"about":[{"href":"https:\/\/wp.ufpel.edu.br\/congressoextensao\/wp-json\/wp\/v2\/types\/page"}],"author":[{"embeddable":true,"href":"https:\/\/wp.ufpel.edu.br\/congressoextensao\/wp-json\/wp\/v2\/users\/411"}],"replies":[{"embeddable":true,"href":"https:\/\/wp.ufpel.edu.br\/congressoextensao\/wp-json\/wp\/v2\/comments?post=2118"}],"version-history":[{"count":3,"href":"https:\/\/wp.ufpel.edu.br\/congressoextensao\/wp-json\/wp\/v2\/pages\/2118\/revisions"}],"predecessor-version":[{"id":2141,"href":"https:\/\/wp.ufpel.edu.br\/congressoextensao\/wp-json\/wp\/v2\/pages\/2118\/revisions\/2141"}],"up":[{"embeddable":true,"href":"https:\/\/wp.ufpel.edu.br\/congressoextensao\/wp-json\/wp\/v2\/pages\/181"}],"wp:attachment":[{"href":"https:\/\/wp.ufpel.edu.br\/congressoextensao\/wp-json\/wp\/v2\/media?parent=2118"}],"curies":[{"name":"wp","href":"https:\/\/api.w.org\/{rel}","templated":true}]}}