{"id":21,"date":"2014-07-01T22:46:01","date_gmt":"2014-07-02T01:46:01","guid":{"rendered":"https:\/\/wp.ufpel.edu.br\/congressoextensao\/?page_id=21"},"modified":"2020-08-19T14:15:50","modified_gmt":"2020-08-19T17:15:50","slug":"programacao-2018","status":"publish","type":"page","link":"https:\/\/wp.ufpel.edu.br\/congressoextensao\/edicoes-anteriores\/v-cec-2018\/programacao-2018\/","title":{"rendered":"Programa\u00e7\u00e3o 2018"},"content":{"rendered":"<p><a href=\"https:\/\/wp.ufpel.edu.br\/congressoextensao\/files\/2018\/10\/programa\u00e7\u00e3o-CEC-1.png\"><img loading=\"lazy\" decoding=\"async\" class=\"alignnone wp-image-980\" src=\"https:\/\/wp.ufpel.edu.br\/congressoextensao\/files\/2018\/10\/programa\u00e7\u00e3o-CEC-1-424x223.png\" alt=\"\" width=\"800\" height=\"420\" srcset=\"https:\/\/wp.ufpel.edu.br\/congressoextensao\/files\/2018\/10\/programa\u00e7\u00e3o-CEC-1-424x223.png 424w, https:\/\/wp.ufpel.edu.br\/congressoextensao\/files\/2018\/10\/programa\u00e7\u00e3o-CEC-1-212x111.png 212w, https:\/\/wp.ufpel.edu.br\/congressoextensao\/files\/2018\/10\/programa\u00e7\u00e3o-CEC-1-768x403.png 768w, https:\/\/wp.ufpel.edu.br\/congressoextensao\/files\/2018\/10\/programa\u00e7\u00e3o-CEC-1.png 1200w\" sizes=\"auto, (max-width: 800px) 100vw, 800px\" \/><\/a><\/p>\n<ul>\n<li><span style=\"font-size: 10pt\">Haver\u00e1 exposi\u00e7\u00e3o de artesanatos e espa\u00e7o gourmet de ter\u00e7a \u00e0 sexta, nos turnos manh\u00e3 e tarde.<\/span><\/li>\n<\/ul>\n<p>_________________________________________________<\/p>\n<p><a href=\"https:\/\/wp.ufpel.edu.br\/congressoextensao\/files\/2018\/10\/22-DE-OUTUBRO-TARDE.pdf\">Hor\u00e1rios e salas das apresenta\u00e7\u00f5es no dia 22 de outubro (Tarde)<\/a><\/p>\n<p><a href=\"https:\/\/wp.ufpel.edu.br\/congressoextensao\/files\/2018\/10\/23-DE-OUTUBRO-MANH\u00c3.pdf\">Hor\u00e1rios e salas das apresenta\u00e7\u00f5es no dia 23 de outubro (Manh\u00e3)<\/a><\/p>\n<p><a href=\"https:\/\/wp.ufpel.edu.br\/congressoextensao\/files\/2018\/10\/24-DE-OUTUBRO-NOITE.pdf\">Hor\u00e1rios e salas das apresenta\u00e7\u00f5es no dia 24 de outubro (Noite)<\/a><\/p>\n<p><a href=\"https:\/\/wp.ufpel.edu.br\/congressoextensao\/files\/2018\/10\/25-DE-OUTUBRO-MANH\u00c3.pdf\">Hor\u00e1rios e salas das apresenta\u00e7\u00f5es no dia 25 de outubro (Manh\u00e3)<\/a><\/p>\n<p><a href=\"https:\/\/wp.ufpel.edu.br\/congressoextensao\/files\/2018\/10\/26-DE-OUTUBRO-MANH\u00c3.pdf\">Hor\u00e1rios e salas das apresenta\u00e7\u00f5es no dia 26 de outubro (Manh\u00e3)<\/a><\/p>\n<p>_________________________________________________<\/p>\n<p><a href=\"https:\/\/wp.ufpel.edu.br\/congressoextensao\/files\/2018\/10\/Apresenta\u00e7\u00e3o-Art\u00edstica.pdf\">Apresenta\u00e7\u00e3o Art\u00edstica &#8211; III Encontro de Estudantes Extensionistas<\/a><\/p>\n<p><a href=\"https:\/\/wp.ufpel.edu.br\/congressoextensao\/files\/2018\/10\/Exposi\u00e7\u00e3o-de-Produtos-Artesanato.pdf\">Exposi\u00e7\u00e3o de Produtos &#8211; Artesanato &#8211; III Encontro de Estudantes Extensionistas<\/a><\/p>\n<p><a href=\"https:\/\/wp.ufpel.edu.br\/congressoextensao\/files\/2018\/10\/Exposi\u00e7\u00e3o-de-Produtos-Espa\u00e7o-Gourmet.pdf\">Exposi\u00e7\u00e3o de Produtos &#8211; Espa\u00e7o Gourmet &#8211; III Encontro de Estudantes Extensionistas<\/a><\/p>\n<p><a href=\"https:\/\/wp.ufpel.edu.br\/congressoextensao\/files\/2018\/10\/Mostra-de-Projetos-de-Extens\u00e3o-e-Cultura.pdf\">Mostra de Projetos de Extens\u00e3o e Cultura &#8211; III Encontro de Estudantes Extensionistas<\/a><\/p>\n<p><a href=\"https:\/\/wp.ufpel.edu.br\/congressoextensao\/files\/2018\/10\/Oficinas-Extensionistas.pdf\">Oficinas Extensionistas &#8211; III Encontro de Estudantes Extensionistas<\/a><\/p>\n<p>_________________________________________________<\/p>\n<p><a href=\"https:\/\/wp.ufpel.edu.br\/congressoextensao\/files\/2018\/10\/Quadro_apresentacoes_Sal\u00e3o_Extens\u00e3o_SEURS_na_SIEPE_2018_2-_1_.pdf\">Sala de comunica\u00e7\u00f5es de trabalhos SEURS\/Sal\u00e3o de Extens\u00e3o da UFRGS 2018<\/a><\/p>\n<p>_________________________________________________<\/p>\n<p><span style=\"font-size: 14pt\"><strong>Mesas Tem\u00e1ticas<\/strong><\/span><\/p>\n<p><a href=\"https:\/\/wp.ufpel.edu.br\/congressoextensao\/files\/2018\/10\/PROGRAMA\u00c7\u00c3O-OFICINAS-E-MESAS-REDONDAS.pdf\">Hor\u00e1rios e salas das Oficinas e das Mesas redondas<\/a><\/p>\n<p class=\"jetpack-slideshow-noscript robots-nocontent\">Este slideshow necessita de JavaScript.<\/p><div id=\"gallery-21-1-slideshow\" class=\"jetpack-slideshow-window jetpack-slideshow jetpack-slideshow-black\" data-trans=\"fade\" data-autostart=\"1\" data-gallery=\"[{&quot;src&quot;:&quot;https:\\\/\\\/wp.ufpel.edu.br\\\/congressoextensao\\\/files\\\/2018\\\/10\\\/Mesas-tem\\u00e1ticas-CEC-3.png&quot;,&quot;id&quot;:&quot;986&quot;,&quot;title&quot;:&quot;Mesas-tem\\u00e1ticas-CEC-3&quot;,&quot;alt&quot;:&quot;&quot;,&quot;caption&quot;:&quot;&quot;,&quot;itemprop&quot;:&quot;image&quot;},{&quot;src&quot;:&quot;https:\\\/\\\/wp.ufpel.edu.br\\\/congressoextensao\\\/files\\\/2018\\\/10\\\/Mesas-tem\\u00e1ticas-CEC-2.png&quot;,&quot;id&quot;:&quot;987&quot;,&quot;title&quot;:&quot;Mesas-tem\\u00e1ticas-CEC-2&quot;,&quot;alt&quot;:&quot;&quot;,&quot;caption&quot;:&quot;&quot;,&quot;itemprop&quot;:&quot;image&quot;},{&quot;src&quot;:&quot;https:\\\/\\\/wp.ufpel.edu.br\\\/congressoextensao\\\/files\\\/2018\\\/10\\\/Mesas-tem\\u00e1ticas-CEC-1.png&quot;,&quot;id&quot;:&quot;988&quot;,&quot;title&quot;:&quot;Mesas-tem\\u00e1ticas-CEC-1&quot;,&quot;alt&quot;:&quot;&quot;,&quot;caption&quot;:&quot;&quot;,&quot;itemprop&quot;:&quot;image&quot;}]\" itemscope itemtype=\"https:\/\/schema.org\/ImageGallery\"><\/div>\n","protected":false},"excerpt":{"rendered":"<p>Haver\u00e1 exposi\u00e7\u00e3o de artesanatos e espa\u00e7o gourmet de ter\u00e7a \u00e0 sexta, nos turnos manh\u00e3 e tarde. _________________________________________________ Hor\u00e1rios e salas das apresenta\u00e7\u00f5es no dia 22 de outubro (Tarde) Hor\u00e1rios e salas das apresenta\u00e7\u00f5es no dia 23 de outubro (Manh\u00e3) Hor\u00e1rios e salas das apresenta\u00e7\u00f5es no dia 24 de outubro (Noite) Hor\u00e1rios e salas das apresenta\u00e7\u00f5es &hellip; <a href=\"https:\/\/wp.ufpel.edu.br\/congressoextensao\/edicoes-anteriores\/v-cec-2018\/programacao-2018\/\" class=\"more-link\">Continue lendo <span class=\"screen-reader-text\">Programa\u00e7\u00e3o 2018<\/span> <span class=\"meta-nav\">&rarr;<\/span><\/a><\/p>\n","protected":false},"author":411,"featured_media":0,"parent":1109,"menu_order":0,"comment_status":"closed","ping_status":"closed","template":"","meta":{"jetpack_post_was_ever_published":false,"footnotes":"","_links_to":"","_links_to_target":""},"class_list":["post-21","page","type-page","status-publish","hentry"],"jetpack_sharing_enabled":true,"_links":{"self":[{"href":"https:\/\/wp.ufpel.edu.br\/congressoextensao\/wp-json\/wp\/v2\/pages\/21","targetHints":{"allow":["GET"]}}],"collection":[{"href":"https:\/\/wp.ufpel.edu.br\/congressoextensao\/wp-json\/wp\/v2\/pages"}],"about":[{"href":"https:\/\/wp.ufpel.edu.br\/congressoextensao\/wp-json\/wp\/v2\/types\/page"}],"author":[{"embeddable":true,"href":"https:\/\/wp.ufpel.edu.br\/congressoextensao\/wp-json\/wp\/v2\/users\/411"}],"replies":[{"embeddable":true,"href":"https:\/\/wp.ufpel.edu.br\/congressoextensao\/wp-json\/wp\/v2\/comments?post=21"}],"version-history":[{"count":54,"href":"https:\/\/wp.ufpel.edu.br\/congressoextensao\/wp-json\/wp\/v2\/pages\/21\/revisions"}],"predecessor-version":[{"id":1159,"href":"https:\/\/wp.ufpel.edu.br\/congressoextensao\/wp-json\/wp\/v2\/pages\/21\/revisions\/1159"}],"up":[{"embeddable":true,"href":"https:\/\/wp.ufpel.edu.br\/congressoextensao\/wp-json\/wp\/v2\/pages\/1109"}],"wp:attachment":[{"href":"https:\/\/wp.ufpel.edu.br\/congressoextensao\/wp-json\/wp\/v2\/media?parent=21"}],"curies":[{"name":"wp","href":"https:\/\/api.w.org\/{rel}","templated":true}]}}