{"id":2031,"date":"2025-01-14T13:19:49","date_gmt":"2025-01-14T16:19:49","guid":{"rendered":"https:\/\/wp.ufpel.edu.br\/congressoextensao\/?page_id=2031"},"modified":"2025-01-14T13:43:48","modified_gmt":"2025-01-14T16:43:48","slug":"anais-2024","status":"publish","type":"page","link":"https:\/\/wp.ufpel.edu.br\/congressoextensao\/anais\/anais-2024\/","title":{"rendered":"Anais 2024"},"content":{"rendered":"<p><strong>XI Congresso de Extens\u00e3o e Cultura<\/strong><\/p>\n<p>Editorial:<\/p>\n<p><a href=\"https:\/\/wp.ufpel.edu.br\/congressoextensao\/files\/2025\/01\/Anais-do-XI-Congresso-de-Extensao-e-Cultura-Editorial.pdf\">EDITORIAL<\/a><\/p>\n<p>Volumes:<\/p>\n<p><a href=\"https:\/\/wp.ufpel.edu.br\/congressoextensao\/files\/2025\/01\/Comunicacao.pdf\" target=\"_blank\" rel=\"noopener\">COMUNICA\u00c7\u00c3O<\/a><\/p>\n<p><a href=\"https:\/\/wp.ufpel.edu.br\/congressoextensao\/files\/2025\/01\/Cultura.pdf\" target=\"_blank\" rel=\"noopener\">CULTURA<\/a><\/p>\n<p><a href=\"https:\/\/wp.ufpel.edu.br\/congressoextensao\/files\/2025\/01\/Direitos-Humanos-e-Justica.pdf\" target=\"_blank\" rel=\"noopener\">DIREITOS HUMANOS E JUSTI\u00c7A<\/a><\/p>\n<p><a href=\"https:\/\/wp.ufpel.edu.br\/congressoextensao\/files\/2025\/01\/Educacao.pdf\" target=\"_blank\" rel=\"noopener\">EDUCA\u00c7\u00c3O<\/a><\/p>\n<p><a href=\"https:\/\/wp.ufpel.edu.br\/congressoextensao\/files\/2025\/01\/Meio-Ambiente.pdf\" target=\"_blank\" rel=\"noopener\">MEIO AMBIENTE<\/a><\/p>\n<p><a href=\"https:\/\/wp.ufpel.edu.br\/congressoextensao\/files\/2025\/01\/Saude.pdf\" target=\"_blank\" rel=\"noopener\">SA\u00daDE<\/a><\/p>\n<p><a href=\"https:\/\/wp.ufpel.edu.br\/congressoextensao\/files\/2025\/01\/Tecnologia-e-Producao.pdf\" target=\"_blank\" rel=\"noopener\">TECNOLOGIA E PRODU\u00c7\u00c3O<\/a><\/p>\n<p><a href=\"https:\/\/wp.ufpel.edu.br\/congressoextensao\/files\/2025\/01\/Trabalho.pdf\" target=\"_blank\" rel=\"noopener\">TRABALHO<\/a><\/p>\n","protected":false},"excerpt":{"rendered":"<p>XI Congresso de Extens\u00e3o e Cultura Editorial: EDITORIAL Volumes: COMUNICA\u00c7\u00c3O CULTURA DIREITOS HUMANOS E JUSTI\u00c7A EDUCA\u00c7\u00c3O MEIO AMBIENTE SA\u00daDE TECNOLOGIA E PRODU\u00c7\u00c3O TRABALHO<\/p>\n","protected":false},"author":411,"featured_media":0,"parent":181,"menu_order":0,"comment_status":"closed","ping_status":"closed","template":"","meta":{"jetpack_post_was_ever_published":false,"footnotes":"","_links_to":"","_links_to_target":""},"class_list":["post-2031","page","type-page","status-publish","hentry"],"jetpack_sharing_enabled":true,"_links":{"self":[{"href":"https:\/\/wp.ufpel.edu.br\/congressoextensao\/wp-json\/wp\/v2\/pages\/2031","targetHints":{"allow":["GET"]}}],"collection":[{"href":"https:\/\/wp.ufpel.edu.br\/congressoextensao\/wp-json\/wp\/v2\/pages"}],"about":[{"href":"https:\/\/wp.ufpel.edu.br\/congressoextensao\/wp-json\/wp\/v2\/types\/page"}],"author":[{"embeddable":true,"href":"https:\/\/wp.ufpel.edu.br\/congressoextensao\/wp-json\/wp\/v2\/users\/411"}],"replies":[{"embeddable":true,"href":"https:\/\/wp.ufpel.edu.br\/congressoextensao\/wp-json\/wp\/v2\/comments?post=2031"}],"version-history":[{"count":3,"href":"https:\/\/wp.ufpel.edu.br\/congressoextensao\/wp-json\/wp\/v2\/pages\/2031\/revisions"}],"predecessor-version":[{"id":2050,"href":"https:\/\/wp.ufpel.edu.br\/congressoextensao\/wp-json\/wp\/v2\/pages\/2031\/revisions\/2050"}],"up":[{"embeddable":true,"href":"https:\/\/wp.ufpel.edu.br\/congressoextensao\/wp-json\/wp\/v2\/pages\/181"}],"wp:attachment":[{"href":"https:\/\/wp.ufpel.edu.br\/congressoextensao\/wp-json\/wp\/v2\/media?parent=2031"}],"curies":[{"name":"wp","href":"https:\/\/api.w.org\/{rel}","templated":true}]}}