{"id":193,"date":"2015-06-03T10:58:17","date_gmt":"2015-06-03T13:58:17","guid":{"rendered":"https:\/\/wp.ufpel.edu.br\/congressoextensao\/?page_id=193"},"modified":"2017-09-15T14:32:38","modified_gmt":"2017-09-15T17:32:38","slug":"sobre","status":"publish","type":"page","link":"https:\/\/wp.ufpel.edu.br\/congressoextensao\/sobre\/","title":{"rendered":"Sobre"},"content":{"rendered":"<p>O Congresso de Extens\u00e3o e Cultura \u00e9 um evento promovido pela Pr\u00f3-Reitoria de Extens\u00e3o e Cultura.<\/p>\n<p>Vinculado \u00e0 Semana Integrada de Inova\u00e7\u00e3o, Ensino, Pesquisa e Extens\u00e3o da UFPel, est\u00e1 relacionado aos eixos tem\u00e1ticos da extens\u00e3o universit\u00e1ria nacional. <\/p>\n<p>Al\u00e9m de congregar a comunidade extensionista da UFPel, realiza a\u00e7\u00f5es art\u00edsticas, t\u00e9cnicas e culturais concomitantes, intensificando o di\u00e1logo entre os diversos agentes da extens\u00e3o universit\u00e1ria junto \u00e0 comunidade.<\/p>\n<p>Oportuniza o conv\u00edvio com a produ\u00e7\u00e3o da comunidade acad\u00eamica, o intenso di\u00e1logo com a inova\u00e7\u00e3o, o ensino e a pesquisa para sua devida publica\u00e7\u00e3o e, consequentemente, para o acesso \u00e0 produ\u00e7\u00e3o extensionista (Anais).<\/p>\n<p>O Congresso traz, \u00e0 luz da reflex\u00e3o, o confronto dos saberes acad\u00eamicos e populares, fomentando as perspectivas cr\u00edticas, inerentes ao esfor\u00e7o para a compreens\u00e3o dos fen\u00f4menos sociais da contemporaneidade.<\/p>\n<p>Diante disto, oportuniza-se um momento no qual os atores da produ\u00e7\u00e3o acad\u00eamica possam apresentar suas experi\u00eancias e, assim, promoverem o debate sobre os impactos dos seus trabalhos nesta sociedade plural e controvertida, t\u00e3o ansiosa por solu\u00e7\u00f5es e caminhos.<\/p>\n","protected":false},"excerpt":{"rendered":"<p>O Congresso de Extens\u00e3o e Cultura \u00e9 um evento promovido pela Pr\u00f3-Reitoria de Extens\u00e3o e Cultura. Vinculado \u00e0 Semana Integrada de Inova\u00e7\u00e3o, Ensino, Pesquisa e Extens\u00e3o da UFPel, est\u00e1 relacionado aos eixos tem\u00e1ticos da extens\u00e3o universit\u00e1ria nacional. Al\u00e9m de congregar a comunidade extensionista da UFPel, realiza a\u00e7\u00f5es art\u00edsticas, t\u00e9cnicas e culturais concomitantes, intensificando o di\u00e1logo &hellip; <a href=\"https:\/\/wp.ufpel.edu.br\/congressoextensao\/sobre\/\" class=\"more-link\">Continue lendo <span class=\"screen-reader-text\">Sobre<\/span> <span class=\"meta-nav\">&rarr;<\/span><\/a><\/p>\n","protected":false},"author":296,"featured_media":0,"parent":0,"menu_order":0,"comment_status":"closed","ping_status":"closed","template":"","meta":{"jetpack_post_was_ever_published":false,"footnotes":"","_links_to":"","_links_to_target":""},"class_list":["post-193","page","type-page","status-publish","hentry"],"jetpack_sharing_enabled":true,"_links":{"self":[{"href":"https:\/\/wp.ufpel.edu.br\/congressoextensao\/wp-json\/wp\/v2\/pages\/193","targetHints":{"allow":["GET"]}}],"collection":[{"href":"https:\/\/wp.ufpel.edu.br\/congressoextensao\/wp-json\/wp\/v2\/pages"}],"about":[{"href":"https:\/\/wp.ufpel.edu.br\/congressoextensao\/wp-json\/wp\/v2\/types\/page"}],"author":[{"embeddable":true,"href":"https:\/\/wp.ufpel.edu.br\/congressoextensao\/wp-json\/wp\/v2\/users\/296"}],"replies":[{"embeddable":true,"href":"https:\/\/wp.ufpel.edu.br\/congressoextensao\/wp-json\/wp\/v2\/comments?post=193"}],"version-history":[{"count":4,"href":"https:\/\/wp.ufpel.edu.br\/congressoextensao\/wp-json\/wp\/v2\/pages\/193\/revisions"}],"predecessor-version":[{"id":612,"href":"https:\/\/wp.ufpel.edu.br\/congressoextensao\/wp-json\/wp\/v2\/pages\/193\/revisions\/612"}],"wp:attachment":[{"href":"https:\/\/wp.ufpel.edu.br\/congressoextensao\/wp-json\/wp\/v2\/media?parent=193"}],"curies":[{"name":"wp","href":"https:\/\/api.w.org\/{rel}","templated":true}]}}