{"id":1915,"date":"2023-12-12T15:12:18","date_gmt":"2023-12-12T18:12:18","guid":{"rendered":"https:\/\/wp.ufpel.edu.br\/congressoextensao\/?page_id=1915"},"modified":"2025-01-14T13:18:59","modified_gmt":"2025-01-14T16:18:59","slug":"anais-2023","status":"publish","type":"page","link":"https:\/\/wp.ufpel.edu.br\/congressoextensao\/anais\/anais-2023\/","title":{"rendered":"Anais 2023"},"content":{"rendered":"<p><strong>X Congresso de Extens\u00e3o e Cultura<\/strong><\/p>\n<p>Editorial:<\/p>\n<p><a href=\"https:\/\/wp.ufpel.edu.br\/congressoextensao\/files\/2023\/12\/Anais-do-X-Congresso-de-Extensao-e-Cultura-Editorial_rev1.pdf\" target=\"_blank\" rel=\"noopener\">EDITORIAL<\/a><\/p>\n<p>Volumes:<\/p>\n<p><a href=\"https:\/\/wp.ufpel.edu.br\/congressoextensao\/files\/2023\/12\/Comunicac\u0327a\u0303o_rev1.pdf\" target=\"_blank\" rel=\"noopener\">COMUNICA\u00c7\u00c3O<\/a><\/p>\n<p><a href=\"https:\/\/wp.ufpel.edu.br\/congressoextensao\/files\/2023\/12\/Cultura_rev1.pdf\" target=\"_blank\" rel=\"noopener\">CULTURA<\/a><\/p>\n<p><a href=\"https:\/\/wp.ufpel.edu.br\/congressoextensao\/files\/2023\/12\/Direitos_Humanos_e_Justic\u0327a_rev1.pdf\" target=\"_blank\" rel=\"noopener\">DIREITOS HUMANOS E JUSTI\u00c7A<\/a><\/p>\n<p><a href=\"https:\/\/wp.ufpel.edu.br\/congressoextensao\/files\/2023\/12\/Educac\u0327a\u0303o_rev1.pdf\" target=\"_blank\" rel=\"noopener\">EDUCA\u00c7\u00c3O<\/a><\/p>\n<p><a href=\"https:\/\/wp.ufpel.edu.br\/congressoextensao\/files\/2023\/12\/Meio-Ambiente_rev1.pdf\" target=\"_blank\" rel=\"noopener\">MEIO AMBIENTE<\/a><\/p>\n<p><a href=\"https:\/\/wp.ufpel.edu.br\/congressoextensao\/files\/2023\/12\/Sau\u0301de_rev1.pdf\" target=\"_blank\" rel=\"noopener\">SA\u00daDE<\/a><\/p>\n<p><a href=\"https:\/\/wp.ufpel.edu.br\/congressoextensao\/files\/2023\/12\/Tecnologia_e_Produc\u0327a\u0303o_rev1.pdf\" target=\"_blank\" rel=\"noopener\">TECNOLOGIA E PRODU\u00c7\u00c3O<\/a><\/p>\n<p><a href=\"https:\/\/wp.ufpel.edu.br\/congressoextensao\/files\/2023\/12\/Trabalho_rev1.pdf\" target=\"_blank\" rel=\"noopener\">TRABALHO<\/a><\/p>\n<p><em>\u00a0<\/em><\/p>\n","protected":false},"excerpt":{"rendered":"<p>X Congresso de Extens\u00e3o e Cultura Editorial: EDITORIAL Volumes: COMUNICA\u00c7\u00c3O CULTURA DIREITOS HUMANOS E JUSTI\u00c7A EDUCA\u00c7\u00c3O MEIO AMBIENTE SA\u00daDE TECNOLOGIA E PRODU\u00c7\u00c3O TRABALHO \u00a0<\/p>\n","protected":false},"author":411,"featured_media":0,"parent":181,"menu_order":0,"comment_status":"closed","ping_status":"closed","template":"","meta":{"jetpack_post_was_ever_published":false,"footnotes":"","_links_to":"","_links_to_target":""},"class_list":["post-1915","page","type-page","status-publish","hentry"],"jetpack_sharing_enabled":true,"_links":{"self":[{"href":"https:\/\/wp.ufpel.edu.br\/congressoextensao\/wp-json\/wp\/v2\/pages\/1915","targetHints":{"allow":["GET"]}}],"collection":[{"href":"https:\/\/wp.ufpel.edu.br\/congressoextensao\/wp-json\/wp\/v2\/pages"}],"about":[{"href":"https:\/\/wp.ufpel.edu.br\/congressoextensao\/wp-json\/wp\/v2\/types\/page"}],"author":[{"embeddable":true,"href":"https:\/\/wp.ufpel.edu.br\/congressoextensao\/wp-json\/wp\/v2\/users\/411"}],"replies":[{"embeddable":true,"href":"https:\/\/wp.ufpel.edu.br\/congressoextensao\/wp-json\/wp\/v2\/comments?post=1915"}],"version-history":[{"count":6,"href":"https:\/\/wp.ufpel.edu.br\/congressoextensao\/wp-json\/wp\/v2\/pages\/1915\/revisions"}],"predecessor-version":[{"id":2030,"href":"https:\/\/wp.ufpel.edu.br\/congressoextensao\/wp-json\/wp\/v2\/pages\/1915\/revisions\/2030"}],"up":[{"embeddable":true,"href":"https:\/\/wp.ufpel.edu.br\/congressoextensao\/wp-json\/wp\/v2\/pages\/181"}],"wp:attachment":[{"href":"https:\/\/wp.ufpel.edu.br\/congressoextensao\/wp-json\/wp\/v2\/media?parent=1915"}],"curies":[{"name":"wp","href":"https:\/\/api.w.org\/{rel}","templated":true}]}}