{"id":184,"date":"2015-06-03T10:55:15","date_gmt":"2015-06-03T13:55:15","guid":{"rendered":"https:\/\/wp.ufpel.edu.br\/congressoextensao\/?page_id=184"},"modified":"2025-12-09T14:55:56","modified_gmt":"2025-12-09T17:55:56","slug":"organizacao","status":"publish","type":"page","link":"https:\/\/wp.ufpel.edu.br\/congressoextensao\/organizacao\/","title":{"rendered":"Organiza\u00e7\u00e3o do XII CEC"},"content":{"rendered":"<p><strong><span id=\"page1R_mcid2\" class=\"markedContent\"><span dir=\"ltr\" role=\"presentation\">Comiss\u00e3o Organizadora<\/span><\/span><\/strong><\/p>\n<p>Afonso Vaz Gon\u00e7alves<br \/>\nAna Paula Rodrigues<br \/>\nC\u00e1tia Aparecida Leite da Silva<br \/>\nDaniela da Silva Pieper<br \/>\nF\u00e1bio Garcia Lima<br \/>\nFelipe Fehlberg Herrmann<br \/>\nKrischna Silveira Duarte<br \/>\nLuis Fernando Lacerda Lence<br \/>\nMarco Aurelio da Cruz Souza<br \/>\nMateus Schmeckel Mota<br \/>\nMatheus Cruz<br \/>\nN\u00e1dia Najara Kr\u00fcger Alves<br \/>\nPatricia de Borba Pereira<br \/>\nRaquel Silveira Rita Dias<br \/>\nTerena Souza da Silva<\/p>\n","protected":false},"excerpt":{"rendered":"<p>Comiss\u00e3o Organizadora Afonso Vaz Gon\u00e7alves Ana Paula Rodrigues C\u00e1tia Aparecida Leite da Silva Daniela da Silva Pieper F\u00e1bio Garcia Lima Felipe Fehlberg Herrmann Krischna Silveira Duarte Luis Fernando Lacerda Lence Marco Aurelio da Cruz Souza Mateus Schmeckel Mota Matheus Cruz N\u00e1dia Najara Kr\u00fcger Alves Patricia de Borba Pereira Raquel Silveira Rita Dias Terena Souza da &hellip; <a href=\"https:\/\/wp.ufpel.edu.br\/congressoextensao\/organizacao\/\" class=\"more-link\">Continue lendo <span class=\"screen-reader-text\">Organiza\u00e7\u00e3o do XII CEC<\/span> <span class=\"meta-nav\">&rarr;<\/span><\/a><\/p>\n","protected":false},"author":296,"featured_media":0,"parent":0,"menu_order":0,"comment_status":"closed","ping_status":"closed","template":"","meta":{"jetpack_post_was_ever_published":false,"footnotes":"","_links_to":"","_links_to_target":""},"class_list":["post-184","page","type-page","status-publish","hentry"],"jetpack_sharing_enabled":true,"_links":{"self":[{"href":"https:\/\/wp.ufpel.edu.br\/congressoextensao\/wp-json\/wp\/v2\/pages\/184","targetHints":{"allow":["GET"]}}],"collection":[{"href":"https:\/\/wp.ufpel.edu.br\/congressoextensao\/wp-json\/wp\/v2\/pages"}],"about":[{"href":"https:\/\/wp.ufpel.edu.br\/congressoextensao\/wp-json\/wp\/v2\/types\/page"}],"author":[{"embeddable":true,"href":"https:\/\/wp.ufpel.edu.br\/congressoextensao\/wp-json\/wp\/v2\/users\/296"}],"replies":[{"embeddable":true,"href":"https:\/\/wp.ufpel.edu.br\/congressoextensao\/wp-json\/wp\/v2\/comments?post=184"}],"version-history":[{"count":3,"href":"https:\/\/wp.ufpel.edu.br\/congressoextensao\/wp-json\/wp\/v2\/pages\/184\/revisions"}],"predecessor-version":[{"id":2123,"href":"https:\/\/wp.ufpel.edu.br\/congressoextensao\/wp-json\/wp\/v2\/pages\/184\/revisions\/2123"}],"wp:attachment":[{"href":"https:\/\/wp.ufpel.edu.br\/congressoextensao\/wp-json\/wp\/v2\/media?parent=184"}],"curies":[{"name":"wp","href":"https:\/\/api.w.org\/{rel}","templated":true}]}}