{"id":1802,"date":"2022-12-19T21:32:18","date_gmt":"2022-12-20T00:32:18","guid":{"rendered":"https:\/\/wp.ufpel.edu.br\/congressoextensao\/?page_id=1802"},"modified":"2023-01-02T14:26:13","modified_gmt":"2023-01-02T17:26:13","slug":"anais-2022","status":"publish","type":"page","link":"https:\/\/wp.ufpel.edu.br\/congressoextensao\/anais\/anais-2022\/","title":{"rendered":"Anais 2022"},"content":{"rendered":"<p><strong>IX Congresso de Extens\u00e3o e Cultura<\/strong><\/p>\n<p><a href=\"https:\/\/wp.ufpel.edu.br\/congressoextensao\/files\/2022\/12\/2022COMUNICACAO.pdf\" target=\"_blank\" rel=\"noopener\">COMUNICA\u00c7\u00c3O<\/a><\/p>\n<p><a href=\"https:\/\/wp.ufpel.edu.br\/congressoextensao\/files\/2022\/12\/2022CULTURA.pdf\" target=\"_blank\" rel=\"noopener\">CULTURA<\/a><\/p>\n<p><a href=\"https:\/\/wp.ufpel.edu.br\/congressoextensao\/files\/2022\/12\/2022DIREITOS-HUMANOS-E-JUSTICA.pdf\" target=\"_blank\" rel=\"noopener\">DIREITOS HUMANOS E JUSTI\u00c7A<\/a><\/p>\n<p><a href=\"https:\/\/wp.ufpel.edu.br\/congressoextensao\/files\/2022\/12\/2022EDUCACAO.pdf\" target=\"_blank\" rel=\"noopener\">EDUCA\u00c7\u00c3O<\/a><\/p>\n<p><a href=\"https:\/\/wp.ufpel.edu.br\/congressoextensao\/files\/2022\/12\/2022MEIO-AMBIENTE.pdf\" target=\"_blank\" rel=\"noopener\">MEIO AMBIENTE<\/a><\/p>\n<p><a href=\"https:\/\/wp.ufpel.edu.br\/congressoextensao\/files\/2022\/12\/2022SAUDE.pdf\" target=\"_blank\" rel=\"noopener\">SA\u00daDE<\/a><\/p>\n<p><a href=\"https:\/\/wp.ufpel.edu.br\/congressoextensao\/files\/2023\/01\/2022-TECNOLOGIA-E-PRODUCAO.pdf\" target=\"_blank\" rel=\"noopener\">TECNOLOGIA E PRODU\u00c7\u00c3O<\/a><\/p>\n<p><a href=\"https:\/\/wp.ufpel.edu.br\/congressoextensao\/files\/2022\/12\/2022TRABALHO.pdf\" target=\"_blank\" rel=\"noopener\">TRABALHO<\/a><\/p>\n","protected":false},"excerpt":{"rendered":"<p>IX Congresso de Extens\u00e3o e Cultura COMUNICA\u00c7\u00c3O CULTURA DIREITOS HUMANOS E JUSTI\u00c7A EDUCA\u00c7\u00c3O MEIO AMBIENTE SA\u00daDE TECNOLOGIA E PRODU\u00c7\u00c3O TRABALHO<\/p>\n","protected":false},"author":411,"featured_media":0,"parent":181,"menu_order":0,"comment_status":"closed","ping_status":"closed","template":"","meta":{"jetpack_post_was_ever_published":false,"footnotes":"","_links_to":"","_links_to_target":""},"class_list":["post-1802","page","type-page","status-publish","hentry"],"jetpack_sharing_enabled":true,"_links":{"self":[{"href":"https:\/\/wp.ufpel.edu.br\/congressoextensao\/wp-json\/wp\/v2\/pages\/1802","targetHints":{"allow":["GET"]}}],"collection":[{"href":"https:\/\/wp.ufpel.edu.br\/congressoextensao\/wp-json\/wp\/v2\/pages"}],"about":[{"href":"https:\/\/wp.ufpel.edu.br\/congressoextensao\/wp-json\/wp\/v2\/types\/page"}],"author":[{"embeddable":true,"href":"https:\/\/wp.ufpel.edu.br\/congressoextensao\/wp-json\/wp\/v2\/users\/411"}],"replies":[{"embeddable":true,"href":"https:\/\/wp.ufpel.edu.br\/congressoextensao\/wp-json\/wp\/v2\/comments?post=1802"}],"version-history":[{"count":4,"href":"https:\/\/wp.ufpel.edu.br\/congressoextensao\/wp-json\/wp\/v2\/pages\/1802\/revisions"}],"predecessor-version":[{"id":1825,"href":"https:\/\/wp.ufpel.edu.br\/congressoextensao\/wp-json\/wp\/v2\/pages\/1802\/revisions\/1825"}],"up":[{"embeddable":true,"href":"https:\/\/wp.ufpel.edu.br\/congressoextensao\/wp-json\/wp\/v2\/pages\/181"}],"wp:attachment":[{"href":"https:\/\/wp.ufpel.edu.br\/congressoextensao\/wp-json\/wp\/v2\/media?parent=1802"}],"curies":[{"name":"wp","href":"https:\/\/api.w.org\/{rel}","templated":true}]}}