{"id":1708,"date":"2022-05-10T10:38:51","date_gmt":"2022-05-10T13:38:51","guid":{"rendered":"https:\/\/wp.ufpel.edu.br\/congressoextensao\/?page_id=1708"},"modified":"2023-03-29T08:57:39","modified_gmt":"2023-03-29T11:57:39","slug":"viii-cec-2021","status":"publish","type":"page","link":"https:\/\/wp.ufpel.edu.br\/congressoextensao\/edicoes-anteriores\/viii-cec-2021\/","title":{"rendered":"VIII CEC (2021)"},"content":{"rendered":"\r\n<figure class=\"wp-block-image size-large\"><a href=\"https:\/\/wp.ufpel.edu.br\/congressoextensao\/files\/2021\/06\/cropped-CEC_2021.png\"><img loading=\"lazy\" decoding=\"async\" class=\"aligncenter wp-image-1482 size-large\" src=\"https:\/\/wp.ufpel.edu.br\/congressoextensao\/files\/2021\/06\/cropped-CEC_2021-984x220.png\" alt=\"\" width=\"604\" height=\"135\" \/><\/a>\r\n<figcaption>\r\n<p><strong>DE 18 A 22 DE OUTUBRO DE 2021, EM FORMATO REMOTO.<\/strong><\/p>\r\n<\/figcaption>\r\n<\/figure>\r\n\r\n\r\n\r\n<ul class=\"wp-block-list\">\r\n<li><a href=\"https:\/\/wp.ufpel.edu.br\/congressoextensao\/anais\/anais-2021\/\" data-type=\"page\" data-id=\"1443\">Anais 2021<\/a><\/li>\r\n<li><a href=\"https:\/\/wp.ufpel.edu.br\/congressoextensao\/category\/noticias\/2021\/\">Not\u00edcias<\/a><\/li>\r\n<\/ul>\r\n\r\n\r\n\r\n<h3 class=\"wp-block-heading\"><strong>Trabalhos<\/strong><strong> A<\/strong><strong>provados<\/strong><strong> (v\u00eddeos):<\/strong><em><strong><br \/><\/strong><\/em><\/h3>\r\n<ul>\r\n<li><a href=\"https:\/\/cti.ufpel.edu.br\/siiepe\/apresentacoes\/2021\/xc\/cec\">Comunica\u00e7\u00e3o<\/a><\/li>\r\n<li><a href=\"https:\/\/cti.ufpel.edu.br\/siiepe\/apresentacoes\/2021\/xu\/cec\">Cultura<\/a><\/li>\r\n<li><a href=\"https:\/\/cti.ufpel.edu.br\/siiepe\/apresentacoes\/2021\/xd\/cec\">Direitos Humanos e Justi\u00e7a<\/a><\/li>\r\n<li><a href=\"https:\/\/cti.ufpel.edu.br\/siiepe\/apresentacoes\/2021\/xe\/cec\">Educa\u00e7\u00e3o<\/a><\/li>\r\n<li><a href=\"https:\/\/cti.ufpel.edu.br\/siiepe\/apresentacoes\/2021\/xm\/cec\">Meio Ambiente<\/a><\/li>\r\n<li><a href=\"https:\/\/cti.ufpel.edu.br\/siiepe\/apresentacoes\/2021\/xs\/cec\">Sa\u00fade<\/a><\/li>\r\n<li><a href=\"https:\/\/cti.ufpel.edu.br\/siiepe\/apresentacoes\/2021\/xp\/cec\">Tecnologia e Produ\u00e7\u00e3o<\/a><\/li>\r\n<li><a href=\"https:\/\/cti.ufpel.edu.br\/siiepe\/apresentacoes\/2021\/xt\/cec\">Trabalho<\/a><\/li>\r\n<\/ul>\r\n<h3><strong>Trabalhos Selecionados para apresenta\u00e7\u00e3o:<\/strong><\/h3>\r\n<p><a href=\"https:\/\/docs.google.com\/spreadsheets\/d\/e\/2PACX-1vSYtLpEjypZEO9nA2N3G0-xyq1wn6T5NR-MOrenRWViXPS7-dIPmN-RD6T1F5eLjQ\/pubhtml\" target=\"_blank\" rel=\"noopener\">Confira aqui os 100 trabalhos selecionados para apresenta\u00e7\u00e3o no VIII CEC<\/a><\/p>\r\n<h3><strong>Destaques:<\/strong><\/h3>\r\n<p><a href=\"https:\/\/wp.ufpel.edu.br\/congressoextensao\/2021\/10\/22\/destaques-do-viii-cec\/\" target=\"_blank\" rel=\"noopener\">Confira aqui os destaques do VIII CEC<\/a><\/p>\r\n\r\n\r\n<hr class=\"wp-block-separator is-style-wide\" \/>\r\n\r\n\r\n<h3 class=\"wp-block-heading\"><strong>Comiss\u00e3o Organizadora<\/strong><\/h3>\r\n<p>Ana Carolina Oliveira Nogueira<br \/>Betina Dummer Uczak<br \/>Eleonora Campos da Motta Santos<br \/>Eraldo dos Santos Pinheiro<br \/>Gustavo Dias Ferreira<br \/>Mateus Schmeckel Mota<br \/>Mirian Rosa Fava<br \/>Rafaela Mello Bl\u00f6dorn<\/p>\r\n<h3><strong>Mediadores<\/strong><\/h3>\r\n<p>Ana Carolina Oliveira Nogueira<br \/>Eleonora Campos da Motta Santos<br \/>Gustavo Dias Ferreira<\/p>\r\n<h3><strong>Debatedores<\/strong><\/h3>\r\n<p>Adriana Schuler Cavalli<br \/>Aline Joana R. W. Alves dos Santos<br \/>Ana Clara Correa Henning<br \/>Ana da Rosa Bandeira<br \/>Andr\u00e9a Lacerda Bachettini<br \/>Antonia Espindola Longoni Klee<br \/>Aristeu Elisandro Machado Lopes<br \/>Chris de Azevedo Ramil<br \/>Cl\u00e1udia Fernanda Lemons e Silva<br \/>Diego Eug\u00eanio Roquette Godoy Almeida<br \/>Ezilmara Leonor Rolim de Sousa<br \/>Forlan La Rosa Almeida<br \/>Giana de Paula Cognato<br \/>Giovana Duzzo Gamaro<br \/>Giselda Maria Pereira<br \/>Giselle Molon Cecchini<br \/>Helenice Gonzalez de Lima<br \/>Josias Pereira<br \/>Leandro Ernesto Maia<br \/>Leonardo da Silva Oliveira<br \/>Lorena Almeida Gill<br \/>Lucia Rota Borges<br \/>Manoel Gildo Alves Neto<br \/>M\u00e1rcia de Oliveira Nobre<br \/>Marina de Oliveira<br \/>Marislei da Silveira Ribeiro<br \/>Michele Negrini<br \/>Noris Mara Pacheco Martins Leal<br \/>Paula Garcia Lima<br \/>Renata Heidtmann Bemvenuti<br \/>Rodrigo Casquero Cunha<br \/>Stefanie Griebeler Oliveira<br \/>Vanessa Caldeira Leite<\/p>\r\n<p>&nbsp;<\/p>\r\n","protected":false},"excerpt":{"rendered":"<p>Anais 2021 Not\u00edcias Trabalhos Aprovados (v\u00eddeos): Comunica\u00e7\u00e3o Cultura Direitos Humanos e Justi\u00e7a Educa\u00e7\u00e3o Meio Ambiente Sa\u00fade Tecnologia e Produ\u00e7\u00e3o Trabalho Trabalhos Selecionados para apresenta\u00e7\u00e3o: Confira aqui os 100 trabalhos selecionados para apresenta\u00e7\u00e3o no VIII CEC Destaques: Confira aqui os destaques do VIII CEC Comiss\u00e3o Organizadora Ana Carolina Oliveira NogueiraBetina Dummer UczakEleonora Campos da Motta SantosEraldo &hellip; <a href=\"https:\/\/wp.ufpel.edu.br\/congressoextensao\/edicoes-anteriores\/viii-cec-2021\/\" class=\"more-link\">Continue lendo <span class=\"screen-reader-text\">VIII CEC (2021)<\/span> <span class=\"meta-nav\">&rarr;<\/span><\/a><\/p>\n","protected":false},"author":20,"featured_media":0,"parent":567,"menu_order":0,"comment_status":"closed","ping_status":"closed","template":"","meta":{"jetpack_post_was_ever_published":false,"footnotes":"","_links_to":"","_links_to_target":""},"class_list":["post-1708","page","type-page","status-publish","hentry"],"jetpack_sharing_enabled":true,"_links":{"self":[{"href":"https:\/\/wp.ufpel.edu.br\/congressoextensao\/wp-json\/wp\/v2\/pages\/1708","targetHints":{"allow":["GET"]}}],"collection":[{"href":"https:\/\/wp.ufpel.edu.br\/congressoextensao\/wp-json\/wp\/v2\/pages"}],"about":[{"href":"https:\/\/wp.ufpel.edu.br\/congressoextensao\/wp-json\/wp\/v2\/types\/page"}],"author":[{"embeddable":true,"href":"https:\/\/wp.ufpel.edu.br\/congressoextensao\/wp-json\/wp\/v2\/users\/20"}],"replies":[{"embeddable":true,"href":"https:\/\/wp.ufpel.edu.br\/congressoextensao\/wp-json\/wp\/v2\/comments?post=1708"}],"version-history":[{"count":4,"href":"https:\/\/wp.ufpel.edu.br\/congressoextensao\/wp-json\/wp\/v2\/pages\/1708\/revisions"}],"predecessor-version":[{"id":1842,"href":"https:\/\/wp.ufpel.edu.br\/congressoextensao\/wp-json\/wp\/v2\/pages\/1708\/revisions\/1842"}],"up":[{"embeddable":true,"href":"https:\/\/wp.ufpel.edu.br\/congressoextensao\/wp-json\/wp\/v2\/pages\/567"}],"wp:attachment":[{"href":"https:\/\/wp.ufpel.edu.br\/congressoextensao\/wp-json\/wp\/v2\/media?parent=1708"}],"curies":[{"name":"wp","href":"https:\/\/api.w.org\/{rel}","templated":true}]}}