{"id":1655,"date":"2022-01-12T15:23:20","date_gmt":"2022-01-12T18:23:20","guid":{"rendered":"https:\/\/wp.ufpel.edu.br\/congressoextensao\/?page_id=1655"},"modified":"2022-01-19T17:03:17","modified_gmt":"2022-01-19T20:03:17","slug":"anais-2021","status":"publish","type":"page","link":"https:\/\/wp.ufpel.edu.br\/congressoextensao\/anais\/anais-2021\/","title":{"rendered":"Anais 2021"},"content":{"rendered":"<p><span style=\"color: #993300\"><strong><span style=\"font-size: 14pt\">VIII Congresso de Extens\u00e3o e Cultura<\/span><\/strong><\/span><\/p>\n<p><a href=\"https:\/\/wp.ufpel.edu.br\/congressoextensao\/files\/2022\/01\/Tema-1-Comunicacao-2021.pdf\" target=\"_blank\" rel=\"noopener\">COMUNICA\u00c7\u00c3O<\/a><\/p>\n<p><a href=\"https:\/\/wp.ufpel.edu.br\/congressoextensao\/files\/2022\/01\/Tema-2-Cultura-2021.pdf\" target=\"_blank\" rel=\"noopener\">CULTURA<\/a><\/p>\n<p><a href=\"https:\/\/wp.ufpel.edu.br\/congressoextensao\/files\/2022\/01\/Tema-3-Direitos-Humanos-e-Justica-2021.pdf\" target=\"_blank\" rel=\"noopener\">DIREITOS HUMANOS E JUSTI\u00c7A<\/a><\/p>\n<p><a href=\"https:\/\/wp.ufpel.edu.br\/congressoextensao\/files\/2022\/01\/Tema-4-Educacao-2021.pdf\" target=\"_blank\" rel=\"noopener\">EDUCA\u00c7\u00c3O<\/a><\/p>\n<p><a href=\"https:\/\/wp.ufpel.edu.br\/congressoextensao\/files\/2022\/01\/Tema-5-Meio-Ambiente-2021.pdf\" target=\"_blank\" rel=\"noopener\">MEIO AMBIENTE<\/a><\/p>\n<p><a href=\"https:\/\/wp.ufpel.edu.br\/congressoextensao\/files\/2022\/01\/Tema-6-Saude-2021.pdf\" target=\"_blank\" rel=\"noopener\">SA\u00daDE<\/a><\/p>\n<p><a href=\"https:\/\/wp.ufpel.edu.br\/congressoextensao\/files\/2022\/01\/Tema-7-Tecnologia-e-Producao-2021.pdf\" target=\"_blank\" rel=\"noopener\">TECNOLOGIA E PRODU\u00c7\u00c3O<\/a><\/p>\n<p><a href=\"https:\/\/wp.ufpel.edu.br\/congressoextensao\/files\/2022\/01\/Tema-8-Trabalho-2021.pdf\" target=\"_blank\" rel=\"noopener\">TRABALHO<\/a><\/p>\n","protected":false},"excerpt":{"rendered":"<p>VIII Congresso de Extens\u00e3o e Cultura COMUNICA\u00c7\u00c3O CULTURA DIREITOS HUMANOS E JUSTI\u00c7A EDUCA\u00c7\u00c3O MEIO AMBIENTE SA\u00daDE TECNOLOGIA E PRODU\u00c7\u00c3O TRABALHO<\/p>\n","protected":false},"author":411,"featured_media":0,"parent":181,"menu_order":0,"comment_status":"closed","ping_status":"closed","template":"","meta":{"jetpack_post_was_ever_published":false,"footnotes":"","_links_to":"","_links_to_target":""},"class_list":["post-1655","page","type-page","status-publish","hentry"],"jetpack_sharing_enabled":true,"_links":{"self":[{"href":"https:\/\/wp.ufpel.edu.br\/congressoextensao\/wp-json\/wp\/v2\/pages\/1655","targetHints":{"allow":["GET"]}}],"collection":[{"href":"https:\/\/wp.ufpel.edu.br\/congressoextensao\/wp-json\/wp\/v2\/pages"}],"about":[{"href":"https:\/\/wp.ufpel.edu.br\/congressoextensao\/wp-json\/wp\/v2\/types\/page"}],"author":[{"embeddable":true,"href":"https:\/\/wp.ufpel.edu.br\/congressoextensao\/wp-json\/wp\/v2\/users\/411"}],"replies":[{"embeddable":true,"href":"https:\/\/wp.ufpel.edu.br\/congressoextensao\/wp-json\/wp\/v2\/comments?post=1655"}],"version-history":[{"count":5,"href":"https:\/\/wp.ufpel.edu.br\/congressoextensao\/wp-json\/wp\/v2\/pages\/1655\/revisions"}],"predecessor-version":[{"id":1681,"href":"https:\/\/wp.ufpel.edu.br\/congressoextensao\/wp-json\/wp\/v2\/pages\/1655\/revisions\/1681"}],"up":[{"embeddable":true,"href":"https:\/\/wp.ufpel.edu.br\/congressoextensao\/wp-json\/wp\/v2\/pages\/181"}],"wp:attachment":[{"href":"https:\/\/wp.ufpel.edu.br\/congressoextensao\/wp-json\/wp\/v2\/media?parent=1655"}],"curies":[{"name":"wp","href":"https:\/\/api.w.org\/{rel}","templated":true}]}}