{"id":1473,"date":"2021-05-31T16:35:11","date_gmt":"2021-05-31T19:35:11","guid":{"rendered":"https:\/\/wp.ufpel.edu.br\/congressoextensao\/?page_id=1473"},"modified":"2021-06-15T11:33:16","modified_gmt":"2021-06-15T14:33:16","slug":"vii-cec-2020","status":"publish","type":"page","link":"https:\/\/wp.ufpel.edu.br\/congressoextensao\/edicoes-anteriores\/vii-cec-2020\/","title":{"rendered":"VII CEC (2020)"},"content":{"rendered":"\n<figure class=\"wp-block-image size-large\"><a href=\"https:\/\/wp.ufpel.edu.br\/congressoextensao\/files\/2020\/08\/CEC.png\"><img loading=\"lazy\" decoding=\"async\" width=\"984\" height=\"220\" src=\"https:\/\/wp.ufpel.edu.br\/congressoextensao\/files\/2020\/08\/CEC-984x220.png\" alt=\"\" class=\"wp-image-1307\"\/><\/a><figcaption><strong>DE 23 A 27 DE NOVEMBRO DE 2020, EM FORMATO REMOTO.<\/strong><\/figcaption><\/figure>\n\n\n\n<ul class=\"wp-block-list\"><li><a href=\"https:\/\/wp.ufpel.edu.br\/congressoextensao\/anais\/anais-2020\/\" data-type=\"page\" data-id=\"1443\">Anais 2020<\/a><\/li><li><a href=\"https:\/\/wp.ufpel.edu.br\/congressoextensao\/category\/noticias\/2020\/\">Not\u00edcias<\/a><\/li><\/ul>\n\n\n\n<h3 class=\"wp-block-heading\">Trabalhos apresentados (v\u00eddeos):<\/h3>\n\n\n\n<ul class=\"wp-block-list\"><li><a href=\"https:\/\/cti.ufpel.edu.br\/siiepe\/apresentacoes\/2020\/xa\/cec\">Extens\u00e3o Universit\u00e1ria: aproxima\u00e7\u00f5es em tempo de distanciamento social<\/a><\/li><li><a href=\"https:\/\/cti.ufpel.edu.br\/siiepe\/apresentacoes\/2020\/xb\/cec\">Extens\u00e3o como meio para divulga\u00e7\u00e3o do conhecimento acad\u00eamico e cient\u00edfico<\/a><\/li><li><a href=\"https:\/\/cti.ufpel.edu.br\/siiepe\/apresentacoes\/2020\/xc\/cec\">Extens\u00e3o e sociedade: as muitas formas de intera\u00e7\u00e3o<\/a><\/li><li><a href=\"https:\/\/cti.ufpel.edu.br\/siiepe\/apresentacoes\/2020\/xd\/cec\">Extens\u00e3o como dimens\u00e3o formativa<\/a><\/li><li><a href=\"https:\/\/cti.ufpel.edu.br\/siiepe\/apresentacoes\/2020\/xe\/cec\">Extens\u00e3o como agente integrador entre ensino e pesquisa<\/a><\/li><li><a href=\"https:\/\/cti.ufpel.edu.br\/siiepe\/apresentacoes\/2020\/xf\/cec\">Extens\u00e3o compartilhando saberes com as comunidades<\/a><\/li><li><a href=\"https:\/\/cti.ufpel.edu.br\/siiepe\/apresentacoes\/2020\/xg\/cec\">A\u00e7\u00f5es Extensionistas para uma sociedade sustent\u00e1vel<\/a><\/li><li><a href=\"https:\/\/cti.ufpel.edu.br\/siiepe\/apresentacoes\/2020\/xh\/cec\">A\u00e7\u00f5es Extensionistas no enfrentamento das desigualdades<\/a><\/li><\/ul>\n\n\n\n<hr class=\"wp-block-separator is-style-wide\"\/>\n\n\n\n<h3 class=\"wp-block-heading\"><strong>Comiss\u00e3o Cient\u00edfica<\/strong> VII CEC<\/h3>\n\n\n\n<ul class=\"wp-block-list\"><li>Francisca Ferreira Michelon<\/li><li>Felipe Fehlberg Hermann<\/li><li>Jo\u00e3o Fernando Igansi Nunes<\/li><li>Silvana de F\u00e1tima Bojanoski<\/li><\/ul>\n\n\n\n<h3 class=\"wp-block-heading\"><strong>Comiss\u00e3o Organizadora<\/strong> VII CEC<\/h3>\n\n\n\n<ul class=\"wp-block-list\"><li>Ana Carolina Oliveira Nogueira<\/li><li>Andr\u00e9a Lacerda Bachettini<\/li><li>C\u00e1tia Aparecida Leite da Silva<\/li><li>Desir\u00e9e Nobre Salasar<\/li><li>Elias Lisboa dos Santos<\/li><li>Jerri Teixeira Zanusso<\/li><li>Leticia Silva Dutra Zimmermann<\/li><li>Mateus Schmeckel Mota<\/li><li>N\u00e1dia Naj\u00e1ra Kr\u00fcger Alves<\/li><li>Norlai Alves Azevedo<\/li><li>Paula Garcia Lima<\/li><li>Rog\u00e9ria Aparecida Cruz Guttier<\/li><li>Valdecir Carlos Ferri<\/li><\/ul>\n\n\n\n<h3 class=\"wp-block-heading\"><strong>Equipe de apoio VII CEC (acad\u00eamicos)<\/strong><\/h3>\n\n\n\n<ul class=\"wp-block-list\"><li>B\u00e1rbara dos Santos Kurz<\/li><li>Betina Dummer Uczak<\/li><li>Carlos Eduardo Vetromille Brito<\/li><li>Gianlucca de Mendon\u00e7a Buzo<\/li><li>Guilherme Bueno Alc\u00e2ntara<\/li><li>Isabela Almeida Nogueira<\/li><li>J\u00e9ssica Cristina Alves<\/li><li>Joice Vieira Soares<\/li><\/ul>\n","protected":false},"excerpt":{"rendered":"<p>Anais 2020 Not\u00edcias Trabalhos apresentados (v\u00eddeos): Extens\u00e3o Universit\u00e1ria: aproxima\u00e7\u00f5es em tempo de distanciamento social Extens\u00e3o como meio para divulga\u00e7\u00e3o do conhecimento acad\u00eamico e cient\u00edfico Extens\u00e3o e sociedade: as muitas formas de intera\u00e7\u00e3o Extens\u00e3o como dimens\u00e3o formativa Extens\u00e3o como agente integrador entre ensino e pesquisa Extens\u00e3o compartilhando saberes com as comunidades A\u00e7\u00f5es Extensionistas para uma sociedade &hellip; <a href=\"https:\/\/wp.ufpel.edu.br\/congressoextensao\/edicoes-anteriores\/vii-cec-2020\/\" class=\"more-link\">Continue lendo <span class=\"screen-reader-text\">VII CEC (2020)<\/span> <span class=\"meta-nav\">&rarr;<\/span><\/a><\/p>\n","protected":false},"author":20,"featured_media":0,"parent":567,"menu_order":0,"comment_status":"closed","ping_status":"closed","template":"","meta":{"jetpack_post_was_ever_published":false,"footnotes":"","_links_to":"","_links_to_target":""},"class_list":["post-1473","page","type-page","status-publish","hentry"],"jetpack_sharing_enabled":true,"_links":{"self":[{"href":"https:\/\/wp.ufpel.edu.br\/congressoextensao\/wp-json\/wp\/v2\/pages\/1473","targetHints":{"allow":["GET"]}}],"collection":[{"href":"https:\/\/wp.ufpel.edu.br\/congressoextensao\/wp-json\/wp\/v2\/pages"}],"about":[{"href":"https:\/\/wp.ufpel.edu.br\/congressoextensao\/wp-json\/wp\/v2\/types\/page"}],"author":[{"embeddable":true,"href":"https:\/\/wp.ufpel.edu.br\/congressoextensao\/wp-json\/wp\/v2\/users\/20"}],"replies":[{"embeddable":true,"href":"https:\/\/wp.ufpel.edu.br\/congressoextensao\/wp-json\/wp\/v2\/comments?post=1473"}],"version-history":[{"count":4,"href":"https:\/\/wp.ufpel.edu.br\/congressoextensao\/wp-json\/wp\/v2\/pages\/1473\/revisions"}],"predecessor-version":[{"id":1487,"href":"https:\/\/wp.ufpel.edu.br\/congressoextensao\/wp-json\/wp\/v2\/pages\/1473\/revisions\/1487"}],"up":[{"embeddable":true,"href":"https:\/\/wp.ufpel.edu.br\/congressoextensao\/wp-json\/wp\/v2\/pages\/567"}],"wp:attachment":[{"href":"https:\/\/wp.ufpel.edu.br\/congressoextensao\/wp-json\/wp\/v2\/media?parent=1473"}],"curies":[{"name":"wp","href":"https:\/\/api.w.org\/{rel}","templated":true}]}}