{"id":1443,"date":"2020-12-30T09:59:22","date_gmt":"2020-12-30T12:59:22","guid":{"rendered":"https:\/\/wp.ufpel.edu.br\/congressoextensao\/?page_id=1443"},"modified":"2022-01-19T17:13:51","modified_gmt":"2022-01-19T20:13:51","slug":"anais-2020","status":"publish","type":"page","link":"https:\/\/wp.ufpel.edu.br\/congressoextensao\/anais\/anais-2020\/","title":{"rendered":"Anais 2020"},"content":{"rendered":"\r\n<p><span style=\"font-size: 14pt;color: #993300\"><strong>VII Congresso de Extens\u00e3o e Cultura<\/strong><\/span><\/p>\r\n<p><a href=\"https:\/\/wp.ufpel.edu.br\/congressoextensao\/files\/2020\/12\/Tema-1.pdf\" target=\"_blank\" rel=\"noreferrer noopener\">Tema 1: <strong>Extens\u00e3o Universit\u00e1ria: aproxima\u00e7\u00f5es em tempo de distanciamento social<\/strong><\/a><\/p>\r\n\r\n\r\n\r\n<p><a href=\"https:\/\/wp.ufpel.edu.br\/congressoextensao\/files\/2020\/12\/Tema-2.pdf\" target=\"_blank\" rel=\"noreferrer noopener\">Tema 2: <strong>Extens\u00e3o como meio para divulga\u00e7\u00e3o do conhecimento acad\u00eamico e cient\u00edfico<\/strong><\/a><\/p>\r\n\r\n\r\n\r\n<p><a href=\"https:\/\/wp.ufpel.edu.br\/congressoextensao\/files\/2020\/12\/Tema-3.pdf\" target=\"_blank\" rel=\"noreferrer noopener\">Tema 3: <strong>Extens\u00e3o e sociedade: as muitas formas de intera\u00e7\u00e3o<\/strong><\/a><\/p>\r\n\r\n\r\n\r\n<p><a href=\"https:\/\/wp.ufpel.edu.br\/congressoextensao\/files\/2020\/12\/Tema-4.pdf\" target=\"_blank\" rel=\"noreferrer noopener\">Tema 4: <strong>Extens\u00e3o como dimens\u00e3o formativa<\/strong><\/a><\/p>\r\n\r\n\r\n\r\n<p><a href=\"https:\/\/wp.ufpel.edu.br\/congressoextensao\/files\/2020\/12\/Tema-5.pdf\" target=\"_blank\" rel=\"noreferrer noopener\">Tema 5: <strong>Extens\u00e3o como agente integrador entre ensino e pesquisa<\/strong><\/a><\/p>\r\n\r\n\r\n\r\n<p><a href=\"https:\/\/wp.ufpel.edu.br\/congressoextensao\/files\/2020\/12\/Tema-6.pdf\" target=\"_blank\" rel=\"noreferrer noopener\">Tema 6: <strong>Extens\u00e3o compartilhando saberes com as comunidades<\/strong><\/a><\/p>\r\n\r\n\r\n\r\n<p><a href=\"https:\/\/wp.ufpel.edu.br\/congressoextensao\/files\/2020\/12\/Tema-7.pdf\" target=\"_blank\" rel=\"noreferrer noopener\">Tema 7: <strong>A\u00e7\u00f5es Extensionistas para uma sociedade sustent\u00e1vel\u00a0<\/strong><\/a><\/p>\r\n\r\n\r\n\r\n<p><a href=\"https:\/\/wp.ufpel.edu.br\/congressoextensao\/files\/2020\/12\/Tema-8.pdf\" target=\"_blank\" rel=\"noreferrer noopener\">Tema 8: <strong>A\u00e7\u00f5es Extensionistas no enfrentamento das desigualdades\u00a0<\/strong><\/a><\/p>\r\n\r\n\r\n\r\n<p>&nbsp;<\/p>\r\n","protected":false},"excerpt":{"rendered":"<p>VII Congresso de Extens\u00e3o e Cultura Tema 1: Extens\u00e3o Universit\u00e1ria: aproxima\u00e7\u00f5es em tempo de distanciamento social Tema 2: Extens\u00e3o como meio para divulga\u00e7\u00e3o do conhecimento acad\u00eamico e cient\u00edfico Tema 3: Extens\u00e3o e sociedade: as muitas formas de intera\u00e7\u00e3o Tema 4: Extens\u00e3o como dimens\u00e3o formativa Tema 5: Extens\u00e3o como agente integrador entre ensino e pesquisa Tema &hellip; <a href=\"https:\/\/wp.ufpel.edu.br\/congressoextensao\/anais\/anais-2020\/\" class=\"more-link\">Continue lendo <span class=\"screen-reader-text\">Anais 2020<\/span> <span class=\"meta-nav\">&rarr;<\/span><\/a><\/p>\n","protected":false},"author":411,"featured_media":0,"parent":181,"menu_order":0,"comment_status":"closed","ping_status":"closed","template":"","meta":{"jetpack_post_was_ever_published":false,"footnotes":"","_links_to":"","_links_to_target":""},"class_list":["post-1443","page","type-page","status-publish","hentry"],"jetpack_sharing_enabled":true,"_links":{"self":[{"href":"https:\/\/wp.ufpel.edu.br\/congressoextensao\/wp-json\/wp\/v2\/pages\/1443","targetHints":{"allow":["GET"]}}],"collection":[{"href":"https:\/\/wp.ufpel.edu.br\/congressoextensao\/wp-json\/wp\/v2\/pages"}],"about":[{"href":"https:\/\/wp.ufpel.edu.br\/congressoextensao\/wp-json\/wp\/v2\/types\/page"}],"author":[{"embeddable":true,"href":"https:\/\/wp.ufpel.edu.br\/congressoextensao\/wp-json\/wp\/v2\/users\/411"}],"replies":[{"embeddable":true,"href":"https:\/\/wp.ufpel.edu.br\/congressoextensao\/wp-json\/wp\/v2\/comments?post=1443"}],"version-history":[{"count":5,"href":"https:\/\/wp.ufpel.edu.br\/congressoextensao\/wp-json\/wp\/v2\/pages\/1443\/revisions"}],"predecessor-version":[{"id":1691,"href":"https:\/\/wp.ufpel.edu.br\/congressoextensao\/wp-json\/wp\/v2\/pages\/1443\/revisions\/1691"}],"up":[{"embeddable":true,"href":"https:\/\/wp.ufpel.edu.br\/congressoextensao\/wp-json\/wp\/v2\/pages\/181"}],"wp:attachment":[{"href":"https:\/\/wp.ufpel.edu.br\/congressoextensao\/wp-json\/wp\/v2\/media?parent=1443"}],"curies":[{"name":"wp","href":"https:\/\/api.w.org\/{rel}","templated":true}]}}