{"id":1298,"date":"2025-10-01T18:00:20","date_gmt":"2025-10-01T21:00:20","guid":{"rendered":"https:\/\/wp.ufpel.edu.br\/congressoextensao\/?page_id=1298"},"modified":"2025-10-01T19:07:21","modified_gmt":"2025-10-01T22:07:21","slug":"programacao","status":"publish","type":"page","link":"https:\/\/wp.ufpel.edu.br\/congressoextensao\/programacao\/","title":{"rendered":"Programa\u00e7\u00e3o"},"content":{"rendered":"<h6 style=\"text-align: center;\"><span style=\"font-size: 18pt;\"><a href=\"https:\/\/docs.google.com\/spreadsheets\/d\/e\/2PACX-1vRuakaL-hEZkJSVM5hkHEGAP4EcM6AAbGF6KM1FpqOL1ih0O1EWHPJrvMojgXLtyt7MiRhipefQLNYn\/pubhtml?gid=0&amp;single=true\" target=\"_blank\" rel=\"noopener\"><strong>Acesse aqui a programa\u00e7\u00e3o completa do XII CEC<\/strong><\/a><\/span><\/h6>\n<p style=\"text-align: justify;\">O XII Congresso de Extens\u00e3o e Cultura integra a programa\u00e7\u00e3o da 11\u00aa SIIEPE e ser\u00e1 realizado no Campus Anglo (Rua Gomes Carneiro, n\u00ba 1), 4\u00ba andar.<\/p>\n<p style=\"text-align: justify;\"><strong>Informa\u00e7\u00f5es importantes:<\/strong><\/p>\n<p style=\"text-align: justify;\"><em>&#8211; As apresenta\u00e7\u00f5es ocorrer\u00e3o <strong>de forma presencial<\/strong>, <span id=\"page11R_mcid4\" class=\"markedContent\"><span dir=\"ltr\" role=\"presentation\">onde participar\u00e3o os apresentadores, os<\/span> <span dir=\"ltr\" role=\"presentation\">respectivos orientadores, os debatedores e os ouvintes.<\/span><\/span><br \/>\n<\/em><\/p>\n<p style=\"text-align: justify;\"><em>&#8211; <span id=\"page12R_mcid4\" class=\"markedContent\"><span dir=\"ltr\" role=\"presentation\">Cada sess\u00e3o ter\u00e1 a<\/span> <span dir=\"ltr\" role=\"presentation\">apresenta\u00e7\u00e3o oral de at\u00e9 sete trabalhos. No in\u00edcio da sess\u00e3o, ser\u00e3o concedidos 10 (dez)<\/span> <span dir=\"ltr\" role=\"presentation\">minutos para a apresenta\u00e7\u00e3o de cada trabalho, as quais ser\u00e3o feitas em sequ\u00eancia, sem<\/span> <span dir=\"ltr\" role=\"presentation\">interven\u00e7\u00f5es dos debatedores.<\/span> <span dir=\"ltr\" role=\"presentation\">Ap\u00f3s o t\u00e9rmino das apresenta\u00e7\u00f5es, os<\/span> <span dir=\"ltr\" role=\"presentation\">debatedores ter\u00e3o 20 (vinte) minutos para discutir em conjunto com os apresentadores os<\/span> <span dir=\"ltr\" role=\"presentation\">trabalhos apresentados na sess\u00e3o. \u00c9 permitido e estimulado que os apresentadores <\/span><span dir=\"ltr\" role=\"presentation\">participem ativamente deste m<\/span><span dir=\"ltr\" role=\"presentation\">omento, inclusive com questionamentos aos pares.<\/span><\/span><\/em><\/p>\n<p style=\"text-align: justify;\"><em>&#8211; O(a) apresentador(a) dever\u00e1 comparecer na sala antes do hor\u00e1rio de in\u00edcio da sess\u00e3o de sua apresenta\u00e7\u00e3o.<br \/>\n<\/em><\/p>\n<p style=\"text-align: justify;\"><em><span id=\"page12R_mcid0\" class=\"markedContent\"><span dir=\"ltr\" role=\"presentation\">&#8211; <\/span><\/span>Para apresenta\u00e7\u00e3o na forma oral, ser\u00e3o disponibilizados projetor e computador com entradas USB (\u00e9 recomendado que as apresenta\u00e7\u00f5es estejam gravadas em pendrives e que tenham sido previamente testadas) em formato PDF.<\/em><\/p>\n<p style=\"text-align: justify;\"><em>\u00a0&#8211; Cada sess\u00e3o ter\u00e1 um \u201cdestaque\u201d indicado pelos debatedores presentes.<\/em><\/p>\n<p style=\"text-align: justify;\"><em>\u00a0&#8211; Altera\u00e7\u00f5es de dia e hor\u00e1rio das apresenta\u00e7\u00f5es ser\u00e3o avaliadas somente em casos de colis\u00f5es com os demais eventos da SIIEPE.<\/em><\/p>\n","protected":false},"excerpt":{"rendered":"<p>Acesse aqui a programa\u00e7\u00e3o completa do XII CEC O XII Congresso de Extens\u00e3o e Cultura integra a programa\u00e7\u00e3o da 11\u00aa SIIEPE e ser\u00e1 realizado no Campus Anglo (Rua Gomes Carneiro, n\u00ba 1), 4\u00ba andar. Informa\u00e7\u00f5es importantes: &#8211; As apresenta\u00e7\u00f5es ocorrer\u00e3o de forma presencial, onde participar\u00e3o os apresentadores, os respectivos orientadores, os debatedores e os ouvintes. &hellip; <a href=\"https:\/\/wp.ufpel.edu.br\/congressoextensao\/programacao\/\" class=\"more-link\">Continue lendo <span class=\"screen-reader-text\">Programa\u00e7\u00e3o<\/span> <span class=\"meta-nav\">&rarr;<\/span><\/a><\/p>\n","protected":false},"author":20,"featured_media":0,"parent":0,"menu_order":0,"comment_status":"closed","ping_status":"closed","template":"","meta":{"jetpack_post_was_ever_published":false,"footnotes":"","_links_to":"","_links_to_target":""},"class_list":["post-1298","page","type-page","status-publish","hentry"],"jetpack_sharing_enabled":true,"_links":{"self":[{"href":"https:\/\/wp.ufpel.edu.br\/congressoextensao\/wp-json\/wp\/v2\/pages\/1298","targetHints":{"allow":["GET"]}}],"collection":[{"href":"https:\/\/wp.ufpel.edu.br\/congressoextensao\/wp-json\/wp\/v2\/pages"}],"about":[{"href":"https:\/\/wp.ufpel.edu.br\/congressoextensao\/wp-json\/wp\/v2\/types\/page"}],"author":[{"embeddable":true,"href":"https:\/\/wp.ufpel.edu.br\/congressoextensao\/wp-json\/wp\/v2\/users\/20"}],"replies":[{"embeddable":true,"href":"https:\/\/wp.ufpel.edu.br\/congressoextensao\/wp-json\/wp\/v2\/comments?post=1298"}],"version-history":[{"count":3,"href":"https:\/\/wp.ufpel.edu.br\/congressoextensao\/wp-json\/wp\/v2\/pages\/1298\/revisions"}],"predecessor-version":[{"id":2102,"href":"https:\/\/wp.ufpel.edu.br\/congressoextensao\/wp-json\/wp\/v2\/pages\/1298\/revisions\/2102"}],"wp:attachment":[{"href":"https:\/\/wp.ufpel.edu.br\/congressoextensao\/wp-json\/wp\/v2\/media?parent=1298"}],"curies":[{"name":"wp","href":"https:\/\/api.w.org\/{rel}","templated":true}]}}