{"id":1283,"date":"2020-03-12T12:31:09","date_gmt":"2020-03-12T15:31:09","guid":{"rendered":"https:\/\/wp.ufpel.edu.br\/congressoextensao\/?page_id=1283"},"modified":"2020-03-12T12:31:09","modified_gmt":"2020-03-12T15:31:09","slug":"vi-cec-2019","status":"publish","type":"page","link":"https:\/\/wp.ufpel.edu.br\/congressoextensao\/edicoes-anteriores\/vi-cec-2019\/","title":{"rendered":"VI CEC (2019)"},"content":{"rendered":"<p style=\"text-align: center;\"><a href=\"https:\/\/wp.ufpel.edu.br\/congressoextensao\/files\/2019\/08\/CEC.png\"><img loading=\"lazy\" decoding=\"async\" class=\"alignnone size-large wp-image-1129\" src=\"https:\/\/wp.ufpel.edu.br\/congressoextensao\/files\/2019\/08\/CEC-984x220.png\" alt=\"\" width=\"604\" height=\"135\" \/><\/a><br \/>\nDe 21 a 25\/10\/2019 no Campus Cap\u00e3o do Le\u00e3o.<\/p>\n<ul>\n<li><a href=\"https:\/\/wp.ufpel.edu.br\/congressoextensao\/anais-2019\/\">Anais 2019<\/a><\/li>\n<li><a href=\"https:\/\/wp.ufpel.edu.br\/congressoextensao\/category\/noticias\/2019\/\">Not\u00edcias<\/a><\/li>\n<\/ul>\n<hr \/>\n<h3>Comiss\u00e3o Cient\u00edfica VI CEC<\/h3>\n<ul>\n<li>Francisca Ferreira Michelon \u2013 PRESIDENTE<\/li>\n<li>Felipe Fehlberg Hermann<\/li>\n<li>Jo\u00e3o Fernando Igansi Nunes<\/li>\n<li>Silvana de F\u00e1tima Bojanoski<\/li>\n<\/ul>\n<h3>Comiss\u00e3o Organizadora VI CEC<\/h3>\n<ul>\n<li>Andr\u00e9a Lacerda Bachettini<\/li>\n<li>Desir\u00e9e Nobre Salasar<\/li>\n<li>Jerri Teixeira Zanusso<\/li>\n<li>Norlai Alves Azevedo<\/li>\n<li>Valdecir Carlos Ferri<\/li>\n<li>Ana Carolina Oliveira Nogueira<\/li>\n<li>C\u00e1tia Aparecida Leite da Silva<\/li>\n<li>Elias Lisboa dos Santos<\/li>\n<li>Mateus Schmeckel Mota<\/li>\n<li>Matheus Blaas Bastos<\/li>\n<li>N\u00e1dia Naj\u00e1ra Kr\u00fcger Alves<\/li>\n<li>Rog\u00e9ria Aparecida Cruz Guttier<\/li>\n<\/ul>\n<h3>Comiss\u00e3o Organizadora VI CEC (acad\u00eamicos)<\/h3>\n<ul>\n<li>B\u00e1rbara dos Santos Kurz<\/li>\n<li>Betina Dummer Uczak<\/li>\n<li>Carlos Eduardo Vetromille Brito<\/li>\n<li>Isabela Almeida Nogueira<\/li>\n<li>J\u00e9ssica Cristina Alves<\/li>\n<li>Joice Vieira Soares<\/li>\n<li>Lisiane Gastal Pereira<\/li>\n<li>Lucas Farias Centeno<\/li>\n<li>Marlene dos Santos de Oliveira<\/li>\n<li>Miguel Pereira Soares<\/li>\n<li>Nicole Fernandes da Silva<\/li>\n<li>Rafael Nolasco<\/li>\n<\/ul>\n<p>&nbsp;<\/p>\n","protected":false},"excerpt":{"rendered":"<p>De 21 a 25\/10\/2019 no Campus Cap\u00e3o do Le\u00e3o. Anais 2019 Not\u00edcias Comiss\u00e3o Cient\u00edfica VI CEC Francisca Ferreira Michelon \u2013 PRESIDENTE Felipe Fehlberg Hermann Jo\u00e3o Fernando Igansi Nunes Silvana de F\u00e1tima Bojanoski Comiss\u00e3o Organizadora VI CEC Andr\u00e9a Lacerda Bachettini Desir\u00e9e Nobre Salasar Jerri Teixeira Zanusso Norlai Alves Azevedo Valdecir Carlos Ferri Ana Carolina Oliveira Nogueira &hellip; <a href=\"https:\/\/wp.ufpel.edu.br\/congressoextensao\/edicoes-anteriores\/vi-cec-2019\/\" class=\"more-link\">Continue lendo <span class=\"screen-reader-text\">VI CEC (2019)<\/span> <span class=\"meta-nav\">&rarr;<\/span><\/a><\/p>\n","protected":false},"author":20,"featured_media":0,"parent":567,"menu_order":0,"comment_status":"closed","ping_status":"closed","template":"","meta":{"jetpack_post_was_ever_published":false,"footnotes":"","_links_to":"","_links_to_target":""},"class_list":["post-1283","page","type-page","status-publish","hentry"],"jetpack_sharing_enabled":true,"_links":{"self":[{"href":"https:\/\/wp.ufpel.edu.br\/congressoextensao\/wp-json\/wp\/v2\/pages\/1283","targetHints":{"allow":["GET"]}}],"collection":[{"href":"https:\/\/wp.ufpel.edu.br\/congressoextensao\/wp-json\/wp\/v2\/pages"}],"about":[{"href":"https:\/\/wp.ufpel.edu.br\/congressoextensao\/wp-json\/wp\/v2\/types\/page"}],"author":[{"embeddable":true,"href":"https:\/\/wp.ufpel.edu.br\/congressoextensao\/wp-json\/wp\/v2\/users\/20"}],"replies":[{"embeddable":true,"href":"https:\/\/wp.ufpel.edu.br\/congressoextensao\/wp-json\/wp\/v2\/comments?post=1283"}],"version-history":[{"count":1,"href":"https:\/\/wp.ufpel.edu.br\/congressoextensao\/wp-json\/wp\/v2\/pages\/1283\/revisions"}],"predecessor-version":[{"id":1285,"href":"https:\/\/wp.ufpel.edu.br\/congressoextensao\/wp-json\/wp\/v2\/pages\/1283\/revisions\/1285"}],"up":[{"embeddable":true,"href":"https:\/\/wp.ufpel.edu.br\/congressoextensao\/wp-json\/wp\/v2\/pages\/567"}],"wp:attachment":[{"href":"https:\/\/wp.ufpel.edu.br\/congressoextensao\/wp-json\/wp\/v2\/media?parent=1283"}],"curies":[{"name":"wp","href":"https:\/\/api.w.org\/{rel}","templated":true}]}}