{"id":1253,"date":"2019-11-25T17:34:14","date_gmt":"2019-11-25T20:34:14","guid":{"rendered":"https:\/\/wp.ufpel.edu.br\/congressoextensao\/?page_id=1253"},"modified":"2022-01-19T17:04:47","modified_gmt":"2022-01-19T20:04:47","slug":"anais-2019","status":"publish","type":"page","link":"https:\/\/wp.ufpel.edu.br\/congressoextensao\/anais\/anais-2019\/","title":{"rendered":"Anais 2019"},"content":{"rendered":"<p><span style=\"color: #993300;font-size: 14pt\"><strong>VI Congresso de Extens\u00e3o e Cultura<\/strong><\/span><\/p>\n<p><span style=\"color: #c80000\"><a style=\"color: #c80000\" href=\"https:\/\/wp.ufpel.edu.br\/congressoextensao\/files\/2019\/11\/Comunica\u00e7\u00e3o.pdf\">COMUNICA\u00c7\u00c3O<\/a><\/span><\/p>\n<p><span style=\"color: #c80000\"><a style=\"color: #c80000\" href=\"https:\/\/wp.ufpel.edu.br\/congressoextensao\/files\/2019\/11\/Cultura.pdf\">CULTURA<\/a><\/span><\/p>\n<p><span style=\"color: #c80000\"><a style=\"color: #c80000\" href=\"https:\/\/wp.ufpel.edu.br\/congressoextensao\/files\/2019\/11\/Direitos-Humanos.pdf\">DIREITOS HUMANOS E JUSTI\u00c7A<\/a><\/span><\/p>\n<p><span style=\"color: #c80000\"><a style=\"color: #c80000\" href=\"https:\/\/wp.ufpel.edu.br\/congressoextensao\/files\/2019\/11\/Educa\u00e7\u00e3o.pdf\">EDUCA\u00c7\u00c3O<\/a><\/span><\/p>\n<p><span style=\"color: #c80000\"><a style=\"color: #c80000\" href=\"https:\/\/wp.ufpel.edu.br\/congressoextensao\/files\/2019\/11\/Meio-Ambiente.pdf\">MEIO AMBIENTE<\/a><\/span><\/p>\n<p><span style=\"color: #c80000\"><a style=\"color: #c80000\" href=\"https:\/\/wp.ufpel.edu.br\/congressoextensao\/files\/2019\/11\/Sa\u00fade.pdf\">SA\u00daDE<\/a><\/span><\/p>\n<p><span style=\"color: #c80000\"><a style=\"color: #c80000\" href=\"https:\/\/wp.ufpel.edu.br\/congressoextensao\/files\/2019\/11\/Tecnlogia-e-Produ\u00e7\u00e3o.pdf\">TECNOLOGIA E PRODU\u00c7\u00c3O<\/a><\/span><\/p>\n<p><span style=\"color: #c80000\"><a style=\"color: #c80000\" href=\"https:\/\/wp.ufpel.edu.br\/congressoextensao\/files\/2019\/11\/Trabalho.pdf\">TRABALHO<\/a><\/span><\/p>\n","protected":false},"excerpt":{"rendered":"<p>VI Congresso de Extens\u00e3o e Cultura COMUNICA\u00c7\u00c3O CULTURA DIREITOS HUMANOS E JUSTI\u00c7A EDUCA\u00c7\u00c3O MEIO AMBIENTE SA\u00daDE TECNOLOGIA E PRODU\u00c7\u00c3O TRABALHO<\/p>\n","protected":false},"author":411,"featured_media":0,"parent":181,"menu_order":0,"comment_status":"closed","ping_status":"closed","template":"","meta":{"jetpack_post_was_ever_published":false,"footnotes":"","_links_to":"","_links_to_target":""},"class_list":["post-1253","page","type-page","status-publish","hentry"],"jetpack_sharing_enabled":true,"_links":{"self":[{"href":"https:\/\/wp.ufpel.edu.br\/congressoextensao\/wp-json\/wp\/v2\/pages\/1253","targetHints":{"allow":["GET"]}}],"collection":[{"href":"https:\/\/wp.ufpel.edu.br\/congressoextensao\/wp-json\/wp\/v2\/pages"}],"about":[{"href":"https:\/\/wp.ufpel.edu.br\/congressoextensao\/wp-json\/wp\/v2\/types\/page"}],"author":[{"embeddable":true,"href":"https:\/\/wp.ufpel.edu.br\/congressoextensao\/wp-json\/wp\/v2\/users\/411"}],"replies":[{"embeddable":true,"href":"https:\/\/wp.ufpel.edu.br\/congressoextensao\/wp-json\/wp\/v2\/comments?post=1253"}],"version-history":[{"count":7,"href":"https:\/\/wp.ufpel.edu.br\/congressoextensao\/wp-json\/wp\/v2\/pages\/1253\/revisions"}],"predecessor-version":[{"id":1683,"href":"https:\/\/wp.ufpel.edu.br\/congressoextensao\/wp-json\/wp\/v2\/pages\/1253\/revisions\/1683"}],"up":[{"embeddable":true,"href":"https:\/\/wp.ufpel.edu.br\/congressoextensao\/wp-json\/wp\/v2\/pages\/181"}],"wp:attachment":[{"href":"https:\/\/wp.ufpel.edu.br\/congressoextensao\/wp-json\/wp\/v2\/media?parent=1253"}],"curies":[{"name":"wp","href":"https:\/\/api.w.org\/{rel}","templated":true}]}}