{"id":1109,"date":"2019-07-04T11:22:42","date_gmt":"2019-07-04T14:22:42","guid":{"rendered":"https:\/\/wp.ufpel.edu.br\/congressoextensao\/?page_id=1109"},"modified":"2019-07-04T11:24:22","modified_gmt":"2019-07-04T14:24:22","slug":"v-cec-2018","status":"publish","type":"page","link":"https:\/\/wp.ufpel.edu.br\/congressoextensao\/edicoes-anteriores\/v-cec-2018\/","title":{"rendered":"V CEC (2018)"},"content":{"rendered":"<p style=\"text-align: center;\"><a href=\"https:\/\/wp.ufpel.edu.br\/congressoextensao\/files\/2018\/06\/CEC2018.png\"><img loading=\"lazy\" decoding=\"async\" class=\"alignnone size-large wp-image-788\" src=\"https:\/\/wp.ufpel.edu.br\/congressoextensao\/files\/2018\/06\/CEC2018-984x220.png\" alt=\"\" width=\"604\" height=\"135\" \/><\/a><br \/>\nDe 22 a 26\/10\/2018 no Campus II.<\/p>\n<ul>\n<li><a href=\"https:\/\/wp.ufpel.edu.br\/congressoextensao\/anais-2018\/\">Anais 2018<\/a><\/li>\n<li><a href=\"https:\/\/wp.ufpel.edu.br\/congressoextensao\/category\/noticias\/2018\/\">Not\u00edcias<\/a><\/li>\n<\/ul>\n<hr \/>\n<h3>Comiss\u00e3o Cient\u00edfica V CEC<\/h3>\n<ul>\n<li>Francisca Ferreira Michelon \u2013 PRESIDENTE<\/li>\n<li>Andrea Lacerda Bachettini<\/li>\n<li>Elcio Alteris dos Santos<\/li>\n<li>Felipe Fehlberg Hermann<\/li>\n<li>Jo\u00e3o Fernando Igansi Nunes<\/li>\n<li>Silvana de F\u00e1tima Bojanoski<\/li>\n<\/ul>\n<h3>Comiss\u00e3o Organizadora V CEC<\/h3>\n<ul>\n<li>Ana Carolina Oliveira Nogueira<\/li>\n<li>Elias Lisboa dos Santos<\/li>\n<li>Jerri Teixeira Zanusso<\/li>\n<li>Mateus Schmeckel Mota<\/li>\n<li>Matheus Blaas Bastos<\/li>\n<li>N\u00e1dia N\u00e1jara Kr\u00fcger Alves<\/li>\n<li>Rog\u00e9ria Aparecida Cruz Guttier<\/li>\n<\/ul>\n<h3>Comiss\u00e3o Organizadora V CEC (acad\u00eamicos)<\/h3>\n<ul>\n<li>Adelino Silveira Soares Junior<\/li>\n<li>Amanda Severo Medeiros<\/li>\n<li>Andr\u00e9ia Skupien Bianchini<\/li>\n<li>B\u00e1rbara Moraes<\/li>\n<li>Betina Dummer Uczak<\/li>\n<li>Gabriel Moura Pereira<\/li>\n<li>Joice Vieira Soares<\/li>\n<li>Larissa de Carvalho Raulino<\/li>\n<li>Larissa Koch Strelow<\/li>\n<li>Larissa Xavier Rodrigues<\/li>\n<li>Let\u00edcia Rehbein Jeske<\/li>\n<li>Lisiane Gastal Pereira<\/li>\n<li>Luis Gustavo de Pinho Amaral<\/li>\n<li>Marlene dos Santos de Oliveira<\/li>\n<li>Nat\u00e1lia Marrone Marques<\/li>\n<li>Nicole Fernandes da Silva<\/li>\n<li>Rafael Nolasco<\/li>\n<li>Sarah Aguiar Mar\u00e7al<\/li>\n<\/ul>\n","protected":false},"excerpt":{"rendered":"<p>De 22 a 26\/10\/2018 no Campus II. Anais 2018 Not\u00edcias Comiss\u00e3o Cient\u00edfica V CEC Francisca Ferreira Michelon \u2013 PRESIDENTE Andrea Lacerda Bachettini Elcio Alteris dos Santos Felipe Fehlberg Hermann Jo\u00e3o Fernando Igansi Nunes Silvana de F\u00e1tima Bojanoski Comiss\u00e3o Organizadora V CEC Ana Carolina Oliveira Nogueira Elias Lisboa dos Santos Jerri Teixeira Zanusso Mateus Schmeckel Mota &hellip; <a href=\"https:\/\/wp.ufpel.edu.br\/congressoextensao\/edicoes-anteriores\/v-cec-2018\/\" class=\"more-link\">Continue lendo <span class=\"screen-reader-text\">V CEC (2018)<\/span> <span class=\"meta-nav\">&rarr;<\/span><\/a><\/p>\n","protected":false},"author":20,"featured_media":0,"parent":567,"menu_order":0,"comment_status":"closed","ping_status":"closed","template":"","meta":{"jetpack_post_was_ever_published":false,"footnotes":"","_links_to":"","_links_to_target":""},"class_list":["post-1109","page","type-page","status-publish","hentry"],"jetpack_sharing_enabled":true,"_links":{"self":[{"href":"https:\/\/wp.ufpel.edu.br\/congressoextensao\/wp-json\/wp\/v2\/pages\/1109","targetHints":{"allow":["GET"]}}],"collection":[{"href":"https:\/\/wp.ufpel.edu.br\/congressoextensao\/wp-json\/wp\/v2\/pages"}],"about":[{"href":"https:\/\/wp.ufpel.edu.br\/congressoextensao\/wp-json\/wp\/v2\/types\/page"}],"author":[{"embeddable":true,"href":"https:\/\/wp.ufpel.edu.br\/congressoextensao\/wp-json\/wp\/v2\/users\/20"}],"replies":[{"embeddable":true,"href":"https:\/\/wp.ufpel.edu.br\/congressoextensao\/wp-json\/wp\/v2\/comments?post=1109"}],"version-history":[{"count":3,"href":"https:\/\/wp.ufpel.edu.br\/congressoextensao\/wp-json\/wp\/v2\/pages\/1109\/revisions"}],"predecessor-version":[{"id":1114,"href":"https:\/\/wp.ufpel.edu.br\/congressoextensao\/wp-json\/wp\/v2\/pages\/1109\/revisions\/1114"}],"up":[{"embeddable":true,"href":"https:\/\/wp.ufpel.edu.br\/congressoextensao\/wp-json\/wp\/v2\/pages\/567"}],"wp:attachment":[{"href":"https:\/\/wp.ufpel.edu.br\/congressoextensao\/wp-json\/wp\/v2\/media?parent=1109"}],"curies":[{"name":"wp","href":"https:\/\/api.w.org\/{rel}","templated":true}]}}