{"id":24,"date":"2009-05-13T19:18:53","date_gmt":"2009-05-13T22:18:53","guid":{"rendered":"https:\/\/wp.ufpel.edu.br\/congressodefilosofia\/?page_id=24"},"modified":"2009-05-15T16:45:55","modified_gmt":"2009-05-15T19:45:55","slug":"publico-alvo","status":"publish","type":"page","link":"https:\/\/wp.ufpel.edu.br\/congressodefilosofia\/publico-alvo\/","title":{"rendered":"P\u00fablico Alvo"},"content":{"rendered":"<div><\/div>\n<p><span style=\"font-size: 11pt;font-family: &quot;Arial&quot;,&quot;sans-serif&amp;quot\"><\/p>\n<p class=\"MsoNormal\" style=\"margin: 0cm 0cm 0pt\">Professores e alunos de gradua\u00e7\u00e3o e p\u00f3s-gradua\u00e7\u00e3o em Filosofia e \u00e1reas afins, bem como interessados em geral.\u00a0<\/p>\n<p>\u00a0<\/p>\n<p><\/span><\/p>\n<p class=\"MsoNormal\" style=\"margin: 0cm 0cm 0pt\">\u00a0<\/p>\n","protected":false},"excerpt":{"rendered":"<p>Professores e alunos de gradua\u00e7\u00e3o e p\u00f3s-gradua\u00e7\u00e3o em Filosofia e \u00e1reas afins, bem como interessados em geral.\u00a0 \u00a0 \u00a0<\/p>\n","protected":false},"author":16,"featured_media":0,"parent":0,"menu_order":3,"comment_status":"closed","ping_status":"open","template":"","meta":{"footnotes":""},"class_list":["post-24","page","type-page","status-publish","hentry","nodate","item-wrap"],"_links":{"self":[{"href":"https:\/\/wp.ufpel.edu.br\/congressodefilosofia\/wp-json\/wp\/v2\/pages\/24","targetHints":{"allow":["GET"]}}],"collection":[{"href":"https:\/\/wp.ufpel.edu.br\/congressodefilosofia\/wp-json\/wp\/v2\/pages"}],"about":[{"href":"https:\/\/wp.ufpel.edu.br\/congressodefilosofia\/wp-json\/wp\/v2\/types\/page"}],"author":[{"embeddable":true,"href":"https:\/\/wp.ufpel.edu.br\/congressodefilosofia\/wp-json\/wp\/v2\/users\/16"}],"replies":[{"embeddable":true,"href":"https:\/\/wp.ufpel.edu.br\/congressodefilosofia\/wp-json\/wp\/v2\/comments?post=24"}],"version-history":[{"count":8,"href":"https:\/\/wp.ufpel.edu.br\/congressodefilosofia\/wp-json\/wp\/v2\/pages\/24\/revisions"}],"predecessor-version":[{"id":159,"href":"https:\/\/wp.ufpel.edu.br\/congressodefilosofia\/wp-json\/wp\/v2\/pages\/24\/revisions\/159"}],"wp:attachment":[{"href":"https:\/\/wp.ufpel.edu.br\/congressodefilosofia\/wp-json\/wp\/v2\/media?parent=24"}],"curies":[{"name":"wp","href":"https:\/\/api.w.org\/{rel}","templated":true}]}}