{"id":21,"date":"2009-05-13T19:15:11","date_gmt":"2009-05-13T22:15:11","guid":{"rendered":"https:\/\/wp.ufpel.edu.br\/congressodefilosofia\/?page_id=21"},"modified":"2009-11-04T17:22:53","modified_gmt":"2009-11-04T20:22:53","slug":"comissao-organizadora","status":"publish","type":"page","link":"https:\/\/wp.ufpel.edu.br\/congressodefilosofia\/comissao-organizadora\/","title":{"rendered":"Comiss\u00e3o Organizadora\/Cient\u00edfica"},"content":{"rendered":"<p><span style=\"text-decoration: underline\">Comiss\u00e3o Organizadora<\/span><\/p>\n<p>Prof. Dr. Denis Coitinho Silveira &#8211; UFPel (Coordenador)<\/p>\n<p>Prof. Dr. Carlos Ferraz &#8211; UFPel<\/p>\n<p>Prof. Dr. Cl\u00e1udio Leivas &#8211; UFPel<\/p>\n<p>Prof. Dr. Eduardo\u00a0Filho &#8211; UFPel<\/p>\n<p>Prof. Dr. Jo\u00e3o Hobuss &#8211; UFPel<\/p>\n<p>Prof. Dr. Robinson dos Santos &#8211; UFPel<\/p>\n<p><span style=\"text-decoration: underline\">Comiss\u00e3o Cient\u00edfica<\/span><\/p>\n<p>Prof. Dr. Clademir Araldi &#8211; UFPel<\/p>\n<p>Prof. Dr. Jovino Pizzi &#8211; UCPel<\/p>\n<p>Prof. Dr. Manoel Vasconcellos &#8211; UFPel<\/p>\n<p>Prof. Dr. S\u00e9rgio Strefling &#8211; UFPel<\/p>\n<p>Profa. Dra. Sonia Schio &#8211; UFPel<\/p>\n","protected":false},"excerpt":{"rendered":"<p>Comiss\u00e3o Organizadora Prof. Dr. Denis Coitinho Silveira &#8211; UFPel (Coordenador) Prof. Dr. Carlos Ferraz &#8211; UFPel Prof. Dr. Cl\u00e1udio Leivas &#8211; UFPel Prof. Dr. Eduardo\u00a0Filho &#8211; UFPel Prof. Dr. Jo\u00e3o Hobuss &#8211; UFPel Prof. Dr. Robinson dos Santos &#8211; UFPel Comiss\u00e3o Cient\u00edfica Prof. Dr. Clademir Araldi &#8211; UFPel Prof. Dr. Jovino Pizzi &#8211; UCPel Prof. &hellip; <\/p>\n<p><a class=\"more-link btn\" href=\"https:\/\/wp.ufpel.edu.br\/congressodefilosofia\/comissao-organizadora\/\">Continue lendo<\/a><\/p>\n","protected":false},"author":16,"featured_media":0,"parent":0,"menu_order":2,"comment_status":"closed","ping_status":"open","template":"","meta":{"footnotes":""},"class_list":["post-21","page","type-page","status-publish","hentry","nodate","item-wrap"],"_links":{"self":[{"href":"https:\/\/wp.ufpel.edu.br\/congressodefilosofia\/wp-json\/wp\/v2\/pages\/21","targetHints":{"allow":["GET"]}}],"collection":[{"href":"https:\/\/wp.ufpel.edu.br\/congressodefilosofia\/wp-json\/wp\/v2\/pages"}],"about":[{"href":"https:\/\/wp.ufpel.edu.br\/congressodefilosofia\/wp-json\/wp\/v2\/types\/page"}],"author":[{"embeddable":true,"href":"https:\/\/wp.ufpel.edu.br\/congressodefilosofia\/wp-json\/wp\/v2\/users\/16"}],"replies":[{"embeddable":true,"href":"https:\/\/wp.ufpel.edu.br\/congressodefilosofia\/wp-json\/wp\/v2\/comments?post=21"}],"version-history":[{"count":11,"href":"https:\/\/wp.ufpel.edu.br\/congressodefilosofia\/wp-json\/wp\/v2\/pages\/21\/revisions"}],"predecessor-version":[{"id":157,"href":"https:\/\/wp.ufpel.edu.br\/congressodefilosofia\/wp-json\/wp\/v2\/pages\/21\/revisions\/157"}],"wp:attachment":[{"href":"https:\/\/wp.ufpel.edu.br\/congressodefilosofia\/wp-json\/wp\/v2\/media?parent=21"}],"curies":[{"name":"wp","href":"https:\/\/api.w.org\/{rel}","templated":true}]}}