{"id":468,"date":"2024-04-21T08:29:21","date_gmt":"2024-04-21T11:29:21","guid":{"rendered":"https:\/\/wp.ufpel.edu.br\/confins\/?page_id=468"},"modified":"2024-04-21T08:47:44","modified_gmt":"2024-04-21T11:47:44","slug":"outros-encontros","status":"publish","type":"page","link":"https:\/\/wp.ufpel.edu.br\/confins\/outros-encontros\/","title":{"rendered":"outros encontros"},"content":{"rendered":"<p>Paralelamente ao projeto acontecem as seguintes a\u00e7\u00f5es:<\/p>\n<ol>\n<li>Experi\u00eancias em caminhografia na cidade de Bragan\u00e7a\/Portugal, organizadas pela Profa. Duda Gon\u00e7alves\u00a0 (conclu\u00edda).<\/li>\n<li>Experi\u00eancias em caminhografia nas cidades de Edimburgo, Glasgow e <span style=\"font-weight: 400;\">Linlithgow<\/span>\/Escocia-UK, organizadas pelo Prof. Eduardo Rocha (em andamento). Financiamento: CAPESPRINT\/UFPel.<\/li>\n<li>Experi\u00eancias em caminhografia nas cidades de Londres, <span style=\"font-weight: 400;\">Brighton<\/span> e Windsor\/Inglaterra-UK, organizadas pelo Prof. Eduardo Rocha (em andamento). Financiamento: CAPESPRINT\/UFPel.<\/li>\n<\/ol>\n","protected":false},"excerpt":{"rendered":"<p>Paralelamente ao projeto acontecem as seguintes a\u00e7\u00f5es: Experi\u00eancias em caminhografia na cidade de Bragan\u00e7a\/Portugal, organizadas pela Profa. Duda Gon\u00e7alves\u00a0 (conclu\u00edda). Experi\u00eancias em caminhografia nas cidades de Edimburgo, Glasgow e Linlithgow\/Escocia-UK, organizadas pelo Prof. Eduardo Rocha (em andamento). Financiamento: CAPESPRINT\/UFPel. Experi\u00eancias em caminhografia nas cidades de Londres, Brighton e Windsor\/Inglaterra-UK, organizadas pelo Prof. Eduardo Rocha (em &hellip; <\/p>\n<p class=\"link-more\"><a href=\"https:\/\/wp.ufpel.edu.br\/confins\/outros-encontros\/\" class=\"more-link\">Continue lendo<span class=\"screen-reader-text\"> &#8220;outros encontros&#8221;<\/span><\/a><\/p>\n","protected":false},"author":716,"featured_media":0,"parent":0,"menu_order":0,"comment_status":"closed","ping_status":"closed","template":"","meta":{"footnotes":""},"class_list":["post-468","page","type-page","status-publish","hentry"],"_links":{"self":[{"href":"https:\/\/wp.ufpel.edu.br\/confins\/wp-json\/wp\/v2\/pages\/468","targetHints":{"allow":["GET"]}}],"collection":[{"href":"https:\/\/wp.ufpel.edu.br\/confins\/wp-json\/wp\/v2\/pages"}],"about":[{"href":"https:\/\/wp.ufpel.edu.br\/confins\/wp-json\/wp\/v2\/types\/page"}],"author":[{"embeddable":true,"href":"https:\/\/wp.ufpel.edu.br\/confins\/wp-json\/wp\/v2\/users\/716"}],"replies":[{"embeddable":true,"href":"https:\/\/wp.ufpel.edu.br\/confins\/wp-json\/wp\/v2\/comments?post=468"}],"version-history":[{"count":6,"href":"https:\/\/wp.ufpel.edu.br\/confins\/wp-json\/wp\/v2\/pages\/468\/revisions"}],"predecessor-version":[{"id":491,"href":"https:\/\/wp.ufpel.edu.br\/confins\/wp-json\/wp\/v2\/pages\/468\/revisions\/491"}],"wp:attachment":[{"href":"https:\/\/wp.ufpel.edu.br\/confins\/wp-json\/wp\/v2\/media?parent=468"}],"curies":[{"name":"wp","href":"https:\/\/api.w.org\/{rel}","templated":true}]}}